{"id":16,"date":"2019-05-30T10:48:46","date_gmt":"2019-05-30T10:48:46","guid":{"rendered":"https:\/\/wp.rhythms-of-resistance.org\/?page_id=16"},"modified":"2020-05-14T19:22:12","modified_gmt":"2020-05-14T19:22:12","slug":"dances","status":"publish","type":"page","link":"https:\/\/www.rhythms-of-resistance.org\/cs\/tunes-dances\/dances\/","title":{"rendered":"Dances"},"content":{"rendered":"<p class=\"qtranxs-available-languages-message qtranxs-available-languages-message-cs\">Omlouv\u00e1me se, tato polo\u017eka je k dispozici pouze v <a href=\"https:\/\/www.rhythms-of-resistance.org\/en\/wp-json\/wp\/v2\/pages\/16\" class=\"qtranxs-available-language-link qtranxs-available-language-link-en\" title=\"English\">English<\/a>, <a href=\"https:\/\/www.rhythms-of-resistance.org\/fr\/wp-json\/wp\/v2\/pages\/16\" class=\"qtranxs-available-language-link qtranxs-available-language-link-fr\" title=\"Fran\u00e7ais\">Fran\u00e7ais<\/a> a <a href=\"https:\/\/www.rhythms-of-resistance.org\/ar\/wp-json\/wp\/v2\/pages\/16\" class=\"qtranxs-available-language-link qtranxs-available-language-link-ar\" title=\"\u0627\u0644\u0639\u0631\u0628\u064a\u0629\">\u0627\u0644\u0639\u0631\u0628\u064a\u0629<\/a>.<\/p><p>Radical dancing has been a tool of tactical frivolity that has been connected with action samba for a long time (Nevertheless, it can be performed together with any kind of music).<\/p>\n<p>The RoR network has some notation on common dances, which can be downloaded on the bottom of the page. To help you pratice, a video has been recorded of every dance.<\/p>\n<p>When practicing, it\u2019s not imporant to perform the moves as they are described but to agree on something common wthin the group. Synchronisation pushes the performance to a new level &#8211; you will notice it!<\/p>\n<p><a href=\"https:\/\/github.com\/rhythms-of-resistance\/sheetbook\/blob\/master\/generated\/single\/dances.pdf\">All the dances as PDF<\/a><\/p>\n<h2>Dance 1<\/h2>\n\n<!-- iframe plugin v.6.0 wordpress.org\/plugins\/iframe\/ -->\n<iframe loading=\"lazy\" src=\"https:\/\/tube.rhythms-of-resistance.org\/videos\/embed\/34ed427f-3832-430f-bbae-e08d2971c7ef\" width=\"100%\" height=\"500\" scrolling=\"yes\" class=\"iframe-class\" frameborder=\"0\"><\/iframe>\n\n<h2>Dance 2<\/h2>\n\n<!-- iframe plugin v.6.0 wordpress.org\/plugins\/iframe\/ -->\n<iframe loading=\"lazy\" src=\"https:\/\/tube.rhythms-of-resistance.org\/videos\/embed\/a4a0c8ff-db97-43c9-8b53-cbfde1002a35\" width=\"100%\" height=\"500\" scrolling=\"yes\" class=\"iframe-class\" frameborder=\"0\"><\/iframe>\n\n<h2>Dance 3<\/h2>\n\n<!-- iframe plugin v.6.0 wordpress.org\/plugins\/iframe\/ -->\n<iframe loading=\"lazy\" src=\"https:\/\/tube.rhythms-of-resistance.org\/videos\/embed\/2c54dfc8-0f87-465d-b023-1b350b66c7fe\" width=\"100%\" height=\"500\" scrolling=\"yes\" class=\"iframe-class\" frameborder=\"0\"><\/iframe>\n\n<h2>Dance 4<\/h2>\n\n<!-- iframe plugin v.6.0 wordpress.org\/plugins\/iframe\/ -->\n<iframe loading=\"lazy\" src=\"https:\/\/tube.rhythms-of-resistance.org\/videos\/embed\/a039114d-5623-4282-a8d6-36c7192d17f8\" width=\"100%\" height=\"500\" scrolling=\"yes\" class=\"iframe-class\" frameborder=\"0\"><\/iframe>\n\n<h2>Dance 5<\/h2>\n\n<!-- iframe plugin v.6.0 wordpress.org\/plugins\/iframe\/ -->\n<iframe loading=\"lazy\" src=\"https:\/\/tube.rhythms-of-resistance.org\/videos\/embed\/c6601236-675f-4833-9dc0-b1d42890311f\" width=\"100%\" height=\"500\" scrolling=\"yes\" class=\"iframe-class\" frameborder=\"0\"><\/iframe>\n\n<h2>Dance 6<\/h2>\n<p>\n<!-- iframe plugin v.6.0 wordpress.org\/plugins\/iframe\/ -->\n<iframe loading=\"lazy\" src=\"https:\/\/tube.rhythms-of-resistance.org\/videos\/embed\/4a46d078-dc2a-4a5e-b296-9b8017e80fbe\" width=\"100%\" height=\"500\" scrolling=\"yes\" class=\"iframe-class\" frameborder=\"0\"><\/iframe>\n<\/p>","protected":false},"excerpt":{"rendered":"<p>Omlouv\u00e1me se, tato polo\u017eka je k dispozici pouze v English, Fran\u00e7ais a \u0627\u0644\u0639\u0631\u0628\u064a\u0629.Radical dancing has been a tool of tactical frivolity that has been connected with action samba for a long time (Nevertheless, it can be performed together with any kind of music). The RoR network has some notation on common dances, which can be &hellip; <a href=\"https:\/\/www.rhythms-of-resistance.org\/cs\/tunes-dances\/dances\/\" class=\"more-link\">Pokra\u010dovat ve \u010dten\u00ed<span class=\"screen-reader-text\"> &#8222;Dances&#8220;<\/span><\/a><\/p>\n","protected":false},"author":1,"featured_media":0,"parent":10,"menu_order":0,"comment_status":"closed","ping_status":"closed","template":"","meta":{"footnotes":""},"class_list":["post-16","page","type-page","status-publish","hentry"],"_links":{"self":[{"href":"https:\/\/www.rhythms-of-resistance.org\/cs\/wp-json\/wp\/v2\/pages\/16"}],"collection":[{"href":"https:\/\/www.rhythms-of-resistance.org\/cs\/wp-json\/wp\/v2\/pages"}],"about":[{"href":"https:\/\/www.rhythms-of-resistance.org\/cs\/wp-json\/wp\/v2\/types\/page"}],"author":[{"embeddable":true,"href":"https:\/\/www.rhythms-of-resistance.org\/cs\/wp-json\/wp\/v2\/users\/1"}],"replies":[{"embeddable":true,"href":"https:\/\/www.rhythms-of-resistance.org\/cs\/wp-json\/wp\/v2\/comments?post=16"}],"version-history":[{"count":8,"href":"https:\/\/www.rhythms-of-resistance.org\/cs\/wp-json\/wp\/v2\/pages\/16\/revisions"}],"predecessor-version":[{"id":663,"href":"https:\/\/www.rhythms-of-resistance.org\/cs\/wp-json\/wp\/v2\/pages\/16\/revisions\/663"}],"up":[{"embeddable":true,"href":"https:\/\/www.rhythms-of-resistance.org\/cs\/wp-json\/wp\/v2\/pages\/10"}],"wp:attachment":[{"href":"https:\/\/www.rhythms-of-resistance.org\/cs\/wp-json\/wp\/v2\/media?parent=16"}],"curies":[{"name":"wp","href":"https:\/\/api.w.org\/{rel}","templated":true}]}}