{"id":226,"date":"2019-05-30T21:28:11","date_gmt":"2019-05-30T21:28:11","guid":{"rendered":"https:\/\/wp.rhythms-of-resistance.org\/?page_id=226"},"modified":"2025-04-09T12:16:13","modified_gmt":"2025-04-09T12:16:13","slug":"tunes","status":"publish","type":"page","link":"https:\/\/www.rhythms-of-resistance.org\/cs\/tunes-dances\/tunes\/","title":{"rendered":"Tunes"},"content":{"rendered":"<p class=\"qtranxs-available-languages-message qtranxs-available-languages-message-cs\">Omlouv\u00e1me se, tato polo\u017eka je k dispozici pouze v <a href=\"https:\/\/www.rhythms-of-resistance.org\/en\/wp-json\/wp\/v2\/pages\/226\" class=\"qtranxs-available-language-link qtranxs-available-language-link-en\" title=\"English\">English<\/a>, <a href=\"https:\/\/www.rhythms-of-resistance.org\/de\/wp-json\/wp\/v2\/pages\/226\" class=\"qtranxs-available-language-link qtranxs-available-language-link-de\" title=\"Deutsch\">Deutsch<\/a>, <a href=\"https:\/\/www.rhythms-of-resistance.org\/fr\/wp-json\/wp\/v2\/pages\/226\" class=\"qtranxs-available-language-link qtranxs-available-language-link-fr\" title=\"Fran\u00e7ais\">Fran\u00e7ais<\/a> a <a href=\"https:\/\/www.rhythms-of-resistance.org\/ar\/wp-json\/wp\/v2\/pages\/226\" class=\"qtranxs-available-language-link qtranxs-available-language-link-ar\" title=\"\u0627\u0644\u0639\u0631\u0628\u064a\u0629\">\u0627\u0644\u0639\u0631\u0628\u064a\u0629<\/a>.<\/p><p>Rhythms of Resistance originally started as a Samba band. Although nowadays many of rhythms that we play have all kinds of different musical backgrounds, our selection of <a href=\"https:\/\/www.rhythms-of-resistance.org\/about-us\/instruments\/\">instruments<\/a> and some of our rhythms still closely resemble Samba. Samba originated in Brazil, and comes from a Brazilian interpretation of traditional African rhythms. It is commonly known as the traditional sound of Brazilian carnival because it was through carnival that samba emerged (see <a class=\"spip_in\" href=\"https:\/\/www.rhythms-of-resistance.org\/about-us\/who-we-are-and-what-we-do\/\" hreflang=\"en\">History<\/a>). A samba band or \u201cbateria\u201d is made up of many drummers playing different rhythms on assorted instruments which blend together to form the tune.<\/p>\n<p>The music is led by the mestre by using hand signals and a whistle. How this is done can be read in the <a class=\"spip_out\" href=\"https:\/\/www.rhythms-of-resistance.org\/tunes-dances\/signs\/\" rel=\"external\" hreflang=\"en\">signs section<\/a>.<\/p>\n<p>Tunes are constitued of a <em>groove<\/em>, and of some <em>breaks<\/em>. The groove is the basic part of the tune. It is repeated over and over until a break is shown by the mestre and counted in. After having played the break, the bateria goes into the groove again.<\/p>\n<p>For being able to play together and to team up to form a really big loud bateria at big demos, the bands in the RoR Network are playing the same tunes and using the same hand signals.<\/p>\n<p>All the tunes we\u2019ve listed include\u00a0<strong>notations of the rhythms, notes on the tunes<\/strong>\u00a0(e.g. whether some breaks are played in a loop),\u00a0<strong>descriptions of non-standard signs for breaks and suggestions about stuff to try <\/strong>(you don\u2019t have to follow these suggestions \u2013 go with what works for you). All the tunes are available in printer friendly format. We\u2019re also trying to provide sound files of each of the songs and their components, so that hopefully you get an idea of what they sound like.<\/p>\n<p>Don\u2019t feel though that you have to learn them all.\u00a0<strong>Start with a couple of easier ones such as Voodoo to begin with<\/strong>. The tunes themselves are easy to learn.<\/p>\n<p>Last thing: <strong>don\u2019t forget hearing protection!!!<\/strong> Wear ear protection at all times when you\u2019re playing. It feels weird at first, and you have to rely on hand signals a lot more, but you\u2019ll get used to it after a while. Better that than permanently damaging your hearing. You can get foam ones pretty cheaply from builders\u2019 merchants, motor bike shops etc, but until then cotton wool balls or clean toilet paper works. DO NOT WAIT until your ears are ringing \u2013 by that time it\u2019s way too late!<\/p>\n<p>You can listen to all the tunes in the\u00a0<a class=\"spip_out\" href=\"https:\/\/player.rhythms-of-resistance.org\/\" rel=\"external\">RoR Player<\/a>. Have a look at how we are playing and using the hand signals in the <a href=\"https:\/\/tube.rhythms-of-resistance.org\/\">RoR Tube<\/a>.<\/p>\n<p>You can download printable <a href=\"https:\/\/raw.githubusercontent.com\/rhythms-of-resistance\/sheetbook\/master\/generated\/tunesheet-a4-no-ca.pdf\">A4<\/a>, <a href=\"https:\/\/raw.githubusercontent.com\/rhythms-of-resistance\/sheetbook\/master\/generated\/tunesheet-a4-no-ca.pdf\">A5<\/a> and <a href=\"https:\/\/raw.githubusercontent.com\/rhythms-of-resistance\/sheetbook\/master\/generated\/tunesheet-a6-no-ca.pdf\">A6<\/a> PDF booklets with the tunes and dances <a href=\"https:\/\/www.rhythms-of-resistance.org\/l\/tunesheets\">on GitHub<\/a>. You can also use the <a href=\"https:\/\/sheets.rhythms-of-resistance.org\/\">RoR Sheetbook Generator<\/a> to generate a booklet with a custom selection of tunes.<\/p>","protected":false},"excerpt":{"rendered":"<p>Omlouv\u00e1me se, tato polo\u017eka je k dispozici pouze v English, Deutsch, Fran\u00e7ais a \u0627\u0644\u0639\u0631\u0628\u064a\u0629.Rhythms of Resistance originally started as a Samba band. Although nowadays many of rhythms that we play have all kinds of different musical backgrounds, our selection of instruments and some of our rhythms still closely resemble Samba. Samba originated in Brazil, and &hellip; <a href=\"https:\/\/www.rhythms-of-resistance.org\/cs\/tunes-dances\/tunes\/\" class=\"more-link\">Pokra\u010dovat ve \u010dten\u00ed<span class=\"screen-reader-text\"> &#8222;Tunes&#8220;<\/span><\/a><\/p>\n","protected":false},"author":1,"featured_media":0,"parent":10,"menu_order":0,"comment_status":"closed","ping_status":"closed","template":"","meta":{"footnotes":""},"class_list":["post-226","page","type-page","status-publish","hentry"],"_links":{"self":[{"href":"https:\/\/www.rhythms-of-resistance.org\/cs\/wp-json\/wp\/v2\/pages\/226"}],"collection":[{"href":"https:\/\/www.rhythms-of-resistance.org\/cs\/wp-json\/wp\/v2\/pages"}],"about":[{"href":"https:\/\/www.rhythms-of-resistance.org\/cs\/wp-json\/wp\/v2\/types\/page"}],"author":[{"embeddable":true,"href":"https:\/\/www.rhythms-of-resistance.org\/cs\/wp-json\/wp\/v2\/users\/1"}],"replies":[{"embeddable":true,"href":"https:\/\/www.rhythms-of-resistance.org\/cs\/wp-json\/wp\/v2\/comments?post=226"}],"version-history":[{"count":17,"href":"https:\/\/www.rhythms-of-resistance.org\/cs\/wp-json\/wp\/v2\/pages\/226\/revisions"}],"predecessor-version":[{"id":1035,"href":"https:\/\/www.rhythms-of-resistance.org\/cs\/wp-json\/wp\/v2\/pages\/226\/revisions\/1035"}],"up":[{"embeddable":true,"href":"https:\/\/www.rhythms-of-resistance.org\/cs\/wp-json\/wp\/v2\/pages\/10"}],"wp:attachment":[{"href":"https:\/\/www.rhythms-of-resistance.org\/cs\/wp-json\/wp\/v2\/media?parent=226"}],"curies":[{"name":"wp","href":"https:\/\/api.w.org\/{rel}","templated":true}]}}