{"id":36,"date":"2019-05-30T10:53:30","date_gmt":"2019-05-30T10:53:30","guid":{"rendered":"https:\/\/wp.rhythms-of-resistance.org\/?page_id=36"},"modified":"2021-10-31T15:20:54","modified_gmt":"2021-10-31T15:20:54","slug":"decision-making","status":"publish","type":"page","link":"https:\/\/www.rhythms-of-resistance.org\/cs\/diy\/decision-making\/","title":{"rendered":"Decision Making"},"content":{"rendered":"<p class=\"qtranxs-available-languages-message qtranxs-available-languages-message-cs\">Omlouv\u00e1me se, tato polo\u017eka je k dispozici pouze v <a href=\"https:\/\/www.rhythms-of-resistance.org\/en\/wp-json\/wp\/v2\/pages\/36\" class=\"qtranxs-available-language-link qtranxs-available-language-link-en\" title=\"English\">English<\/a>, <a href=\"https:\/\/www.rhythms-of-resistance.org\/ar\/wp-json\/wp\/v2\/pages\/36\" class=\"qtranxs-available-language-link qtranxs-available-language-link-ar\" title=\"\u0627\u0644\u0639\u0631\u0628\u064a\u0629\">\u0627\u0644\u0639\u0631\u0628\u064a\u0629<\/a> a <a href=\"https:\/\/www.rhythms-of-resistance.org\/pl\/wp-json\/wp\/v2\/pages\/36\" class=\"qtranxs-available-language-link qtranxs-available-language-link-pl\" title=\"Polski\">Polski<\/a>.<\/p><p><\/p>\n<div id=\"ez-toc-container\" class=\"ez-toc-v2_0_82_2 counter-hierarchy ez-toc-counter ez-toc-grey ez-toc-container-direction\">\n<div class=\"ez-toc-title-container\"><p class=\"ez-toc-title\" style=\"cursor:inherit\">Table of Contents<\/p>\n<\/div><nav><ul class='ez-toc-list ez-toc-list-level-1 ' ><li class='ez-toc-page-1 ez-toc-heading-level-2'><a class=\"ez-toc-link ez-toc-heading-1\" href=\"https:\/\/www.rhythms-of-resistance.org\/cs\/diy\/decision-making\/#Horizontal_structures_and_direct_democracy_through_consensus\" >Horizontal structures and direct democracy through consensus<\/a><\/li><li class='ez-toc-page-1 ez-toc-heading-level-2'><a class=\"ez-toc-link ez-toc-heading-2\" href=\"https:\/\/www.rhythms-of-resistance.org\/cs\/diy\/decision-making\/#Some_Ideas\" >Some Ideas<\/a><\/li><li class='ez-toc-page-1 ez-toc-heading-level-2'><a class=\"ez-toc-link ez-toc-heading-3\" href=\"https:\/\/www.rhythms-of-resistance.org\/cs\/diy\/decision-making\/#Facilitation\" >Facilitation<\/a><\/li><\/ul><\/nav><\/div>\n<h2 class=\"spip\"><span class=\"ez-toc-section\" id=\"Horizontal_structures_and_direct_democracy_through_consensus\"><\/span>Horizontal structures and direct democracy through consensus<span class=\"ez-toc-section-end\"><\/span><\/h2>\n<p>In our daily lives we all are to some extent controlled by others, who don\u2019t understand or care about our desires and needs. At the same time all of us exert power over others in varying degrees. Working on horizontal structures is an attempt to break out of this system of control. What we need is finding ways of relating to each other abolishing hierarchy and leaders. It\u2019s about developing a different understanding of power namely people working with each other rather than seeking control and command.<\/p>\n<blockquote class=\"spip\"><p>\u201cWe all know that happiness comes from control over our own lives, not other people\u2019s lives.\u201d<\/p><\/blockquote>\n<p><small>CrimethInc.2000,42<\/small><\/p>\n<p>The alternatives to the current system are already here, growing in the gaps between the cobblestones of state authority and corporate control.<\/p>\n<p>Direct democracy is the idea that people should have control over their lives, that power should be shared by all rather than concentrated in the hands of a few. Direct democratic systems aim to find ways of balancing individual needs and desires with the need for cooperation.<\/p>\n<p>As many other grassroots groups, Rhythms of Resistance bands make decisions using direct democracy through consensus. There are no formal hierarchies within the groups (e.g. presidents, representatives, privileges, fixed maestr@s\u2026) and we aim to share the responsibilities within the group as a whole. When this is not possible we try to make sure that the responsibility rotates amongst the band members and that the skills that it requires are shared in equal conditions. Still informal hierarchies arise within our bands. Thus we periodically deal with them consciously by monitoring and reflecting our collective processes (e.g. using tools like facilitation during our assemblies, self-reflection sessions, skill sharing workshops, positive discrimination techniques, or other methods that help raise awareness\u2026).<\/p>\n<p>One very important tool to equalize power and take everybody\u2019s concerns into account is taking decisions by means of consensus. Consensus decision making is a commitment to find solutions that are acceptable to all. Instead of voting for an item, consensus is about finding common ground with decisions reached in a dialogue between equals, who take each other seriously and who recognize each other\u2019s equal rights and needs. No decision is made against the expressed will of an individual or a minority. Instead the group endeavors to adapt to all its members\u2019 needs.<\/p>\n<p>In consensus, every person has the power to make changes in the system, and to prevent changes that they find unacceptable. Everybody\u2019s right to veto a decision means that minorities cannot just be ignored, but that creative solutions which deal with their concerns have to be found. Consensus is more than just compromise, it means respectful dialogue between equals.<\/p>\n<h2 class=\"spip\"><span class=\"ez-toc-section\" id=\"Some_Ideas\"><\/span>Some Ideas<span class=\"ez-toc-section-end\"><\/span><\/h2>\n<p>Taking a decision can be an organic process. Still it is helpful to have some guidelines for that. If we want to decide something in plenaries or smaller groups, we usually try to reach a consensus more or less that way:<\/p>\n<p>To get a comprehensive overview of the issue at hand, we first gather information about it and clarify the key questions. After that we discuss it for a while, i.e. share thoughts, opinions and concerns; explore initial ideas and their pros and cons- During the discussion we already use hand signs to show our support or rejection of ideas in order to make everyone aware of each other\u2019s mood and evaluation of those notions and positions. Hand signs allow for nonverbal and immediate expression of one\u2019s feelings towards an issue. They are a helpful tool to also enable group members who don\u2019t dare speaking up verbally, to still express their feelings. At the same time they don\u2019t hinder the discussion and are helpful to ensure that discussions don\u2019t get too emotional.<\/p>\n<p>Only after this discussion we start to make specific and practical proposals, i.e. explain our suggestions of how to solve the problem, how to deal with the issue, how to continue, what to do next, and so on. Those proposals should address people\u2019s key concerns. People now get a chance to voice remaining concerns. Amendments may make the proposal more acceptable. Finally we check whether there is an agreement or not, this includes<\/p>\n<ul class=\"spip\">\n<li>Asking for\u00a0<strong>blocks<\/strong>\u00a0(=fundamental disagreement with the core of the proposal, not being able to live with the proposal). If there are blocks, we need a new proposal (Blocks should be handled with care. Usually blocks are rare, since the concerns should be dealt with beforehand during the discussion phase)<\/li>\n<li>Asking for\u00a0<strong>stand asides<\/strong>\u00a0(=minor objections, being unable to support the proposal, but unwilling to stop the group \u2192 \u201cleaving\u201d the decision)<\/li>\n<li>Asking for\u00a0<strong>reservations<\/strong>\u00a0(= having some reservations that the others should acknowledge, but being willing to still decide for the proposal).<\/li>\n<li>Asking for\u00a0<strong>agreement<\/strong>\u00a0(=supporting the proposal and being willing to conduct it)<\/li>\n<\/ul>\n<p>If there are strong disagreements we try to find a better solution. If there is a veto (i.e. block) against what was proposed, we need to find a solution that everyone can live with. Sometimes this means trying to gather more information about the issue, discuss it more thoroughly, exchange more thoughts on it, and be creative. If we reached an agreement, we implement the decision by specifying who is gonna do what exactly, when and how.<\/p>\n<h2><span class=\"ez-toc-section\" id=\"Facilitation\"><\/span>Facilitation<span class=\"ez-toc-section-end\"><\/span><\/h2>\n<p>A useful tool for decision making through consensus is facilitation. In smaller groups the facilitator\u2019s role may be shared by everyone or rotated informally. In bigger groups or as soon as one person feels the need of a clearly designated facilitator, the whole group is to find one (the person who feels the need of a facilitator should not be urged to take that job). In any case everyone, not only the facilitator, should feel responsible for the process! We try to use facilitation to help each member of the group express hir feelings and concerns. Facilitation includes:<\/p>\n<ul class=\"spip\">\n<li>Creating the agenda of the meeting together with the group.<\/li>\n<li>Keeping the meeting focused on one issue at a time.<\/li>\n<li>Making sure everyone can be involved in the discussion (taking hands, encouraging quiet people to say something if they like, limiting over-talking).<\/li>\n<li>Summarizing (also agreements and issues that need to be further discussed).<\/li>\n<li>Testing for agreements.<\/li>\n<li>Watching the vibes (=emotional atmosphere). If needed addressing them.<\/li>\n<\/ul>\n<p><\/p>","protected":false},"excerpt":{"rendered":"<p>Omlouv\u00e1me se, tato polo\u017eka je k dispozici pouze v English, \u0627\u0644\u0639\u0631\u0628\u064a\u0629 a Polski. Horizontal structures and direct democracy through consensus In our daily lives we all are to some extent controlled by others, who don\u2019t understand or care about our desires and needs. At the same time all of us exert power over others in &hellip; <a href=\"https:\/\/www.rhythms-of-resistance.org\/cs\/diy\/decision-making\/\" class=\"more-link\">Pokra\u010dovat ve \u010dten\u00ed<span class=\"screen-reader-text\"> &#8222;Decision Making&#8220;<\/span><\/a><\/p>\n","protected":false},"author":1,"featured_media":0,"parent":30,"menu_order":0,"comment_status":"closed","ping_status":"closed","template":"","meta":{"footnotes":""},"class_list":["post-36","page","type-page","status-publish","hentry"],"_links":{"self":[{"href":"https:\/\/www.rhythms-of-resistance.org\/cs\/wp-json\/wp\/v2\/pages\/36"}],"collection":[{"href":"https:\/\/www.rhythms-of-resistance.org\/cs\/wp-json\/wp\/v2\/pages"}],"about":[{"href":"https:\/\/www.rhythms-of-resistance.org\/cs\/wp-json\/wp\/v2\/types\/page"}],"author":[{"embeddable":true,"href":"https:\/\/www.rhythms-of-resistance.org\/cs\/wp-json\/wp\/v2\/users\/1"}],"replies":[{"embeddable":true,"href":"https:\/\/www.rhythms-of-resistance.org\/cs\/wp-json\/wp\/v2\/comments?post=36"}],"version-history":[{"count":10,"href":"https:\/\/www.rhythms-of-resistance.org\/cs\/wp-json\/wp\/v2\/pages\/36\/revisions"}],"predecessor-version":[{"id":861,"href":"https:\/\/www.rhythms-of-resistance.org\/cs\/wp-json\/wp\/v2\/pages\/36\/revisions\/861"}],"up":[{"embeddable":true,"href":"https:\/\/www.rhythms-of-resistance.org\/cs\/wp-json\/wp\/v2\/pages\/30"}],"wp:attachment":[{"href":"https:\/\/www.rhythms-of-resistance.org\/cs\/wp-json\/wp\/v2\/media?parent=36"}],"curies":[{"name":"wp","href":"https:\/\/api.w.org\/{rel}","templated":true}]}}