{"id":226,"date":"2019-05-30T21:28:11","date_gmt":"2019-05-30T21:28:11","guid":{"rendered":"https:\/\/wp.rhythms-of-resistance.org\/?page_id=226"},"modified":"2025-04-09T12:16:13","modified_gmt":"2025-04-09T12:16:13","slug":"tunes","status":"publish","type":"page","link":"https:\/\/www.rhythms-of-resistance.org\/de\/tunes-dances\/tunes\/","title":{"rendered":"Tunes"},"content":{"rendered":"<p>Am Anfang war Rhythms of Resistance eine Samba-Band. Obwohl viele der Rhythmen, die wir heute spielen, alle m\u00f6glichen diversen musikalischen Urspr\u00fcnge haben, haben die Auswahl unserer <a href=\"https:\/\/www.rhythms-of-resistance.org\/about-us\/instruments\/\">Instrumente<\/a> und einige unserer Rhythmen immer noch starken Bezug zu Samba. Samba stammt aus Brasilien und entspringt einer brasilianischen Interpretation traditioneller afrikanischer Rhythmen. Er ist gemeinhin als der traditionelle Klang des brasilianischen Karnevals bekannt, weil Samba durch den Karneval gro\u00dfe Bekanntheit erlangte (siehe <a class=\"spip_in\" href=\"https:\/\/www.rhythms-of-resistance.org\/about-us\/who-we-are-and-what-we-do\/\" hreflang=\"en\">Geschichte<\/a>). Eine Samba-Band oder \u201cbateria\u201d besteht aus vielen Trommler*innen, die auf ausgew\u00e4hlten Instrumenten verschiedene Rhythmen spielen, die sich zu einem \u201cTune\u201d zusammenf\u00fcgen.<\/p>\n<p>Die Musik wird von der Maestra* mittels Handzeichen und einer Pfeife angeleitet. Wie das geht, ist auf der <a class=\"spip_out\" href=\"https:\/\/www.rhythms-of-resistance.org\/tunes-dances\/signs\/\" rel=\"external\" hreflang=\"en\">Unterseite \u00fcber Handzeichen<\/a> beschrieben.<\/p>\n<p>Tunes bestehen aus einem <em>Groove<\/em>, und mehreren <em>Breaks<\/em>. Der Groove bildet die Basis des Tunes. Er wird wiederholt, bis ein Break von der Maestra* angezeigt und eingez\u00e4hlt wird. Nachdem der Break gespielt wurde, wechselt die bateria zur\u00fcck in den Groove.<\/p>\n<p>Um gemeinsam spielen und so eine richtig gro\u00dfe, laute bateria auf gro\u00dfen Demos bilden zu k\u00f6nnen, spielen die Bands des RoR-Netzwerks die gleichen Tunes und benutzen die gleichen Handzeichen.<\/p>\n<p>Alle Tunes, die wir aufgelistet haben, enthalten die <strong>Noten der Rhythmen<\/strong>,<strong> Anmerkungen zu den Tunes<\/strong> (z.B. dass manche Breaks in Endlosschleife gespielt werden), <strong>Beschreibungen von alternativen Handzeichen und unverbindliche Vorschl\u00e4ge <\/strong>(den Vorschl\u00e4gen m\u00fcsst ihr nicht folgen \u2013 macht, was f\u00fcr euch am besten funktioniert). Alle Tunes sind in einer Druckversion verf\u00fcgbar. Wir versuchen auch, Audio-Aufnahmen aller Tunes mit ihren einzelnen Bestandteilen bereitzustellen, damit ihr eine Vorstellung davon bekommt, wie sie klingen.<\/p>\n<p>Ihr m\u00fcsst allerdings nicht alle Tunes lernen. <strong>Beginnt mit ein paar der einfacheren, etwa Voodoo.<\/strong> Die Tunes selbst sind relativ leicht zu erlernen.<\/p>\n<p>Letzte Anmerkungen: <strong>vergesst nicht den Geh\u00f6rschutz!!!<\/strong> Tragt w\u00e4hrend des Spielens die ganze Zeit Geh\u00f6rschutz. Es f\u00fchlt sich zun\u00e4chst ungewohnt an, und ihr seid umso mehr auf Handzeichen angewiesen, aber ihr gew\u00f6hnt euch mit der Zeit daran. Das ist besser als eine dauerhafte Sch\u00e4digung des Geh\u00f6rs. Schaumstoff-Geh\u00f6rschutz gibt es relativ g\u00fcnstig im Baumarkt, in Motorrad-Gesch\u00e4ften usw., aber im Notfall reichen auch Watte oder Toilettenpapier. WARTET NICHT, bis eure Ohren sausen oder fiepen &#8211; dann ist bereits dauerhafter Schaden entstanden!<\/p>\n<p>Ihr k\u00f6nnt alle Tunes im <a class=\"spip_out\" href=\"https:\/\/player.rhythms-of-resistance.org\/\" rel=\"external\">RoR Player<\/a> anh\u00f6ren. Schaut euch au\u00dferdem auf <a href=\"https:\/\/tube.rhythms-of-resistance.org\/\">RoR Tube<\/a> an, wie wir spielen und dabei die Handzeichen benutzen.<\/p>\n<p>Die Druckversionen der Tunes und T\u00e4nze in <a href=\"https:\/\/raw.githubusercontent.com\/rhythms-of-resistance\/sheetbook\/master\/generated\/tunesheet-a4-no-ca.pdf\">A4<\/a>, <a href=\"https:\/\/raw.githubusercontent.com\/rhythms-of-resistance\/sheetbook\/master\/generated\/tunesheet-a5-no-ca.pdf\">A5<\/a> und <a href=\"https:\/\/raw.githubusercontent.com\/rhythms-of-resistance\/sheetbook\/master\/generated\/tunesheet-a6-no-ca.pdf\">A6<\/a> k\u00f6nnen als PDF-Dateien <a href=\"https:\/\/github.com\/rhythms-of-resistance\/sheetbook\/tree\/master\/generated\">auf GitHub<\/a> heruntergeladen werden. Au\u00dferdem k\u00f6nnt ihr mit dem <a href=\"https:\/\/sheets.rhythms-of-resistance.org\/\">RoR Sheetbook Generator<\/a> Hefte mit einer individuellen Auswahl an Tunes zusammenstellen.<\/p>","protected":false},"excerpt":{"rendered":"<p>Am Anfang war Rhythms of Resistance eine Samba-Band. Obwohl viele der Rhythmen, die wir heute spielen, alle m\u00f6glichen diversen musikalischen Urspr\u00fcnge haben, haben die Auswahl unserer Instrumente und einige unserer Rhythmen immer noch starken Bezug zu Samba. Samba stammt aus Brasilien und entspringt einer brasilianischen Interpretation traditioneller afrikanischer Rhythmen. Er ist gemeinhin als der traditionelle &hellip; <a href=\"https:\/\/www.rhythms-of-resistance.org\/de\/tunes-dances\/tunes\/\" class=\"more-link\"><span class=\"screen-reader-text\">\u201eTunes\u201c<\/span> weiterlesen<\/a><\/p>\n","protected":false},"author":1,"featured_media":0,"parent":10,"menu_order":0,"comment_status":"closed","ping_status":"closed","template":"","meta":{"footnotes":""},"class_list":["post-226","page","type-page","status-publish","hentry"],"_links":{"self":[{"href":"https:\/\/www.rhythms-of-resistance.org\/de\/wp-json\/wp\/v2\/pages\/226"}],"collection":[{"href":"https:\/\/www.rhythms-of-resistance.org\/de\/wp-json\/wp\/v2\/pages"}],"about":[{"href":"https:\/\/www.rhythms-of-resistance.org\/de\/wp-json\/wp\/v2\/types\/page"}],"author":[{"embeddable":true,"href":"https:\/\/www.rhythms-of-resistance.org\/de\/wp-json\/wp\/v2\/users\/1"}],"replies":[{"embeddable":true,"href":"https:\/\/www.rhythms-of-resistance.org\/de\/wp-json\/wp\/v2\/comments?post=226"}],"version-history":[{"count":17,"href":"https:\/\/www.rhythms-of-resistance.org\/de\/wp-json\/wp\/v2\/pages\/226\/revisions"}],"predecessor-version":[{"id":1035,"href":"https:\/\/www.rhythms-of-resistance.org\/de\/wp-json\/wp\/v2\/pages\/226\/revisions\/1035"}],"up":[{"embeddable":true,"href":"https:\/\/www.rhythms-of-resistance.org\/de\/wp-json\/wp\/v2\/pages\/10"}],"wp:attachment":[{"href":"https:\/\/www.rhythms-of-resistance.org\/de\/wp-json\/wp\/v2\/media?parent=226"}],"curies":[{"name":"wp","href":"https:\/\/api.w.org\/{rel}","templated":true}]}}