{"id":424,"date":"2019-08-20T20:48:04","date_gmt":"2019-08-20T20:48:04","guid":{"rendered":"https:\/\/www.rhythms-of-resistance.org\/?page_id=424"},"modified":"2025-04-03T15:54:35","modified_gmt":"2025-04-03T15:54:35","slug":"translations","status":"publish","type":"page","link":"https:\/\/www.rhythms-of-resistance.org\/es\/about-us\/translations\/","title":{"rendered":"Translations"},"content":{"rendered":"<p class=\"qtranxs-available-languages-message qtranxs-available-languages-message-es\">Disculpa, pero esta entrada est\u00e1 disponible s\u00f3lo en <a href=\"https:\/\/www.rhythms-of-resistance.org\/en\/wp-json\/wp\/v2\/pages\/424\" class=\"qtranxs-available-language-link qtranxs-available-language-link-en\" title=\"English\">English<\/a>, <a href=\"https:\/\/www.rhythms-of-resistance.org\/fr\/wp-json\/wp\/v2\/pages\/424\" class=\"qtranxs-available-language-link qtranxs-available-language-link-fr\" title=\"Fran\u00e7ais\">Fran\u00e7ais<\/a>, <a href=\"https:\/\/www.rhythms-of-resistance.org\/ar\/wp-json\/wp\/v2\/pages\/424\" class=\"qtranxs-available-language-link qtranxs-available-language-link-ar\" title=\"\u0627\u0644\u0639\u0631\u0628\u064a\u0629\">\u0627\u0644\u0639\u0631\u0628\u064a\u0629<\/a>, <a href=\"https:\/\/www.rhythms-of-resistance.org\/fi\/wp-json\/wp\/v2\/pages\/424\" class=\"qtranxs-available-language-link qtranxs-available-language-link-fi\" title=\"suomi\">suomi<\/a> y <a href=\"https:\/\/www.rhythms-of-resistance.org\/pl\/wp-json\/wp\/v2\/pages\/424\" class=\"qtranxs-available-language-link qtranxs-available-language-link-pl\" title=\"Polski\">Polski<\/a>.<\/p><p>We are currently working on translating the website to &lt;language&gt;.<\/p>\n<p>If you can help out to translate to &lt;language&gt;, please get in touch &lt;in this way&gt;<\/p>","protected":false},"excerpt":{"rendered":"<p>Disculpa, pero esta entrada est\u00e1 disponible s\u00f3lo en English, Fran\u00e7ais, \u0627\u0644\u0639\u0631\u0628\u064a\u0629, suomi y Polski.We are currently working on translating the website to &lt;language&gt;. If you can help out to translate to &lt;language&gt;, please get in touch &lt;in this way&gt;<\/p>\n","protected":false},"author":2,"featured_media":0,"parent":18,"menu_order":10,"comment_status":"closed","ping_status":"closed","template":"","meta":{"footnotes":""},"class_list":["post-424","page","type-page","status-publish","hentry"],"_links":{"self":[{"href":"https:\/\/www.rhythms-of-resistance.org\/es\/wp-json\/wp\/v2\/pages\/424"}],"collection":[{"href":"https:\/\/www.rhythms-of-resistance.org\/es\/wp-json\/wp\/v2\/pages"}],"about":[{"href":"https:\/\/www.rhythms-of-resistance.org\/es\/wp-json\/wp\/v2\/types\/page"}],"author":[{"embeddable":true,"href":"https:\/\/www.rhythms-of-resistance.org\/es\/wp-json\/wp\/v2\/users\/2"}],"replies":[{"embeddable":true,"href":"https:\/\/www.rhythms-of-resistance.org\/es\/wp-json\/wp\/v2\/comments?post=424"}],"version-history":[{"count":12,"href":"https:\/\/www.rhythms-of-resistance.org\/es\/wp-json\/wp\/v2\/pages\/424\/revisions"}],"predecessor-version":[{"id":1025,"href":"https:\/\/www.rhythms-of-resistance.org\/es\/wp-json\/wp\/v2\/pages\/424\/revisions\/1025"}],"up":[{"embeddable":true,"href":"https:\/\/www.rhythms-of-resistance.org\/es\/wp-json\/wp\/v2\/pages\/18"}],"wp:attachment":[{"href":"https:\/\/www.rhythms-of-resistance.org\/es\/wp-json\/wp\/v2\/media?parent=424"}],"curies":[{"name":"wp","href":"https:\/\/api.w.org\/{rel}","templated":true}]}}