{"id":18,"date":"2019-05-30T10:49:55","date_gmt":"2019-05-30T10:49:55","guid":{"rendered":"https:\/\/wp.rhythms-of-resistance.org\/?page_id=18"},"modified":"2021-09-16T14:13:39","modified_gmt":"2021-09-16T14:13:39","slug":"about-us","status":"publish","type":"page","link":"https:\/\/www.rhythms-of-resistance.org\/fi\/about-us\/","title":{"rendered":"Tietoa meist\u00e4"},"content":{"rendered":"<p><span class=\"author-a-mz73zz86zez72znz69zz65z4z73zuz73z0puz72z\">Olemme<\/span><span class=\"author-a-z73zz72zxnz66zvz83zwz67zp6z70zz81zz82zmz85z\"> kansainv\u00e4linen rumpuryhmien<\/span><span class=\"author-a-mz73zz86zez72znz69zz65z4z73zuz73z0puz72z\"> verkosto, ja soitamme kaikenlaisten sosiopoliittisten ja ekologisten aiheiden puolesta. Kritisoimme ja haastamme aktiivisesti kaikkia alistamisen, riiston, syrjinn\u00e4n ja sorron muotoja, ja valitsemme taktisen h\u00f6ps\u00f6ttelyn ja\/tai muita luovan protestin muotoja tavoiksi ilmaista raivoamme ja suuttumustamme\u2026 Meid\u00e4t voi kuulla kaduilla, tule vain ja etsi meid\u00e4t!<\/span><\/p>","protected":false},"excerpt":{"rendered":"<p>Olemme kansainv\u00e4linen rumpuryhmien verkosto, ja soitamme kaikenlaisten sosiopoliittisten ja ekologisten aiheiden puolesta. Kritisoimme ja haastamme aktiivisesti kaikkia alistamisen, riiston, syrjinn\u00e4n ja sorron muotoja, ja valitsemme taktisen h\u00f6ps\u00f6ttelyn ja\/tai muita luovan protestin muotoja tavoiksi ilmaista raivoamme ja suuttumustamme\u2026 Meid\u00e4t voi kuulla kaduilla, tule vain ja etsi meid\u00e4t!<\/p>\n","protected":false},"author":1,"featured_media":0,"parent":0,"menu_order":0,"comment_status":"closed","ping_status":"closed","template":"","meta":{"footnotes":""},"class_list":["post-18","page","type-page","status-publish","hentry"],"_links":{"self":[{"href":"https:\/\/www.rhythms-of-resistance.org\/fi\/wp-json\/wp\/v2\/pages\/18"}],"collection":[{"href":"https:\/\/www.rhythms-of-resistance.org\/fi\/wp-json\/wp\/v2\/pages"}],"about":[{"href":"https:\/\/www.rhythms-of-resistance.org\/fi\/wp-json\/wp\/v2\/types\/page"}],"author":[{"embeddable":true,"href":"https:\/\/www.rhythms-of-resistance.org\/fi\/wp-json\/wp\/v2\/users\/1"}],"replies":[{"embeddable":true,"href":"https:\/\/www.rhythms-of-resistance.org\/fi\/wp-json\/wp\/v2\/comments?post=18"}],"version-history":[{"count":20,"href":"https:\/\/www.rhythms-of-resistance.org\/fi\/wp-json\/wp\/v2\/pages\/18\/revisions"}],"predecessor-version":[{"id":837,"href":"https:\/\/www.rhythms-of-resistance.org\/fi\/wp-json\/wp\/v2\/pages\/18\/revisions\/837"}],"wp:attachment":[{"href":"https:\/\/www.rhythms-of-resistance.org\/fi\/wp-json\/wp\/v2\/media?parent=18"}],"curies":[{"name":"wp","href":"https:\/\/api.w.org\/{rel}","templated":true}]}}