{"id":22,"date":"2019-05-30T10:50:57","date_gmt":"2019-05-30T10:50:57","guid":{"rendered":"https:\/\/wp.rhythms-of-resistance.org\/?page_id=22"},"modified":"2021-10-31T15:05:34","modified_gmt":"2021-10-31T15:05:34","slug":"horizontal-structure","status":"publish","type":"page","link":"https:\/\/www.rhythms-of-resistance.org\/fi\/about-us\/horizontal-structure\/","title":{"rendered":"Horizontal Structure"},"content":{"rendered":"<p><a class=\"spip_in\" href=\"https:\/\/www.rhythms-of-resistance.org\/diy\/decision-making\/\" hreflang=\"en\">N\u00e4in<\/a> me yrit\u00e4mme tehd\u00e4 sen<\/p>","protected":false},"excerpt":{"rendered":"<p>N\u00e4in me yrit\u00e4mme tehd\u00e4 sen<\/p>\n","protected":false},"author":1,"featured_media":0,"parent":18,"menu_order":0,"comment_status":"closed","ping_status":"closed","template":"","meta":{"footnotes":""},"class_list":["post-22","page","type-page","status-publish","hentry"],"_links":{"self":[{"href":"https:\/\/www.rhythms-of-resistance.org\/fi\/wp-json\/wp\/v2\/pages\/22"}],"collection":[{"href":"https:\/\/www.rhythms-of-resistance.org\/fi\/wp-json\/wp\/v2\/pages"}],"about":[{"href":"https:\/\/www.rhythms-of-resistance.org\/fi\/wp-json\/wp\/v2\/types\/page"}],"author":[{"embeddable":true,"href":"https:\/\/www.rhythms-of-resistance.org\/fi\/wp-json\/wp\/v2\/users\/1"}],"replies":[{"embeddable":true,"href":"https:\/\/www.rhythms-of-resistance.org\/fi\/wp-json\/wp\/v2\/comments?post=22"}],"version-history":[{"count":10,"href":"https:\/\/www.rhythms-of-resistance.org\/fi\/wp-json\/wp\/v2\/pages\/22\/revisions"}],"predecessor-version":[{"id":860,"href":"https:\/\/www.rhythms-of-resistance.org\/fi\/wp-json\/wp\/v2\/pages\/22\/revisions\/860"}],"up":[{"embeddable":true,"href":"https:\/\/www.rhythms-of-resistance.org\/fi\/wp-json\/wp\/v2\/pages\/18"}],"wp:attachment":[{"href":"https:\/\/www.rhythms-of-resistance.org\/fi\/wp-json\/wp\/v2\/media?parent=22"}],"curies":[{"name":"wp","href":"https:\/\/api.w.org\/{rel}","templated":true}]}}