{"id":231,"date":"2019-05-30T21:42:38","date_gmt":"2019-05-30T21:42:38","guid":{"rendered":"https:\/\/wp.rhythms-of-resistance.org\/?page_id=231"},"modified":"2025-04-03T16:10:34","modified_gmt":"2025-04-03T16:10:34","slug":"intrument-signs","status":"publish","type":"page","link":"https:\/\/www.rhythms-of-resistance.org\/fi\/tunes-dances\/signs\/intrument-signs\/","title":{"rendered":"Soittimien k\u00e4simerkit"},"content":{"rendered":"<p>\u200b<\/p>\n<table class=\"signs-container\" style=\"width: 100%;\">\n<tbody>\n<tr>\n<td class=\"picture\" style=\"width: 20%;\"><a href=\"https:\/\/www.rhythms-of-resistance.org\/wp-content\/uploads\/2019\/05\/agogo.jpg\"><img loading=\"lazy\" decoding=\"async\" class=\"alignnone wp-image-240 size-thumbnail\" src=\"https:\/\/www.rhythms-of-resistance.org\/wp-content\/uploads\/2019\/05\/agogo-150x150.jpg\" alt=\"\" width=\"150\" height=\"150\" srcset=\"https:\/\/www.rhythms-of-resistance.org\/wp-content\/uploads\/2019\/05\/agogo-150x150.jpg 150w, https:\/\/www.rhythms-of-resistance.org\/wp-content\/uploads\/2019\/05\/agogo.jpg 283w\" sizes=\"(max-width: 150px) 85vw, 150px\" \/><\/a><\/td>\n<td class=\"desc\" style=\"width: 79.8809%;\">\n<h3 class=\"name\">Agog\u00f4<\/h3>\n<p>Agog\u00f4t n\u00e4ytet\u00e4\u00e4n koskemalla vuorotellen toisen k\u00e4den peukaloa ja etusormea.<\/td>\n<\/tr>\n<tr>\n<td class=\"picture\" style=\"width: 20%;\"><a href=\"https:\/\/www.rhythms-of-resistance.org\/wp-content\/uploads\/2019\/05\/repenique.jpg\"><img loading=\"lazy\" decoding=\"async\" class=\"alignnone wp-image-239 size-thumbnail\" src=\"https:\/\/www.rhythms-of-resistance.org\/wp-content\/uploads\/2019\/05\/repenique-150x150.jpg\" alt=\"\" width=\"150\" height=\"150\" srcset=\"https:\/\/www.rhythms-of-resistance.org\/wp-content\/uploads\/2019\/05\/repenique-150x150.jpg 150w, https:\/\/www.rhythms-of-resistance.org\/wp-content\/uploads\/2019\/05\/repenique.jpg 283w\" sizes=\"(max-width: 150px) 85vw, 150px\" \/><\/a><\/td>\n<td class=\"desc\" style=\"width: 79.8809%;\">\n<h3 class=\"name\">Repinique (&#8221;Repi&#8221;)<\/h3>\n<p>Repinique eli tuttavallisemmin repi n\u00e4ytet\u00e4\u00e4n pit\u00e4m\u00e4ll\u00e4 ylh\u00e4\u00e4ll\u00e4 yht\u00e4 k\u00e4tt\u00e4, jonka etusormi ja pikkurilli ovat pystyss\u00e4.<\/td>\n<\/tr>\n<tr>\n<td class=\"picture\" style=\"width: 20%;\"><a href=\"https:\/\/www.rhythms-of-resistance.org\/wp-content\/uploads\/2019\/05\/shaker.jpg\"><img loading=\"lazy\" decoding=\"async\" class=\"alignnone wp-image-238 size-thumbnail\" src=\"https:\/\/www.rhythms-of-resistance.org\/wp-content\/uploads\/2019\/05\/shaker-150x150.jpg\" alt=\"\" width=\"150\" height=\"150\" srcset=\"https:\/\/www.rhythms-of-resistance.org\/wp-content\/uploads\/2019\/05\/shaker-150x150.jpg 150w, https:\/\/www.rhythms-of-resistance.org\/wp-content\/uploads\/2019\/05\/shaker.jpg 283w\" sizes=\"(max-width: 150px) 85vw, 150px\" \/><\/a><\/td>\n<td class=\"desc\" style=\"width: 79.8809%;\">\n<h3 class=\"name\">Shaker<\/h3>\n<p>Shakerin k\u00e4simerkiss\u00e4 heilutetaan kumpaakin k\u00e4tt\u00e4 ilmassa imitoiden shakerin soittamista.<\/td>\n<\/tr>\n<tr>\n<td class=\"picture\" style=\"width: 20%;\"><a href=\"https:\/\/www.rhythms-of-resistance.org\/wp-content\/uploads\/2019\/05\/Snare-small.jpg\"><img loading=\"lazy\" decoding=\"async\" class=\"alignnone wp-image-237 size-thumbnail\" src=\"https:\/\/www.rhythms-of-resistance.org\/wp-content\/uploads\/2019\/05\/Snare-small-150x150.jpg\" alt=\"\" width=\"150\" height=\"150\" srcset=\"https:\/\/www.rhythms-of-resistance.org\/wp-content\/uploads\/2019\/05\/Snare-small-150x150.jpg 150w, https:\/\/www.rhythms-of-resistance.org\/wp-content\/uploads\/2019\/05\/Snare-small.jpg 300w\" sizes=\"(max-width: 150px) 85vw, 150px\" \/><\/a><\/td>\n<td class=\"desc\" style=\"width: 79.8809%;\">\n<h3 class=\"name\">Snare eli virvelirumpu<\/h3>\n<\/td>\n<\/tr>\n<tr>\n<td class=\"picture\" style=\"width: 20%;\"><a href=\"https:\/\/www.rhythms-of-resistance.org\/wp-content\/uploads\/2019\/05\/surdo.jpg\"><img loading=\"lazy\" decoding=\"async\" class=\"alignnone wp-image-236 size-thumbnail\" src=\"https:\/\/www.rhythms-of-resistance.org\/wp-content\/uploads\/2019\/05\/surdo-150x150.jpg\" alt=\"\" width=\"150\" height=\"150\" srcset=\"https:\/\/www.rhythms-of-resistance.org\/wp-content\/uploads\/2019\/05\/surdo-150x150.jpg 150w, https:\/\/www.rhythms-of-resistance.org\/wp-content\/uploads\/2019\/05\/surdo.jpg 283w\" sizes=\"(max-width: 150px) 85vw, 150px\" \/><\/a><\/td>\n<td class=\"desc\" style=\"width: 79.8809%;\">\n<h3 class=\"name\">Surdot \u2013 kaikki niist\u00e4<\/h3>\n<p>Surdot n\u00e4ytetaan heiluttamalla edestakaisin vuorotellen kumpaakin k\u00e4tt\u00e4 nyrkiss\u00e4, kuin soittaisit rumpua p\u00e4\u00e4si p\u00e4\u00e4ll\u00e4.<\/td>\n<\/tr>\n<tr>\n<td class=\"picture\" style=\"width: 20%;\"><a href=\"https:\/\/www.rhythms-of-resistance.org\/wp-content\/uploads\/2019\/05\/surdo_high.jpg\"><img loading=\"lazy\" decoding=\"async\" class=\"alignnone wp-image-235 size-thumbnail\" src=\"https:\/\/www.rhythms-of-resistance.org\/wp-content\/uploads\/2019\/05\/surdo_high-150x150.jpg\" alt=\"\" width=\"150\" height=\"150\" srcset=\"https:\/\/www.rhythms-of-resistance.org\/wp-content\/uploads\/2019\/05\/surdo_high-150x150.jpg 150w, https:\/\/www.rhythms-of-resistance.org\/wp-content\/uploads\/2019\/05\/surdo_high.jpg 283w\" sizes=\"(max-width: 150px) 85vw, 150px\" \/><\/a><\/td>\n<td class=\"desc\" style=\"width: 79.8809%;\">\n<h3 class=\"name\">Surdot \u2013 high<\/h3>\n<\/td>\n<\/tr>\n<tr>\n<td class=\"picture\" style=\"width: 20%;\"><a href=\"https:\/\/www.rhythms-of-resistance.org\/wp-content\/uploads\/2019\/05\/surdo_low.jpg\"><img loading=\"lazy\" decoding=\"async\" class=\"alignnone wp-image-234 size-thumbnail\" src=\"https:\/\/www.rhythms-of-resistance.org\/wp-content\/uploads\/2019\/05\/surdo_low-150x150.jpg\" alt=\"\" width=\"150\" height=\"150\" srcset=\"https:\/\/www.rhythms-of-resistance.org\/wp-content\/uploads\/2019\/05\/surdo_low-150x150.jpg 150w, https:\/\/www.rhythms-of-resistance.org\/wp-content\/uploads\/2019\/05\/surdo_low.jpg 283w\" sizes=\"(max-width: 150px) 85vw, 150px\" \/><\/a><\/td>\n<td class=\"desc\" style=\"width: 79.8809%;\">\n<h3 class=\"name\">Surdot \u2013 low<\/h3>\n<\/td>\n<\/tr>\n<tr>\n<td class=\"picture\" style=\"width: 20%;\"><a href=\"https:\/\/www.rhythms-of-resistance.org\/wp-content\/uploads\/2019\/05\/surdo_mid.jpg\"><img loading=\"lazy\" decoding=\"async\" class=\"alignnone wp-image-233 size-thumbnail\" src=\"https:\/\/www.rhythms-of-resistance.org\/wp-content\/uploads\/2019\/05\/surdo_mid-150x150.jpg\" alt=\"\" width=\"150\" height=\"150\" srcset=\"https:\/\/www.rhythms-of-resistance.org\/wp-content\/uploads\/2019\/05\/surdo_mid-150x150.jpg 150w, https:\/\/www.rhythms-of-resistance.org\/wp-content\/uploads\/2019\/05\/surdo_mid.jpg 283w\" sizes=\"(max-width: 150px) 85vw, 150px\" \/><\/a><\/td>\n<td class=\"desc\" style=\"width: 79.8809%;\">\n<h3 class=\"name\">Surdot \u2013 mid<\/h3>\n<\/td>\n<\/tr>\n<tr>\n<td class=\"picture\" style=\"width: 20%;\"><a href=\"https:\/\/www.rhythms-of-resistance.org\/wp-content\/uploads\/2019\/05\/tamborim.jpg\"><img loading=\"lazy\" decoding=\"async\" class=\"alignnone wp-image-232 size-thumbnail\" src=\"https:\/\/www.rhythms-of-resistance.org\/wp-content\/uploads\/2019\/05\/tamborim-150x150.jpg\" alt=\"\" width=\"150\" height=\"150\" srcset=\"https:\/\/www.rhythms-of-resistance.org\/wp-content\/uploads\/2019\/05\/tamborim-150x150.jpg 150w, https:\/\/www.rhythms-of-resistance.org\/wp-content\/uploads\/2019\/05\/tamborim.jpg 283w\" sizes=\"(max-width: 150px) 85vw, 150px\" \/><\/a><\/td>\n<td class=\"desc\" style=\"width: 79.8809%;\">\n<h3 class=\"name\">Tamburiini<\/h3>\n<p>Tamburiinit n\u00e4ytet\u00e4\u00e4n l\u00e4ps\u00e4ytt\u00e4m\u00e4ll\u00e4 kaksi sormea toisen k\u00e4den avoimen k\u00e4mmenen p\u00e4\u00e4lle.<\/td>\n<\/tr>\n<\/tbody>\n<\/table>\n<p><\/p>","protected":false},"excerpt":{"rendered":"<p>\u200b Agog\u00f4 Agog\u00f4t n\u00e4ytet\u00e4\u00e4n koskemalla vuorotellen toisen k\u00e4den peukaloa ja etusormea. Repinique (&#8221;Repi&#8221;) Repinique eli tuttavallisemmin repi n\u00e4ytet\u00e4\u00e4n pit\u00e4m\u00e4ll\u00e4 ylh\u00e4\u00e4ll\u00e4 yht\u00e4 k\u00e4tt\u00e4, jonka etusormi ja pikkurilli ovat pystyss\u00e4. Shaker Shakerin k\u00e4simerkiss\u00e4 heilutetaan kumpaakin k\u00e4tt\u00e4 ilmassa imitoiden shakerin soittamista. Snare eli virvelirumpu Surdot \u2013 kaikki niist\u00e4 Surdot n\u00e4ytetaan heiluttamalla edestakaisin vuorotellen kumpaakin k\u00e4tt\u00e4 nyrkiss\u00e4, kuin soittaisit &hellip; <a href=\"https:\/\/www.rhythms-of-resistance.org\/fi\/tunes-dances\/signs\/intrument-signs\/\" class=\"more-link\">Jatka lukemista<span class=\"screen-reader-text\"> &#8221;Soittimien k\u00e4simerkit&#8221;<\/span><\/a><\/p>\n","protected":false},"author":1,"featured_media":0,"parent":227,"menu_order":0,"comment_status":"closed","ping_status":"closed","template":"","meta":{"footnotes":""},"class_list":["post-231","page","type-page","status-publish","hentry"],"_links":{"self":[{"href":"https:\/\/www.rhythms-of-resistance.org\/fi\/wp-json\/wp\/v2\/pages\/231"}],"collection":[{"href":"https:\/\/www.rhythms-of-resistance.org\/fi\/wp-json\/wp\/v2\/pages"}],"about":[{"href":"https:\/\/www.rhythms-of-resistance.org\/fi\/wp-json\/wp\/v2\/types\/page"}],"author":[{"embeddable":true,"href":"https:\/\/www.rhythms-of-resistance.org\/fi\/wp-json\/wp\/v2\/users\/1"}],"replies":[{"embeddable":true,"href":"https:\/\/www.rhythms-of-resistance.org\/fi\/wp-json\/wp\/v2\/comments?post=231"}],"version-history":[{"count":14,"href":"https:\/\/www.rhythms-of-resistance.org\/fi\/wp-json\/wp\/v2\/pages\/231\/revisions"}],"predecessor-version":[{"id":1030,"href":"https:\/\/www.rhythms-of-resistance.org\/fi\/wp-json\/wp\/v2\/pages\/231\/revisions\/1030"}],"up":[{"embeddable":true,"href":"https:\/\/www.rhythms-of-resistance.org\/fi\/wp-json\/wp\/v2\/pages\/227"}],"wp:attachment":[{"href":"https:\/\/www.rhythms-of-resistance.org\/fi\/wp-json\/wp\/v2\/media?parent=231"}],"curies":[{"name":"wp","href":"https:\/\/api.w.org\/{rel}","templated":true}]}}