{"id":26,"date":"2019-05-30T10:51:46","date_gmt":"2019-05-30T10:51:46","guid":{"rendered":"https:\/\/wp.rhythms-of-resistance.org\/?page_id=26"},"modified":"2021-11-01T00:02:15","modified_gmt":"2021-11-01T00:02:15","slug":"pink-silver","status":"publish","type":"page","link":"https:\/\/www.rhythms-of-resistance.org\/fi\/about-us\/pink-silver\/","title":{"rendered":"Pinkki &#038; hopea"},"content":{"rendered":"<p><\/p>\n<h3 class=\"spip\">Taktinen h\u00f6ps\u00f6ttely<\/h3>\n<p>Taktinen h\u00f6ps\u00f6ttely on julkisen protestoinnin muoto. Taktinen h\u00f6ps\u00f6ttely, joka liitet\u00e4\u00e4n usein pinkki- ja\/tai hopeablokkiin tai nais- ja queer-aiheisiin marsseihin, k\u00e4ytt\u00e4\u00e4 rummutusta, sambaa, tanssia, radikaalia cheerleadingia, pellej\u00e4 ja keijuja luomaan juhlan ja huumorin ilmapiiri\u00e4 katuprotestien aikana.<\/p>\n<p>Taktista h\u00f6ps\u00f6ttely\u00e4 kuvataan usein tilana, joka on t\u00e4ydellisen alistumisen ja v\u00e4kivaltaisen yhteenoton v\u00e4liss\u00e4. T\u00e4m\u00e4 strategia tavoittelee klassisen \u201canarkistit vastaan poliisit\u201d -asetelman ja hy\u00f6kk\u00e4\u00e4vien taktiikoiden purkamista moninkertaistamalla etulinjoja ja k\u00e4ytt\u00e4m\u00e4ll\u00e4 eritt\u00e4in ironisella tavalla kehon naisellisia ja kitschej\u00e4 edustuksia suorassa toiminnassa. Musiikki ja tanssi tarjosivat t\u00e4m\u00e4n radikaalin uudelleenm\u00e4\u00e4ritelm\u00e4n katuprotestille, ei vain voimakkaana ty\u00f6kaluna k\u00e4yt\u00e4nn\u00f6ss\u00e4 purkaa ja kiert\u00e4\u00e4 poliisiv\u00e4kivaltaa, vaan my\u00f6s voimakkaimpana mahdollisena kuvana (ja \u00e4\u00e4nen\u00e4), jonka avulla oivaltaa, miten katumielenosoitukset voivat vapauttaa kehon haluja protestin itsens\u00e4 hetkell\u00e4.<\/p>\n<h3 class=\"spip\">Pinkki ja hopeinen blokki<\/h3>\n<p>Useimmiten pinkin blokin muodostavat libertaristit aktivistit, jotka sopivat suoran toiminnan kirjolla pasifistisen ja mustan blokin v\u00e4liin.<\/p>\n<p>Pinkkihopea kehittyi Reclaim the Streets (RTS) -nimisest\u00e4 liikkeest\u00e4, joka on j\u00e4rjest\u00e4nyt juhlia \u2013 tai aktioita \u2013 muun muassa Lontoossa, Tel Avivissa, Sydneyssa, New Yorkissa ja Helsingiss\u00e4. Se kampanjoi autokulttuuria vastaan, ja sill\u00e4 on antikapitalistinen eetos. Sit\u00e4 on kuvattu reivaamisen, festivaalin, katuteatterin ja mielenosoituksen yhdistelm\u00e4ksi. Vuodesta 1995 l\u00e4htien Reclaim the Streets on onnistunut luomaan vastarintaa, joka on ollut sek\u00e4 voimakasta runollista elett\u00e4 ett\u00e4 tehokasta poliittista strategiaa. Katujuhlat valtaavat katuja takaisin kapitalismin, kulutuksen ja yksityisautoilun tylsyydelt\u00e4 ja tuovat niiden tilalle \u201cv\u00e4liaikaisia autonomisia alueita\u201d: el\u00e4v\u00e4isi\u00e4 energisi\u00e4 tiloja, jotka olivat ennen  jalankulkijoilta kiellettyj\u00e4.<\/p>\n<p>Pinkkihopea yhdist\u00e4\u00e4 RTS:n eetoksen sambayhtyeisiin \u00e4\u00e4nentoiston sijasta simuloimalla kiert\u00e4vi\u00e4 katujuhlakarnevaaleja. Se k\u00e4ytt\u00e4\u00e4 v\u00e4riyhdistelm\u00e4\u00e4 erottuakseen muista ryhmist\u00e4, kuten mustasta blokista, Valkohaalareiden hy\u00f6kk\u00e4\u00e4vist\u00e4 mutta v\u00e4hemm\u00e4n luovista taktiikoista, kansalaisj\u00e4rjest\u00f6jen ep\u00e4osallistavista marsseista, sosialististen ja vasemmistolaisten (joiden liput ja logot ovat valtaosin punaisia) tehottomista strategioista sek\u00e4 poliisien ankeista ja sotaisista univormuista.<\/p>\n<p>Ensimm\u00e4inen pinkki blokki muodostettiin pinkkihopearintamassa Maailmanpankkia ja Kansainv\u00e4list\u00e4 valuuttarahastoa vastustavan antiglobalisaatioliikkeen protestissa 26. syyskuuta vuonna 2000 Prahassa, T\u0161ekin tasavallassa.<\/p>\n<p>Prahassa muodostunut sambayhtye Rhythms of Resistance jatkaa t\u00e4n\u00e4kin p\u00e4iv\u00e4n\u00e4 ainutlaatuista musiikin ja politiikan yhdist\u00e4misen laajentamista.<\/p>","protected":false},"excerpt":{"rendered":"<p>Taktinen h\u00f6ps\u00f6ttely Taktinen h\u00f6ps\u00f6ttely on julkisen protestoinnin muoto. Taktinen h\u00f6ps\u00f6ttely, joka liitet\u00e4\u00e4n usein pinkki- ja\/tai hopeablokkiin tai nais- ja queer-aiheisiin marsseihin, k\u00e4ytt\u00e4\u00e4 rummutusta, sambaa, tanssia, radikaalia cheerleadingia, pellej\u00e4 ja keijuja luomaan juhlan ja huumorin ilmapiiri\u00e4 katuprotestien aikana. Taktista h\u00f6ps\u00f6ttely\u00e4 kuvataan usein tilana, joka on t\u00e4ydellisen alistumisen ja v\u00e4kivaltaisen yhteenoton v\u00e4liss\u00e4. T\u00e4m\u00e4 strategia tavoittelee klassisen \u201canarkistit &hellip; <a href=\"https:\/\/www.rhythms-of-resistance.org\/fi\/about-us\/pink-silver\/\" class=\"more-link\">Jatka lukemista<span class=\"screen-reader-text\"> &#8221;Pinkki &#038; hopea&#8221;<\/span><\/a><\/p>\n","protected":false},"author":1,"featured_media":0,"parent":18,"menu_order":0,"comment_status":"closed","ping_status":"closed","template":"","meta":{"footnotes":""},"class_list":["post-26","page","type-page","status-publish","hentry"],"_links":{"self":[{"href":"https:\/\/www.rhythms-of-resistance.org\/fi\/wp-json\/wp\/v2\/pages\/26"}],"collection":[{"href":"https:\/\/www.rhythms-of-resistance.org\/fi\/wp-json\/wp\/v2\/pages"}],"about":[{"href":"https:\/\/www.rhythms-of-resistance.org\/fi\/wp-json\/wp\/v2\/types\/page"}],"author":[{"embeddable":true,"href":"https:\/\/www.rhythms-of-resistance.org\/fi\/wp-json\/wp\/v2\/users\/1"}],"replies":[{"embeddable":true,"href":"https:\/\/www.rhythms-of-resistance.org\/fi\/wp-json\/wp\/v2\/comments?post=26"}],"version-history":[{"count":10,"href":"https:\/\/www.rhythms-of-resistance.org\/fi\/wp-json\/wp\/v2\/pages\/26\/revisions"}],"predecessor-version":[{"id":866,"href":"https:\/\/www.rhythms-of-resistance.org\/fi\/wp-json\/wp\/v2\/pages\/26\/revisions\/866"}],"up":[{"embeddable":true,"href":"https:\/\/www.rhythms-of-resistance.org\/fi\/wp-json\/wp\/v2\/pages\/18"}],"wp:attachment":[{"href":"https:\/\/www.rhythms-of-resistance.org\/fi\/wp-json\/wp\/v2\/media?parent=26"}],"curies":[{"name":"wp","href":"https:\/\/api.w.org\/{rel}","templated":true}]}}