{"id":28,"date":"2019-05-30T10:52:27","date_gmt":"2019-05-30T10:52:27","guid":{"rendered":"https:\/\/wp.rhythms-of-resistance.org\/?page_id=28"},"modified":"2021-09-12T23:46:27","modified_gmt":"2021-09-12T23:46:27","slug":"instruments","status":"publish","type":"page","link":"https:\/\/www.rhythms-of-resistance.org\/fi\/about-us\/instruments\/","title":{"rendered":"Soittimet"},"content":{"rendered":"<p><\/p>\n<h3 class=\"spip\">Tamburiini<\/h3>\n<p><span class=\"spip_document_467 spip_documents spip_documents_left\"><img loading=\"lazy\" decoding=\"async\" class=\"size-full wp-image-120 alignleft\" src=\"https:\/\/www.rhythms-of-resistance.org\/wp-content\/uploads\/2019\/05\/200px-Tamborim.jpg\" alt=\"\" width=\"200\" height=\"150\" \/><\/span><\/p>\n<div id=\"magicdomid232\" class=\"ace-line\"><span class=\"author-a-mz73zz86zez72znz69zz65z4z73zuz73z0puz72z\">Tamburiini (<\/span><span class=\"author-a-z73zz72zxnz66zvz83zwz67zp6z70zz81zz82zmz85z\">&#8221;tampsa&#8221;<\/span><span class=\"author-a-mz73zz86zez72znz69zz65z4z73zuz73z0puz72z\">) on pienin rummuista. Se ei ole samanlainen kuin ne tamburiinit, joissa on <\/span><span class=\"author-a-z73zz72zxnz66zvz83zwz67zp6z70zz81zz82zmz85z\">helistimet<\/span><span class=\"author-a-mz73zz86zez72znz69zz65z4z73zuz73z0puz72z\"> ja joita soitetaan kouluissa. Samba<\/span><span class=\"author-a-z73zz72zxnz66zvz83zwz67zp6z70zz81zz82zmz85z\">ssa <\/span><span class=\"author-a-mz73zz86zez72znz69zz65z4z73zuz73z0puz72z\">tamburiineissa ei ole <\/span><span class=\"author-a-z73zz72zxnz66zvz83zwz67zp6z70zz81zz82zmz85z\">helistimi\u00e4<\/span><span class=\"author-a-mz73zz86zez72znz69zz65z4z73zuz73z0puz72z\">, ja niit\u00e4 soitetaan <\/span><span class=\"author-a-z73zz72zxnz66zvz83zwz67zp6z70zz81zz82zmz85z\">useista<\/span><span class=\"author-a-mz73zz86zez72znz69zz65z4z73zuz73z0puz72z\"> joustavista kepeist\u00e4 tehdyill\u00e4 kapuloilla, jotta saadaan \u00e4\u00e4nek\u00e4s ter\u00e4v\u00e4 korkea \u201c<\/span><span class=\"author-a-z73zz72zxnz66zvz83zwz67zp6z70zz81zz82zmz85z\">r\u00e4s\u00e4hdys<\/span><span class=\"author-a-mz73zz86zez72znz69zz65z4z73zuz73z0puz72z\">\u201d. Tamburiini on eritt\u00e4in yleinen brasilialainen soitin. Sambassa niit\u00e4 k\u00e4ytet\u00e4\u00e4n merkkaamaan rokkaavia kohtia, joten ne ovat hyvi\u00e4 soittimia, joi<\/span><span class=\"author-a-z73zz72zxnz66zvz83zwz67zp6z70zz81zz82zmz85z\">ll<\/span><span class=\"author-a-mz73zz86zez72znz69zz65z4z73zuz73z0puz72z\">a aloittaa samban soittaminen ja joiden avulla oppia biisit.\u00a0<\/span><\/div>\n<h3 class=\"spip\">Agog\u00f4<\/h3>\n<p><img loading=\"lazy\" decoding=\"async\" class=\"size-full wp-image-117 alignleft\" src=\"https:\/\/www.rhythms-of-resistance.org\/wp-content\/uploads\/2019\/05\/200px_AgogoBells.jpg\" alt=\"\" width=\"200\" height=\"97\" \/><\/p>\n<div id=\"magicdomid254\" class=\"ace-line\"><span class=\"author-a-mz73zz86zez72znz69zz65z4z73zuz73z0puz72z\">Agog<\/span><span class=\"author-a-z73zz72zxnz66zvz83zwz67zp6z70zz81zz82zmz85z\">\u00f4<\/span><span class=\"author-a-mz73zz86zez72znz69zz65z4z73zuz73z0puz72z\"> tarkoittaa kelloa ja on luultavasti vanhin sambasoit<\/span><span class=\"author-a-z73zz72zxnz66zvz83zwz67zp6z70zz81zz82zmz85z\">in<\/span><span class=\"author-a-mz73zz86zez72znz69zz65z4z73zuz73z0puz72z\">. Se on per\u00e4isin Afrikasta ja sill\u00e4 on voimakkaan rituaalinen merkitys Candombl\u00e9ssa (mist\u00e4 suurin osa sambarytmeist\u00e4 on per\u00e4isin), jota harjoittivat p\u00e4\u00e4osin Etel\u00e4-Amerikkaan orjiksi siepatut ihmiset. Agog<\/span><span class=\"author-a-z73zz72zxnz66zvz83zwz67zp6z70zz81zz82zmz85z\">\u00f4<\/span><span class=\"author-a-mz73zz86zez72znz69zz65z4z73zuz73z0puz72z\"> tehd\u00e4\u00e4n v\u00e4hint\u00e4\u00e4n kahdesta pienest\u00e4 toisiinsa liitetyst\u00e4 lehm\u00e4nkellosta. Sit\u00e4 ly\u00f6d\u00e4\u00e4n puisella kapulalla ja se on ainoa \u201cmelodinen\u201d soitin.<\/span><\/div>\n<div id=\"magicdomid77\" class=\"ace-line\"><\/div>\n<h3 class=\"spip\">Shaker<\/h3>\n<p><span class=\"spip_document_469 spip_documents spip_documents_left\"><img loading=\"lazy\" decoding=\"async\" class=\"size-full wp-image-118 alignleft\" src=\"https:\/\/www.rhythms-of-resistance.org\/wp-content\/uploads\/2019\/05\/200px-Chocalho2.jpg\" alt=\"\" width=\"200\" height=\"150\" \/><\/span><span class=\"author-a-mz73zz86zez72znz69zz65z4z73zuz73z0puz72z\">Shaker (toiselta nimelt\u00e4\u00e4n <\/span><span class=\"author-a-z73zz72zxnz66zvz83zwz67zp6z70zz81zz82zmz85z\">c<\/span><span class=\"author-a-mz73zz86zez72znz69zz65z4z73zuz73z0puz72z\">hocalho) t\u00e4ytt\u00e4\u00e4 biisin jatkuvalla <\/span><span class=\"author-a-z73zz72zxnz66zvz83zwz67zp6z70zz81zz82zmz85z\">suhinallaan<\/span><span class=\"author-a-mz73zz86zez72znz69zz65z4z73zuz73z0puz72z\"> ja antaa sambamusiikille sen tunnunomaisimman soundin. Se saattaa n\u00e4ytt\u00e4\u00e4 helpolta soitettavalta, mutta vaatii hyv\u00e4\u00e4 tekniikkaa ja paljon kest\u00e4vyytt\u00e4! Kaksi yleisint\u00e4 shaker-tyyppi\u00e4 ovat <\/span><span class=\"author-a-z73zz72zxnz66zvz83zwz67zp6z70zz81zz82zmz85z\">r<\/span><span class=\"author-a-mz73zz86zez72znz69zz65z4z73zuz73z0puz72z\">ocar ja <\/span><span class=\"author-a-z73zz72zxnz66zvz83zwz67zp6z70zz81zz82zmz85z\">g<\/span><span class=\"author-a-mz73zz86zez72znz69zz65z4z73zuz73z0puz72z\">anz\u00e1. Rocar on tehty monista keppiin kiinnitetyist\u00e4 metallilevyist\u00e4 ja se kuulostaa aivan kuin hurjastelevalta joulupukilta. Ganz\u00e1 on helmill\u00e4 tai pienill\u00e4 metallipalloilla t\u00e4ytetty lieri\u00f6n muotoinen metalliputki ja siit\u00e4 kuuluu ihana suhiseva \u00e4\u00e4ni. Ganz\u00e1t ovat yleens\u00e4 hiljaisempia kuin <\/span><span class=\"author-a-z73zz72zxnz66zvz83zwz67zp6z70zz81zz82zmz85z\">r<\/span><span class=\"author-a-mz73zz86zez72znz69zz65z4z73zuz73z0puz72z\">ocarit. Perinteisiss\u00e4 sambayhtyeiss\u00e4 <\/span><span class=\"author-a-z73zz72zxnz66zvz83zwz67zp6z70zz81zz82zmz85z\">c<\/span><span class=\"author-a-mz73zz86zez72znz69zz65z4z73zuz73z0puz72z\">hocalhot muodostavat er\u00e4\u00e4nlaisen sambaa s\u00e4est\u00e4v\u00e4n \u00e4\u00e4nikerroksen. Breikkien j\u00e4lkeen ne yleens\u00e4 pit\u00e4v\u00e4t pienen tauon ja tulevat mukaan biisiin hieman muita soittimia my\u00f6hemmin \u2013 t\u00e4ydent\u00e4en biisin ja tuoden siihen er\u00e4\u00e4nlaisen yll\u00e4tysmomentin. RoR-biiseiss\u00e4 ja RoR-harjoituksissa niiden roolin (\u00e4\u00e4nikerroksen muodostamisen, johon biisi perustuu) tekev\u00e4t snaret eli virvelirummut.<\/span><\/p>\n<h3 class=\"spip\">Repinique<\/h3>\n<p><span class=\"spip_document_468 spip_documents spip_documents_left\"><img loading=\"lazy\" decoding=\"async\" class=\"size-full wp-image-119 alignleft\" src=\"https:\/\/www.rhythms-of-resistance.org\/wp-content\/uploads\/2019\/05\/200px-Repique.jpg\" alt=\"\" width=\"200\" height=\"150\" \/><\/span><\/p>\n<div id=\"magicdomid284\" class=\"ace-line\"><span class=\"author-a-mz73zz86zez72znz69zz65z4z73zuz73z0puz72z\">Repinique tai <\/span><span class=\"author-a-z73zz72zxnz66zvz83zwz67zp6z70zz81zz82zmz85z\">&#8221;r<\/span><span class=\"author-a-mz73zz86zez72znz69zz65z4z73zuz73z0puz72z\">epi<\/span><span class=\"author-a-z73zz72zxnz66zvz83zwz67zp6z70zz81zz82zmz85z\">&#8221;<\/span><span class=\"author-a-mz73zz86zez72znz69zz65z4z73zuz73z0puz72z\"> n\u00e4ytt\u00e4\u00e4 enemm\u00e4n <\/span><span class=\"author-a-z73zz72zxnz66zvz83zwz67zp6z70zz81zz82zmz85z\">&#8221;<\/span><span class=\"author-a-mz73zz86zez72znz69zz65z4z73zuz73z0puz72z\">oikealta<\/span><span class=\"author-a-z73zz72zxnz66zvz83zwz67zp6z70zz81zz82zmz85z\">&#8221;<\/span><span class=\"author-a-mz73zz86zez72znz69zz65z4z73zuz73z0puz72z\"> rummulta ja tuottaa samankaltaisen mutta pehme\u00e4mm\u00e4n ja tonaalisemman \u00e4\u00e4nen kuin tamburiini. Yleens\u00e4 <\/span><span class=\"author-a-z73zz72zxnz66zvz83zwz67zp6z70zz81zz82zmz85z\">r<\/span><span class=\"author-a-mz73zz86zez72znz69zz65z4z73zuz73z0puz72z\">epi ja <\/span><span class=\"author-a-z73zz72zxnz66zvz83zwz67zp6z70zz81zz82zmz85z\">t<\/span><span class=\"author-a-mz73zz86zez72znz69zz65z4z73zuz73z0puz72z\">amburiinit muodostavat \u201cbiisin\u201d. RoR-biiseiss\u00e4 on nelj\u00e4 erilaista ly\u00f6nti\u00e4, jota voi soittaa <\/span><span class=\"author-a-z73zz72zxnz66zvz83zwz67zp6z70zz81zz82zmz85z\">r<\/span><span class=\"author-a-mz73zz86zez72znz69zz65z4z73zuz73z0puz72z\">epiniquella. Jotkut kutsu-<\/span><span class=\"author-a-z73zz72zxnz66zvz83zwz67zp6z70zz81zz82zmz85z\"> ja <\/span><span class=\"author-a-mz73zz86zez72znz69zz65z4z73zuz73z0puz72z\">vastaus<\/span><span class=\"author-a-z73zz72zxnz66zvz83zwz67zp6z70zz81zz82zmz85z\"> &#8211;<\/span><span class=\"author-a-mz73zz86zez72znz69zz65z4z73zuz73z0puz72z\">breikit alkavat <\/span><span class=\"author-a-z73zz72zxnz66zvz83zwz67zp6z70zz81zz82zmz85z\">r<\/span><span class=\"author-a-mz73zz86zez72znz69zz65z4z73zuz73z0puz72z\">epiniquen kutsulla, joten ole tarkkana sis\u00e4\u00e4ntulon kanssa.<\/span><\/div>\n<h3 class=\"spip\">Caixa \/ Snare<\/h3>\n<p><span class=\"spip_document_471 spip_documents spip_documents_left\"><img loading=\"lazy\" decoding=\"async\" class=\"size-full wp-image-116 alignleft\" src=\"https:\/\/www.rhythms-of-resistance.org\/wp-content\/uploads\/2019\/05\/200px_snare.jpg\" alt=\"\" width=\"200\" height=\"200\" srcset=\"https:\/\/www.rhythms-of-resistance.org\/wp-content\/uploads\/2019\/05\/200px_snare.jpg 200w, https:\/\/www.rhythms-of-resistance.org\/wp-content\/uploads\/2019\/05\/200px_snare-150x150.jpg 150w\" sizes=\"(max-width: 200px) 85vw, 200px\" \/><\/span><span class=\"author-a-mz73zz86zez72znz69zz65z4z73zuz73z0puz72z\">Caixa tai <\/span><span class=\"author-a-z73zz72zxnz66zvz83zwz67zp6z70zz81zz82zmz85z\">s<\/span><span class=\"author-a-mz73zz86zez72znz69zz65z4z73zuz73z0puz72z\">nare on yksi vaikeimmista soittimista, mutta tuo rytmeihin olennaisen liikkeen tunnun. Oikea <\/span><span class=\"author-a-z73zz72zxnz66zvz83zwz67zp6z70zz81zz82zmz85z\">c<\/span><span class=\"author-a-mz73zz86zez72znz69zz65z4z73zuz73z0puz72z\">aixa on hieman pienempi ja paksumpi kuin <\/span><span class=\"author-a-z73zz72zxnz66zvz83zwz67zp6z70zz81zz82zmz85z\">s<\/span><span class=\"author-a-mz73zz86zez72znz69zz65z4z73zuz73z0puz72z\">nare. Caixan virvelimatto \u2013 toisin kuin <\/span><span class=\"author-a-z73zz72zxnz66zvz83zwz67zp6z70zz81zz82zmz85z\">sn<\/span><span class=\"author-a-mz73zz86zez72znz69zz65z4z73zuz73z0puz72z\">aren \u2013 ei ole tehty resonoivan yl\u00e4osan p\u00e4\u00e4ll\u00e4 olevasta joukosta metallis\u00e4ikeit\u00e4, vaan kitaran kielten kaltaisista naruista. Snare on verrattavissa soittokuntien <\/span><span class=\"author-a-z73zz72zxnz66zvz83zwz67zp6z70zz81zz82zmz85z\">s<\/span><span class=\"author-a-mz73zz86zez72znz69zz65z4z73zuz73z0puz72z\">nareihin, mutta me k\u00e4yt\u00e4mme rumpusettien virvelirumpuja, koska ne ajavat saman asian \ud83d\ude09 Kun saat molemmat kapulat kimpoamaan, soittaminen alkaa soljua. Jos ei ole ennen soittanut <\/span><span class=\"author-a-z73zz72zxnz66zvz83zwz67zp6z70zz81zz82zmz85z\">s<\/span><span class=\"author-a-mz73zz86zez72znz69zz65z4z73zuz73z0puz72z\">narea, kannattaa motorisia taitoja harjoitella, kunnes saa nopeat nuotit soitettua kummallakin kapulalla yht\u00e4 lailla.<\/span><\/p>\n<h3 class=\"spip\">Surdot<\/h3>\n<p><span class=\"spip_document_472 spip_documents spip_documents_left\"><img loading=\"lazy\" decoding=\"async\" class=\"size-full wp-image-115 alignleft\" src=\"https:\/\/www.rhythms-of-resistance.org\/wp-content\/uploads\/2019\/05\/200px_Surdo.jpg\" alt=\"\" width=\"200\" height=\"267\" \/><\/span><\/p>\n<div id=\"magicdomid88\" class=\"ace-line\"><span class=\"author-a-mz73zz86zez72znz69zz65z4z73zuz73z0puz72z\">Surdot ovat b\u00e4ndin suuret bassorummut. Niit\u00e4 on kolmessa vireess\u00e4, joita kutsutaan nimill\u00e4 low (1), mid (2) ja high (3). Ne luovat perustana olevan tahdin ja musiikin rytmin. Surdot n\u00e4ytt\u00e4v\u00e4t helpoilta soittaa, mutta koska ne ovat t\u00e4rkeit\u00e4 tempon luojia, ovat ne paljon vaikeampia kuin milt\u00e4 n\u00e4ytt\u00e4v\u00e4t.<\/span><\/div>\n<div id=\"magicdomid89\" class=\"ace-line\"><\/div>\n<div id=\"simple-translate\">\n<div>\n<div class=\"simple-translate-button isShow\" style=\"background-image: url('moz-extension:\/\/8d89db60-ce0b-40f0-93ce-ee443aa49ab6\/icons\/512.png'); height: 22px; width: 22px; top: 405px; left: 316px;\"><\/div>\n<div class=\"simple-translate-panel \" style=\"width: 300px; height: 200px; top: 0px; left: 0px; font-size: 13px; background-color: #ffffff;\">\n<div class=\"simple-translate-result-wrapper\" style=\"overflow: hidden;\">\n<p class=\"simple-translate-candidate\" style=\"color: #737373;\">\n<\/div>\n<\/div>\n<\/div>\n<\/div>\n<p><\/p>","protected":false},"excerpt":{"rendered":"<p>Tamburiini Tamburiini (&#8221;tampsa&#8221;) on pienin rummuista. Se ei ole samanlainen kuin ne tamburiinit, joissa on helistimet ja joita soitetaan kouluissa. Sambassa tamburiineissa ei ole helistimi\u00e4, ja niit\u00e4 soitetaan useista joustavista kepeist\u00e4 tehdyill\u00e4 kapuloilla, jotta saadaan \u00e4\u00e4nek\u00e4s ter\u00e4v\u00e4 korkea \u201cr\u00e4s\u00e4hdys\u201d. Tamburiini on eritt\u00e4in yleinen brasilialainen soitin. Sambassa niit\u00e4 k\u00e4ytet\u00e4\u00e4n merkkaamaan rokkaavia kohtia, joten ne ovat hyvi\u00e4 &hellip; <a href=\"https:\/\/www.rhythms-of-resistance.org\/fi\/about-us\/instruments\/\" class=\"more-link\">Jatka lukemista<span class=\"screen-reader-text\"> &#8221;Soittimet&#8221;<\/span><\/a><\/p>\n","protected":false},"author":1,"featured_media":0,"parent":18,"menu_order":0,"comment_status":"closed","ping_status":"closed","template":"","meta":{"footnotes":""},"class_list":["post-28","page","type-page","status-publish","hentry"],"_links":{"self":[{"href":"https:\/\/www.rhythms-of-resistance.org\/fi\/wp-json\/wp\/v2\/pages\/28"}],"collection":[{"href":"https:\/\/www.rhythms-of-resistance.org\/fi\/wp-json\/wp\/v2\/pages"}],"about":[{"href":"https:\/\/www.rhythms-of-resistance.org\/fi\/wp-json\/wp\/v2\/types\/page"}],"author":[{"embeddable":true,"href":"https:\/\/www.rhythms-of-resistance.org\/fi\/wp-json\/wp\/v2\/users\/1"}],"replies":[{"embeddable":true,"href":"https:\/\/www.rhythms-of-resistance.org\/fi\/wp-json\/wp\/v2\/comments?post=28"}],"version-history":[{"count":45,"href":"https:\/\/www.rhythms-of-resistance.org\/fi\/wp-json\/wp\/v2\/pages\/28\/revisions"}],"predecessor-version":[{"id":816,"href":"https:\/\/www.rhythms-of-resistance.org\/fi\/wp-json\/wp\/v2\/pages\/28\/revisions\/816"}],"up":[{"embeddable":true,"href":"https:\/\/www.rhythms-of-resistance.org\/fi\/wp-json\/wp\/v2\/pages\/18"}],"wp:attachment":[{"href":"https:\/\/www.rhythms-of-resistance.org\/fi\/wp-json\/wp\/v2\/media?parent=28"}],"curies":[{"name":"wp","href":"https:\/\/api.w.org\/{rel}","templated":true}]}}