{"id":424,"date":"2019-08-20T20:48:04","date_gmt":"2019-08-20T20:48:04","guid":{"rendered":"https:\/\/www.rhythms-of-resistance.org\/?page_id=424"},"modified":"2025-04-03T15:54:35","modified_gmt":"2025-04-03T15:54:35","slug":"translations","status":"publish","type":"page","link":"https:\/\/www.rhythms-of-resistance.org\/fi\/about-us\/translations\/","title":{"rendered":"Translations"},"content":{"rendered":"<p>Olemme k\u00e4\u00e4nt\u00e4m\u00e4ss\u00e4 sivustoa suomeksi.<\/p>\n<p>Jos voit auttaa meit\u00e4 k\u00e4\u00e4nn\u00f6sty\u00f6ss\u00e4, ota yhteytt\u00e4 paikalliseen ror-b\u00e4ndiisi.<\/p>","protected":false},"excerpt":{"rendered":"<p>Olemme k\u00e4\u00e4nt\u00e4m\u00e4ss\u00e4 sivustoa suomeksi. Jos voit auttaa meit\u00e4 k\u00e4\u00e4nn\u00f6sty\u00f6ss\u00e4, ota yhteytt\u00e4 paikalliseen ror-b\u00e4ndiisi.<\/p>\n","protected":false},"author":2,"featured_media":0,"parent":18,"menu_order":10,"comment_status":"closed","ping_status":"closed","template":"","meta":{"footnotes":""},"class_list":["post-424","page","type-page","status-publish","hentry"],"_links":{"self":[{"href":"https:\/\/www.rhythms-of-resistance.org\/fi\/wp-json\/wp\/v2\/pages\/424"}],"collection":[{"href":"https:\/\/www.rhythms-of-resistance.org\/fi\/wp-json\/wp\/v2\/pages"}],"about":[{"href":"https:\/\/www.rhythms-of-resistance.org\/fi\/wp-json\/wp\/v2\/types\/page"}],"author":[{"embeddable":true,"href":"https:\/\/www.rhythms-of-resistance.org\/fi\/wp-json\/wp\/v2\/users\/2"}],"replies":[{"embeddable":true,"href":"https:\/\/www.rhythms-of-resistance.org\/fi\/wp-json\/wp\/v2\/comments?post=424"}],"version-history":[{"count":12,"href":"https:\/\/www.rhythms-of-resistance.org\/fi\/wp-json\/wp\/v2\/pages\/424\/revisions"}],"predecessor-version":[{"id":1025,"href":"https:\/\/www.rhythms-of-resistance.org\/fi\/wp-json\/wp\/v2\/pages\/424\/revisions\/1025"}],"up":[{"embeddable":true,"href":"https:\/\/www.rhythms-of-resistance.org\/fi\/wp-json\/wp\/v2\/pages\/18"}],"wp:attachment":[{"href":"https:\/\/www.rhythms-of-resistance.org\/fi\/wp-json\/wp\/v2\/media?parent=424"}],"curies":[{"name":"wp","href":"https:\/\/api.w.org\/{rel}","templated":true}]}}