{"id":10,"date":"2019-05-30T10:44:36","date_gmt":"2019-05-30T10:44:36","guid":{"rendered":"https:\/\/wp.rhythms-of-resistance.org\/?page_id=10"},"modified":"2020-07-27T17:28:42","modified_gmt":"2020-07-27T17:28:42","slug":"tunes-dances","status":"publish","type":"page","link":"https:\/\/www.rhythms-of-resistance.org\/fr\/tunes-dances\/","title":{"rendered":"Morceaux &#038; Danses"},"content":{"rendered":"<p>Un groupe de samba est constitu\u00e9 de <strong>danseurs,<\/strong> de <strong>musiciens<\/strong> et d&rsquo;un <strong>maestro <\/strong>ou d&rsquo;une <strong>maestra.<\/strong><\/p>\n<p>Le <strong>maestro<\/strong> ou la <strong>maestra<\/strong> est la personne qui dirige le groove (ou les danses) en utilisant des signes. Quand iel dirige la musique, iel d\u00e9cide du rythme en arr\u00eatant et en relan\u00e7ant diff\u00e9rents instruments et en lan\u00e7ant des breaks. Voir la <a href=\"https:\/\/www.rhythms-of-resistance.org\/tunes-dances\/signs\/\">section sur les signes<\/a> pour les comprendre.<\/p>\n<p>A c\u00f4t\u00e9 de la musique, la <a href=\"https:\/\/www.rhythms-of-resistance.org\/tunes-dances\/dances\/\">danse radicale<\/a> est un autre outil qui peut \u00eatre utilis\u00e9 en combinaison avec la samba.<\/p>","protected":false},"excerpt":{"rendered":"<p>Un groupe de samba est constitu\u00e9 de danseurs, de musiciens et d&rsquo;un maestro ou d&rsquo;une maestra. Le maestro ou la maestra est la personne qui dirige le groove (ou les danses) en utilisant des signes. Quand iel dirige la musique, iel d\u00e9cide du rythme en arr\u00eatant et en relan\u00e7ant diff\u00e9rents instruments et en lan\u00e7ant des &hellip; <a href=\"https:\/\/www.rhythms-of-resistance.org\/fr\/tunes-dances\/\" class=\"more-link\">Continuer la lecture<span class=\"screen-reader-text\"> de &laquo;&nbsp;Morceaux &#038; Danses&nbsp;&raquo;<\/span><\/a><\/p>\n","protected":false},"author":1,"featured_media":0,"parent":0,"menu_order":0,"comment_status":"closed","ping_status":"closed","template":"","meta":{"footnotes":""},"class_list":["post-10","page","type-page","status-publish","hentry"],"_links":{"self":[{"href":"https:\/\/www.rhythms-of-resistance.org\/fr\/wp-json\/wp\/v2\/pages\/10"}],"collection":[{"href":"https:\/\/www.rhythms-of-resistance.org\/fr\/wp-json\/wp\/v2\/pages"}],"about":[{"href":"https:\/\/www.rhythms-of-resistance.org\/fr\/wp-json\/wp\/v2\/types\/page"}],"author":[{"embeddable":true,"href":"https:\/\/www.rhythms-of-resistance.org\/fr\/wp-json\/wp\/v2\/users\/1"}],"replies":[{"embeddable":true,"href":"https:\/\/www.rhythms-of-resistance.org\/fr\/wp-json\/wp\/v2\/comments?post=10"}],"version-history":[{"count":14,"href":"https:\/\/www.rhythms-of-resistance.org\/fr\/wp-json\/wp\/v2\/pages\/10\/revisions"}],"predecessor-version":[{"id":708,"href":"https:\/\/www.rhythms-of-resistance.org\/fr\/wp-json\/wp\/v2\/pages\/10\/revisions\/708"}],"wp:attachment":[{"href":"https:\/\/www.rhythms-of-resistance.org\/fr\/wp-json\/wp\/v2\/media?parent=10"}],"curies":[{"name":"wp","href":"https:\/\/api.w.org\/{rel}","templated":true}]}}