{"id":133,"date":"2019-05-30T14:50:44","date_gmt":"2019-05-30T14:50:44","guid":{"rendered":"https:\/\/wp.rhythms-of-resistance.org\/?page_id=133"},"modified":"2023-11-18T20:04:33","modified_gmt":"2023-11-18T20:04:33","slug":"contact","status":"publish","type":"page","link":"https:\/\/www.rhythms-of-resistance.org\/fr\/contact\/","title":{"rendered":"Contact"},"content":{"rendered":"<p>Rythms of Resistance est un r\u00e9seau d\u00e9centralis\u00e9. Il n&rsquo;y a aucun moyen de contacter l&rsquo;ensemble du r\u00e9seau, alors parlez-en \u00e0 <a href=\"https:\/\/www.rhythms-of-resistance.org\/about-us\/bands\/\">votre groupe local<\/a>.<\/p>\n<p>N\u00e9anmoins, c&rsquo;est un moyen de contacter le groupe de travail \u00ab\u00a0Internet\u00a0\u00bb pour les questions concernant ce site: bort \u00c4T riseup.net<\/p>","protected":false},"excerpt":{"rendered":"<p>Rythms of Resistance est un r\u00e9seau d\u00e9centralis\u00e9. Il n&rsquo;y a aucun moyen de contacter l&rsquo;ensemble du r\u00e9seau, alors parlez-en \u00e0 votre groupe local. N\u00e9anmoins, c&rsquo;est un moyen de contacter le groupe de travail \u00ab\u00a0Internet\u00a0\u00bb pour les questions concernant ce site: bort \u00c4T riseup.net<\/p>\n","protected":false},"author":1,"featured_media":0,"parent":0,"menu_order":0,"comment_status":"closed","ping_status":"closed","template":"","meta":{"footnotes":""},"class_list":["post-133","page","type-page","status-publish","hentry"],"_links":{"self":[{"href":"https:\/\/www.rhythms-of-resistance.org\/fr\/wp-json\/wp\/v2\/pages\/133"}],"collection":[{"href":"https:\/\/www.rhythms-of-resistance.org\/fr\/wp-json\/wp\/v2\/pages"}],"about":[{"href":"https:\/\/www.rhythms-of-resistance.org\/fr\/wp-json\/wp\/v2\/types\/page"}],"author":[{"embeddable":true,"href":"https:\/\/www.rhythms-of-resistance.org\/fr\/wp-json\/wp\/v2\/users\/1"}],"replies":[{"embeddable":true,"href":"https:\/\/www.rhythms-of-resistance.org\/fr\/wp-json\/wp\/v2\/comments?post=133"}],"version-history":[{"count":13,"href":"https:\/\/www.rhythms-of-resistance.org\/fr\/wp-json\/wp\/v2\/pages\/133\/revisions"}],"predecessor-version":[{"id":979,"href":"https:\/\/www.rhythms-of-resistance.org\/fr\/wp-json\/wp\/v2\/pages\/133\/revisions\/979"}],"wp:attachment":[{"href":"https:\/\/www.rhythms-of-resistance.org\/fr\/wp-json\/wp\/v2\/media?parent=133"}],"curies":[{"name":"wp","href":"https:\/\/api.w.org\/{rel}","templated":true}]}}