{"id":16,"date":"2019-05-30T10:48:46","date_gmt":"2019-05-30T10:48:46","guid":{"rendered":"https:\/\/wp.rhythms-of-resistance.org\/?page_id=16"},"modified":"2020-05-14T19:22:12","modified_gmt":"2020-05-14T19:22:12","slug":"dances","status":"publish","type":"page","link":"https:\/\/www.rhythms-of-resistance.org\/fr\/tunes-dances\/dances\/","title":{"rendered":"Danses"},"content":{"rendered":"<p>La danse radicale est un outil de frivolit\u00e9 tactique qui a \u00e9t\u00e9 connect\u00e9 aux actions de samba depuis longtemps (n\u00e9anmoins, elle peut \u00eatre perform\u00e9e avec n&rsquo;importe quel genre de musique).<\/p>\n<p>Le r\u00e9seau RoR a des signes pour les danses communes, qui peuvent \u00eatre t\u00e9l\u00e9charg\u00e9s au bas de la page. Pour aider \u00e0 pratiquer, une vid\u00e9o de chaque danse a \u00e9t\u00e9 enregistr\u00e9e.<\/p>\n<p>Quand on pratique les danses, c&rsquo;est plus important de se mettre d&rsquo;accord sur des mouvements communs au groupe que de les faire tels qu&rsquo;ils sont d\u00e9crits. La synchronisation am\u00e8ne la performance \u00e0 un nouveau niveau &#8211; tu verras !<\/p>\n<p><a href=\"https:\/\/github.com\/rhythms-of-resistance\/sheetbook\/blob\/master\/generated\/single\/dances.pdf\">Toutes les danses en PDF<\/a><\/p>\n<h2>Danse 1<\/h2>\n\n<!-- iframe plugin v.6.0 wordpress.org\/plugins\/iframe\/ -->\n<iframe loading=\"lazy\" src=\"https:\/\/tube.rhythms-of-resistance.org\/videos\/embed\/34ed427f-3832-430f-bbae-e08d2971c7ef\" width=\"100%\" height=\"500\" scrolling=\"yes\" class=\"iframe-class\" frameborder=\"0\"><\/iframe>\n\n<h2>Danse 2<\/h2>\n\n<!-- iframe plugin v.6.0 wordpress.org\/plugins\/iframe\/ -->\n<iframe loading=\"lazy\" src=\"https:\/\/tube.rhythms-of-resistance.org\/videos\/embed\/a4a0c8ff-db97-43c9-8b53-cbfde1002a35\" width=\"100%\" height=\"500\" scrolling=\"yes\" class=\"iframe-class\" frameborder=\"0\"><\/iframe>\n\n<h2>Danse 3<\/h2>\n\n<!-- iframe plugin v.6.0 wordpress.org\/plugins\/iframe\/ -->\n<iframe loading=\"lazy\" src=\"https:\/\/tube.rhythms-of-resistance.org\/videos\/embed\/2c54dfc8-0f87-465d-b023-1b350b66c7fe\" width=\"100%\" height=\"500\" scrolling=\"yes\" class=\"iframe-class\" frameborder=\"0\"><\/iframe>\n\n<h2>Danse 4<\/h2>\n\n<!-- iframe plugin v.6.0 wordpress.org\/plugins\/iframe\/ -->\n<iframe loading=\"lazy\" src=\"https:\/\/tube.rhythms-of-resistance.org\/videos\/embed\/a039114d-5623-4282-a8d6-36c7192d17f8\" width=\"100%\" height=\"500\" scrolling=\"yes\" class=\"iframe-class\" frameborder=\"0\"><\/iframe>\n\n<h2>Danse 5<\/h2>\n\n<!-- iframe plugin v.6.0 wordpress.org\/plugins\/iframe\/ -->\n<iframe loading=\"lazy\" src=\"https:\/\/tube.rhythms-of-resistance.org\/videos\/embed\/c6601236-675f-4833-9dc0-b1d42890311f\" width=\"100%\" height=\"500\" scrolling=\"yes\" class=\"iframe-class\" frameborder=\"0\"><\/iframe>\n\n<h2>Danse 6<\/h2>\n<p>\n<!-- iframe plugin v.6.0 wordpress.org\/plugins\/iframe\/ -->\n<iframe loading=\"lazy\" src=\"https:\/\/tube.rhythms-of-resistance.org\/videos\/embed\/4a46d078-dc2a-4a5e-b296-9b8017e80fbe\" width=\"100%\" height=\"500\" scrolling=\"yes\" class=\"iframe-class\" frameborder=\"0\"><\/iframe>\n<\/p>","protected":false},"excerpt":{"rendered":"<p>La danse radicale est un outil de frivolit\u00e9 tactique qui a \u00e9t\u00e9 connect\u00e9 aux actions de samba depuis longtemps (n\u00e9anmoins, elle peut \u00eatre perform\u00e9e avec n&rsquo;importe quel genre de musique). Le r\u00e9seau RoR a des signes pour les danses communes, qui peuvent \u00eatre t\u00e9l\u00e9charg\u00e9s au bas de la page. Pour aider \u00e0 pratiquer, une vid\u00e9o &hellip; <a href=\"https:\/\/www.rhythms-of-resistance.org\/fr\/tunes-dances\/dances\/\" class=\"more-link\">Continuer la lecture<span class=\"screen-reader-text\"> de &laquo;&nbsp;Danses&nbsp;&raquo;<\/span><\/a><\/p>\n","protected":false},"author":1,"featured_media":0,"parent":10,"menu_order":0,"comment_status":"closed","ping_status":"closed","template":"","meta":{"footnotes":""},"class_list":["post-16","page","type-page","status-publish","hentry"],"_links":{"self":[{"href":"https:\/\/www.rhythms-of-resistance.org\/fr\/wp-json\/wp\/v2\/pages\/16"}],"collection":[{"href":"https:\/\/www.rhythms-of-resistance.org\/fr\/wp-json\/wp\/v2\/pages"}],"about":[{"href":"https:\/\/www.rhythms-of-resistance.org\/fr\/wp-json\/wp\/v2\/types\/page"}],"author":[{"embeddable":true,"href":"https:\/\/www.rhythms-of-resistance.org\/fr\/wp-json\/wp\/v2\/users\/1"}],"replies":[{"embeddable":true,"href":"https:\/\/www.rhythms-of-resistance.org\/fr\/wp-json\/wp\/v2\/comments?post=16"}],"version-history":[{"count":8,"href":"https:\/\/www.rhythms-of-resistance.org\/fr\/wp-json\/wp\/v2\/pages\/16\/revisions"}],"predecessor-version":[{"id":663,"href":"https:\/\/www.rhythms-of-resistance.org\/fr\/wp-json\/wp\/v2\/pages\/16\/revisions\/663"}],"up":[{"embeddable":true,"href":"https:\/\/www.rhythms-of-resistance.org\/fr\/wp-json\/wp\/v2\/pages\/10"}],"wp:attachment":[{"href":"https:\/\/www.rhythms-of-resistance.org\/fr\/wp-json\/wp\/v2\/media?parent=16"}],"curies":[{"name":"wp","href":"https:\/\/api.w.org\/{rel}","templated":true}]}}