{"id":20,"date":"2019-05-30T10:50:35","date_gmt":"2019-05-30T10:50:35","guid":{"rendered":"https:\/\/wp.rhythms-of-resistance.org\/?page_id=20"},"modified":"2025-04-03T16:00:48","modified_gmt":"2025-04-03T16:00:48","slug":"who-we-are-and-what-we-do","status":"publish","type":"page","link":"https:\/\/www.rhythms-of-resistance.org\/fr\/about-us\/who-we-are-and-what-we-do\/","title":{"rendered":"Qui nous sommes et ce que nous faisons"},"content":{"rendered":"<p>Le r\u00e9seau de groupes de percussions activistes Rhythms of Resistance (RoR) comprend plus de 75 groupes de percussions activistes distincts dans le monde entier. RoR est issu des blocs rose et argent usant de \u00ab frivolit\u00e9 tactique \u00bb des campagnes anti-mondialisation des ann\u00e9es 1990 et du d\u00e9but des ann\u00e9es 2000. En tant que tel, l&rsquo;utilisation de la frivolit\u00e9 tactique, du carnaval et de la cr\u00e9ativit\u00e9 est une caract\u00e9ristique d\u00e9terminante des groupes du r\u00e9seau RoR (c&rsquo;est aussi pourquoi de nombreux groupes du r\u00e9seau RoR portent du rose lorsqu&rsquo;ils sont de sortie).<\/p>\n<p>Tous les groupes du r\u00e9seau RoR jouent les m\u00eames morceaux et essaient d&rsquo;utiliser les m\u00eames signes de la main. Cela signifie que lors de grands \u00e9v\u00e9nements, diff\u00e9rents groupes peuvent se rejoindre pour former un grand groupe foisonnant.<\/p>\n<p>Les groupes RoR fonctionnent sur une base d\u00e9centralis\u00e9e et d\u00e9mocratique.<br \/>\nToutes les d\u00e9cisions au sein de chaque bande sont prises par consensus.<br \/>\nPersonne n&rsquo;est \u00ab responsable \u00bb et celleux qui viennent de rejoindre le groupe ont la m\u00eame voix que celleux qui en sont membres depuis de nombreuses ann\u00e9es.<br \/>\nChaque groupe fonctionne ind\u00e9pendamment, se joignant \u00e0 des campagnes et des actions qu&rsquo;ils soutiennent eux-m\u00eames, mais ils peuvent se r\u00e9unir pour des manifs nationales, etc.<br \/>\nLors de grands \u00e9v\u00e9nements, o\u00f9 plusieurs groupes se rencontrent et jouent ensemble, les maestras peuvent provenir de n&rsquo;importe lequel des groupes pr\u00e9sents, \u00e9changeant entre elleux au fur et \u00e0 mesure de l&rsquo;humeur et du mouvement. Bien que chaque groupe du r\u00e9seau soit une entit\u00e9 ind\u00e9pendante qui n&rsquo;a de comptes \u00e0 rendre qu&rsquo;\u00e0 ses membres, ils partagent tous des croyances et des valeurs communes qui d\u00e9finissent le r\u00e9seau Rhythms of Resistance dans son ensemble : <a href=\"https:\/\/www.rhythms-of-resistance.org\/principles\/\">les principes RoR<\/a>.<\/p>","protected":false},"excerpt":{"rendered":"<p>Le r\u00e9seau de groupes de percussions activistes Rhythms of Resistance (RoR) comprend plus de 75 groupes de percussions activistes distincts dans le monde entier. RoR est issu des blocs rose et argent usant de \u00ab frivolit\u00e9 tactique \u00bb des campagnes anti-mondialisation des ann\u00e9es 1990 et du d\u00e9but des ann\u00e9es 2000. En tant que tel, l&rsquo;utilisation &hellip; <a href=\"https:\/\/www.rhythms-of-resistance.org\/fr\/about-us\/who-we-are-and-what-we-do\/\" class=\"more-link\">Continuer la lecture<span class=\"screen-reader-text\"> de &laquo;&nbsp;Qui nous sommes et ce que nous faisons&nbsp;&raquo;<\/span><\/a><\/p>\n","protected":false},"author":1,"featured_media":0,"parent":18,"menu_order":0,"comment_status":"closed","ping_status":"closed","template":"","meta":{"footnotes":""},"class_list":["post-20","page","type-page","status-publish","hentry"],"_links":{"self":[{"href":"https:\/\/www.rhythms-of-resistance.org\/fr\/wp-json\/wp\/v2\/pages\/20"}],"collection":[{"href":"https:\/\/www.rhythms-of-resistance.org\/fr\/wp-json\/wp\/v2\/pages"}],"about":[{"href":"https:\/\/www.rhythms-of-resistance.org\/fr\/wp-json\/wp\/v2\/types\/page"}],"author":[{"embeddable":true,"href":"https:\/\/www.rhythms-of-resistance.org\/fr\/wp-json\/wp\/v2\/users\/1"}],"replies":[{"embeddable":true,"href":"https:\/\/www.rhythms-of-resistance.org\/fr\/wp-json\/wp\/v2\/comments?post=20"}],"version-history":[{"count":18,"href":"https:\/\/www.rhythms-of-resistance.org\/fr\/wp-json\/wp\/v2\/pages\/20\/revisions"}],"predecessor-version":[{"id":1027,"href":"https:\/\/www.rhythms-of-resistance.org\/fr\/wp-json\/wp\/v2\/pages\/20\/revisions\/1027"}],"up":[{"embeddable":true,"href":"https:\/\/www.rhythms-of-resistance.org\/fr\/wp-json\/wp\/v2\/pages\/18"}],"wp:attachment":[{"href":"https:\/\/www.rhythms-of-resistance.org\/fr\/wp-json\/wp\/v2\/media?parent=20"}],"curies":[{"name":"wp","href":"https:\/\/api.w.org\/{rel}","templated":true}]}}