{"id":26,"date":"2019-05-30T10:51:46","date_gmt":"2019-05-30T10:51:46","guid":{"rendered":"https:\/\/wp.rhythms-of-resistance.org\/?page_id=26"},"modified":"2021-11-01T00:02:15","modified_gmt":"2021-11-01T00:02:15","slug":"pink-silver","status":"publish","type":"page","link":"https:\/\/www.rhythms-of-resistance.org\/fr\/about-us\/pink-silver\/","title":{"rendered":"Rose &#038; Argent"},"content":{"rendered":"<p><\/p>\n<h3 class=\"spip\">Frivolit\u00e9 Tactique<\/h3>\n<p>La frivolit\u00e9 tactique est une forme de protestation publique. Parfois associ\u00e9e \u00e0 des blocs &lsquo;Roses&rsquo; et\/ou &lsquo;Argent&rsquo; (Pink &amp; Silver) ou \u00e0 des marches f\u00e9ministes et de personnes queer, les blocs de frivolit\u00e9 tactique utilisent le tambour, la samba, la danse, les clowns et la f\u00e9erie pour cr\u00e9er une atmosph\u00e8re de f\u00eate et d&rsquo;humour lors des manifestations en rue.<\/p>\n<p>La frivolit\u00e9 tactique est souvent d\u00e9crite comme un espace qui existe dans l&rsquo;\u00e9cart entre la conformit\u00e9 totale et la confrontation violente. Cette strat\u00e9gie vise \u00e0 d\u00e9faire le classique anarchistes vs. police, les tactiques de confrontation, en multipliant les lignes de front et en faisant un usage extr\u00eamement ironique de la f\u00e9minit\u00e9 et des repr\u00e9sentations kitsch du corps en action directe. La musique et la danse ont fourni cette red\u00e9finition radicale de la protestation de rue non seulement comme un outil puissant pour pratiquement dissoudre ou d\u00e9tourner la violence polici\u00e8re, mais aussi comme l&rsquo;image la plus forte possible (et la bande sonore) pour faire passer comment les manifestations de rue peuvent devenir le d\u00e9cha\u00eenement des d\u00e9sirs du corps au moment m\u00eame de la manifestation.<\/p>\n<h3 class=\"spip\">Les blocs Pink &amp; Silver<\/h3>\n<p>La plupart du temps, les Pink Blocs sont form\u00e9s par une s\u00e9rie d&rsquo;activistes libertaires qui se situent entre le spectre de l&rsquo;action directe pacifiste et celui du Black Bloc.<\/p>\n<p>Le Pink &amp; Silver s&rsquo;est d\u00e9velopp\u00e9 \u00e0 partir d&rsquo;un mouvement appel\u00e9 \u00a0\u00bb Reclaim the Streets \u00a0\u00bb (RTS) qui a organis\u00e9 des f\u00eates &#8211; ou actions &#8211; dans des villes comme Londres, Tel Aviv, Sydney, New York et Helsinki. Les RTS font campagne contre la culture automobile et ont une \u00e9thique anticapitaliste. Elles ont \u00e9t\u00e9 d\u00e9crites en partie comme une f\u00eate, en partie comme un festival, en partie comme un th\u00e9\u00e2tre de rue et en partie comme une manifestation. Depuis 1995, Reclaim the Streets a r\u00e9ussi \u00e0 cr\u00e9er des actes de r\u00e9sistance qui sont \u00e0 la fois des gestes po\u00e9tiques puissants et des strat\u00e9gies politiques efficaces. Les Reclaim r\u00e9cup\u00e8rent les rues des rouages fastidieux du capitalisme, de la consommation et des transports priv\u00e9s et les remplacent par des \u00ab\u00a0espaces temporaires autonomes\u00a0\u00bb : des espaces vivants et vibrants qui \u00e9taient auparavant interdits aux pi\u00e9tons.<\/p>\n<p>Le Pink &amp; Silver combine l&rsquo;id\u00e9e de la RTS en simulant des carnavals de rue itin\u00e9rants avec des groupes de samba en guise de sonos. Il utilise un ensemble de couleurs pour se diff\u00e9rencier d&rsquo;autres groupes tels que le Black Bloc, les tactiques conflictuelles mais moins cr\u00e9atives des salopettes blanches, les marches non participatives des ONG, les strat\u00e9gies inefficaces des groupes socialistes et des groupes de gauche (dont les banni\u00e8res et logos sont principalement rouges) et des uniformes ternes et militaristes de la police.<\/p>\n<p>Le premier Pink bloc a \u00e9t\u00e9 form\u00e9 dans le cadre de la ligne Rose &amp; Argent du mouvement antimondialisation de la Banque mondiale\/FMI le 26 septembre 2000 \u00e0 Prague, en R\u00e9publique tch\u00e8que.<\/p>\n<p>Rythmes de R\u00e9sistance, le groupe de samba form\u00e9 \u00e0 Prague, continue aujourd&rsquo;hui d&rsquo;\u00e9tendre sa confluence singuli\u00e8re de musique et de politique.<\/p>","protected":false},"excerpt":{"rendered":"<p>Frivolit\u00e9 Tactique La frivolit\u00e9 tactique est une forme de protestation publique. Parfois associ\u00e9e \u00e0 des blocs &lsquo;Roses&rsquo; et\/ou &lsquo;Argent&rsquo; (Pink &amp; Silver) ou \u00e0 des marches f\u00e9ministes et de personnes queer, les blocs de frivolit\u00e9 tactique utilisent le tambour, la samba, la danse, les clowns et la f\u00e9erie pour cr\u00e9er une atmosph\u00e8re de f\u00eate et &hellip; <a href=\"https:\/\/www.rhythms-of-resistance.org\/fr\/about-us\/pink-silver\/\" class=\"more-link\">Continuer la lecture<span class=\"screen-reader-text\"> de &laquo;&nbsp;Rose &#038; Argent&nbsp;&raquo;<\/span><\/a><\/p>\n","protected":false},"author":1,"featured_media":0,"parent":18,"menu_order":0,"comment_status":"closed","ping_status":"closed","template":"","meta":{"footnotes":""},"class_list":["post-26","page","type-page","status-publish","hentry"],"_links":{"self":[{"href":"https:\/\/www.rhythms-of-resistance.org\/fr\/wp-json\/wp\/v2\/pages\/26"}],"collection":[{"href":"https:\/\/www.rhythms-of-resistance.org\/fr\/wp-json\/wp\/v2\/pages"}],"about":[{"href":"https:\/\/www.rhythms-of-resistance.org\/fr\/wp-json\/wp\/v2\/types\/page"}],"author":[{"embeddable":true,"href":"https:\/\/www.rhythms-of-resistance.org\/fr\/wp-json\/wp\/v2\/users\/1"}],"replies":[{"embeddable":true,"href":"https:\/\/www.rhythms-of-resistance.org\/fr\/wp-json\/wp\/v2\/comments?post=26"}],"version-history":[{"count":10,"href":"https:\/\/www.rhythms-of-resistance.org\/fr\/wp-json\/wp\/v2\/pages\/26\/revisions"}],"predecessor-version":[{"id":866,"href":"https:\/\/www.rhythms-of-resistance.org\/fr\/wp-json\/wp\/v2\/pages\/26\/revisions\/866"}],"up":[{"embeddable":true,"href":"https:\/\/www.rhythms-of-resistance.org\/fr\/wp-json\/wp\/v2\/pages\/18"}],"wp:attachment":[{"href":"https:\/\/www.rhythms-of-resistance.org\/fr\/wp-json\/wp\/v2\/media?parent=26"}],"curies":[{"name":"wp","href":"https:\/\/api.w.org\/{rel}","templated":true}]}}