{"id":264,"date":"2019-05-30T22:05:55","date_gmt":"2019-05-30T22:05:55","guid":{"rendered":"https:\/\/wp.rhythms-of-resistance.org\/?page_id=264"},"modified":"2020-05-14T20:50:37","modified_gmt":"2020-05-14T20:50:37","slug":"tune-signs","status":"publish","type":"page","link":"https:\/\/www.rhythms-of-resistance.org\/fr\/tunes-dances\/signs\/tune-signs\/","title":{"rendered":"Signes des morceaux"},"content":{"rendered":"<p><\/p>\n<table class=\"signs-container\" style=\"table-layout: auto;\">\n<tbody>\n<tr>\n<td class=\"picture\"><a href=\"https:\/\/www.rhythms-of-resistance.org\/wp-content\/uploads\/2019\/05\/afoxe.jpg\"><img loading=\"lazy\" decoding=\"async\" class=\"alignnone size-thumbnail wp-image-265\" src=\"https:\/\/www.rhythms-of-resistance.org\/wp-content\/uploads\/2019\/05\/afoxe-150x150.jpg\" alt=\"\" width=\"150\" height=\"150\" srcset=\"https:\/\/www.rhythms-of-resistance.org\/wp-content\/uploads\/2019\/05\/afoxe-150x150.jpg 150w, https:\/\/www.rhythms-of-resistance.org\/wp-content\/uploads\/2019\/05\/afoxe.jpg 283w\" sizes=\"(max-width: 150px) 85vw, 150px\" \/><\/a><\/td>\n<td class=\"desc\">\n<h3 class=\"name\">Afox\u00ea<\/h3>\n<p>Raser l&rsquo;aisselle<\/td>\n<\/tr>\n<tr>\n<td class=\"picture\"><a href=\"https:\/\/www.rhythms-of-resistance.org\/wp-content\/uploads\/2019\/05\/Bhangra-small.jpg\"><img loading=\"lazy\" decoding=\"async\" class=\"alignnone size-thumbnail wp-image-266\" src=\"https:\/\/www.rhythms-of-resistance.org\/wp-content\/uploads\/2019\/05\/Bhangra-small-150x150.jpg\" alt=\"\" width=\"150\" height=\"150\" srcset=\"https:\/\/www.rhythms-of-resistance.org\/wp-content\/uploads\/2019\/05\/Bhangra-small-150x150.jpg 150w, https:\/\/www.rhythms-of-resistance.org\/wp-content\/uploads\/2019\/05\/Bhangra-small.jpg 300w\" sizes=\"(max-width: 150px) 85vw, 150px\" \/><\/a><\/td>\n<td class=\"desc\">\n<h3 class=\"name\">Bhangra<\/h3>\n<\/td>\n<\/tr>\n<tr>\n<td class=\"picture\"><a href=\"https:\/\/www.rhythms-of-resistance.org\/wp-content\/uploads\/2019\/05\/cochabamba.jpg\"><img loading=\"lazy\" decoding=\"async\" class=\"alignnone size-thumbnail wp-image-267\" src=\"https:\/\/www.rhythms-of-resistance.org\/wp-content\/uploads\/2019\/05\/cochabamba-150x150.jpg\" alt=\"\" width=\"150\" height=\"150\" srcset=\"https:\/\/www.rhythms-of-resistance.org\/wp-content\/uploads\/2019\/05\/cochabamba-150x150.jpg 150w, https:\/\/www.rhythms-of-resistance.org\/wp-content\/uploads\/2019\/05\/cochabamba.jpg 283w\" sizes=\"(max-width: 150px) 85vw, 150px\" \/><\/a><\/td>\n<td class=\"desc\">\n<h3 class=\"name\">Cochabamba<\/h3>\n<p>Boire dans un bol form\u00e9 par une main<\/td>\n<\/tr>\n<tr>\n<td class=\"picture\"><a href=\"https:\/\/www.rhythms-of-resistance.org\/wp-content\/uploads\/2019\/05\/Crazy_Monkey-small.jpg\"><img loading=\"lazy\" decoding=\"async\" class=\"alignnone size-thumbnail wp-image-268\" src=\"https:\/\/www.rhythms-of-resistance.org\/wp-content\/uploads\/2019\/05\/Crazy_Monkey-small-150x150.jpg\" alt=\"\" width=\"150\" height=\"150\" srcset=\"https:\/\/www.rhythms-of-resistance.org\/wp-content\/uploads\/2019\/05\/Crazy_Monkey-small-150x150.jpg 150w, https:\/\/www.rhythms-of-resistance.org\/wp-content\/uploads\/2019\/05\/Crazy_Monkey-small.jpg 300w\" sizes=\"(max-width: 150px) 85vw, 150px\" \/><\/a><\/td>\n<td class=\"desc\">\n<h3 class=\"name\">Crazy Monkey<\/h3>\n<\/td>\n<\/tr>\n<tr>\n<td class=\"picture\"><a href=\"https:\/\/www.rhythms-of-resistance.org\/wp-content\/uploads\/2019\/05\/Funk-small.jpg\"><img loading=\"lazy\" decoding=\"async\" class=\"alignnone size-thumbnail wp-image-269\" src=\"https:\/\/www.rhythms-of-resistance.org\/wp-content\/uploads\/2019\/05\/Funk-small-150x150.jpg\" alt=\"\" width=\"150\" height=\"150\" srcset=\"https:\/\/www.rhythms-of-resistance.org\/wp-content\/uploads\/2019\/05\/Funk-small-150x150.jpg 150w, https:\/\/www.rhythms-of-resistance.org\/wp-content\/uploads\/2019\/05\/Funk-small.jpg 300w\" sizes=\"(max-width: 150px) 85vw, 150px\" \/><\/a><\/td>\n<td class=\"desc\">\n<h3 class=\"name\">Funk<\/h3>\n<\/td>\n<\/tr>\n<tr>\n<td class=\"picture\"><a href=\"https:\/\/www.rhythms-of-resistance.org\/wp-content\/uploads\/2019\/05\/hedgehog.jpg\"><img loading=\"lazy\" decoding=\"async\" class=\"alignnone wp-image-270 size-thumbnail\" src=\"https:\/\/www.rhythms-of-resistance.org\/wp-content\/uploads\/2019\/05\/hedgehog-150x150.jpg\" alt=\"\" width=\"150\" height=\"150\" srcset=\"https:\/\/www.rhythms-of-resistance.org\/wp-content\/uploads\/2019\/05\/hedgehog-150x150.jpg 150w, https:\/\/www.rhythms-of-resistance.org\/wp-content\/uploads\/2019\/05\/hedgehog.jpg 283w\" sizes=\"(max-width: 150px) 85vw, 150px\" \/><\/a><\/td>\n<td class=\"desc\">\n<h3 class=\"name\">Hedgehog<\/h3>\n<p>Pointer les doigts sur la t\u00eate<\/td>\n<\/tr>\n<tr>\n<td class=\"picture\"><a href=\"https:\/\/www.rhythms-of-resistance.org\/wp-content\/uploads\/2019\/05\/kalashnikov.jpg\"><img loading=\"lazy\" decoding=\"async\" class=\"alignnone size-thumbnail wp-image-271\" src=\"https:\/\/www.rhythms-of-resistance.org\/wp-content\/uploads\/2019\/05\/kalashnikov-150x150.jpg\" alt=\"\" width=\"150\" height=\"150\" \/><\/a><\/td>\n<td class=\"desc\">\n<h3 class=\"name\">Karla Shnikov<\/h3>\n<p>d\u00e9placer l&rsquo;index + le majeur comme les oreilles d&rsquo;un lapin et couvrir les autres doigts avec l&rsquo;autre main<\/td>\n<\/tr>\n<tr>\n<td class=\"picture\"><a href=\"https:\/\/www.rhythms-of-resistance.org\/wp-content\/uploads\/2019\/05\/nova_balanca.jpg\"><img loading=\"lazy\" decoding=\"async\" class=\"alignnone size-thumbnail wp-image-272\" src=\"https:\/\/www.rhythms-of-resistance.org\/wp-content\/uploads\/2019\/05\/nova_balanca-150x150.jpg\" alt=\"\" width=\"150\" height=\"150\" srcset=\"https:\/\/www.rhythms-of-resistance.org\/wp-content\/uploads\/2019\/05\/nova_balanca-150x150.jpg 150w, https:\/\/www.rhythms-of-resistance.org\/wp-content\/uploads\/2019\/05\/nova_balanca.jpg 283w\" sizes=\"(max-width: 150px) 85vw, 150px\" \/><\/a><\/td>\n<td class=\"desc\">\n<h3 class=\"name\">Nova Balan\u00e7a<\/h3>\n<p>Poings devant la poitrine, mains et bras ouverts<\/td>\n<\/tr>\n<tr>\n<td class=\"picture\"><a href=\"https:\/\/www.rhythms-of-resistance.org\/wp-content\/uploads\/2019\/05\/Ragga-small.jpg\"><img loading=\"lazy\" decoding=\"async\" class=\"alignnone size-thumbnail wp-image-273\" src=\"https:\/\/www.rhythms-of-resistance.org\/wp-content\/uploads\/2019\/05\/Ragga-small-150x150.jpg\" alt=\"\" width=\"150\" height=\"150\" srcset=\"https:\/\/www.rhythms-of-resistance.org\/wp-content\/uploads\/2019\/05\/Ragga-small-150x150.jpg 150w, https:\/\/www.rhythms-of-resistance.org\/wp-content\/uploads\/2019\/05\/Ragga-small.jpg 300w\" sizes=\"(max-width: 150px) 85vw, 150px\" \/><\/a><\/td>\n<td class=\"desc\">\n<h3 class=\"name\">Ragga<\/h3>\n<\/td>\n<\/tr>\n<tr>\n<td class=\"picture\"><a href=\"https:\/\/www.rhythms-of-resistance.org\/wp-content\/uploads\/2019\/05\/samba_reggae.jpg\"><img loading=\"lazy\" decoding=\"async\" class=\"alignnone size-thumbnail wp-image-274\" src=\"https:\/\/www.rhythms-of-resistance.org\/wp-content\/uploads\/2019\/05\/samba_reggae-150x150.jpg\" alt=\"\" width=\"150\" height=\"150\" srcset=\"https:\/\/www.rhythms-of-resistance.org\/wp-content\/uploads\/2019\/05\/samba_reggae-150x150.jpg 150w, https:\/\/www.rhythms-of-resistance.org\/wp-content\/uploads\/2019\/05\/samba_reggae.jpg 283w\" sizes=\"(max-width: 150px) 85vw, 150px\" \/><\/a><\/td>\n<td class=\"desc\">\n<h3 class=\"name\">Samba Reggae<\/h3>\n<p>Fumer un cigare\/joint<\/td>\n<\/tr>\n<tr>\n<td class=\"picture\"><a href=\"https:\/\/www.rhythms-of-resistance.org\/wp-content\/uploads\/2019\/05\/van_harte_pardon.jpg\"><img loading=\"lazy\" decoding=\"async\" class=\"alignnone size-thumbnail wp-image-275\" src=\"https:\/\/www.rhythms-of-resistance.org\/wp-content\/uploads\/2019\/05\/van_harte_pardon-150x150.jpg\" alt=\"\" width=\"150\" height=\"150\" srcset=\"https:\/\/www.rhythms-of-resistance.org\/wp-content\/uploads\/2019\/05\/van_harte_pardon-150x150.jpg 150w, https:\/\/www.rhythms-of-resistance.org\/wp-content\/uploads\/2019\/05\/van_harte_pardon.jpg 283w\" sizes=\"(max-width: 150px) 85vw, 150px\" \/><\/a><\/td>\n<td class=\"desc\">\n<h3 class=\"name\">Van Harte Pardon<\/h3>\n<p>Former un coeur avec les deux mains<\/td>\n<\/tr>\n<tr>\n<td class=\"picture\"><a href=\"https:\/\/www.rhythms-of-resistance.org\/wp-content\/uploads\/2019\/05\/voodoo.jpg\"><img loading=\"lazy\" decoding=\"async\" class=\"alignnone size-thumbnail wp-image-276\" src=\"https:\/\/www.rhythms-of-resistance.org\/wp-content\/uploads\/2019\/05\/voodoo-150x150.jpg\" alt=\"\" width=\"150\" height=\"150\" srcset=\"https:\/\/www.rhythms-of-resistance.org\/wp-content\/uploads\/2019\/05\/voodoo-150x150.jpg 150w, https:\/\/www.rhythms-of-resistance.org\/wp-content\/uploads\/2019\/05\/voodoo.jpg 283w\" sizes=\"(max-width: 150px) 85vw, 150px\" \/><\/a><\/td>\n<td class=\"desc\">\n<h3 class=\"name\">Voodoo<\/h3>\n<p>Aur\u00e9ole &#8211; faire un cercle autour de la t\u00eate avec l&rsquo;index vers le bas<\/td>\n<\/tr>\n<tr>\n<td class=\"picture\"><a href=\"https:\/\/www.rhythms-of-resistance.org\/wp-content\/uploads\/2019\/05\/xango.jpg\"><img loading=\"lazy\" decoding=\"async\" class=\"alignnone size-thumbnail wp-image-277\" src=\"https:\/\/www.rhythms-of-resistance.org\/wp-content\/uploads\/2019\/05\/xango-150x150.jpg\" alt=\"\" width=\"150\" height=\"150\" srcset=\"https:\/\/www.rhythms-of-resistance.org\/wp-content\/uploads\/2019\/05\/xango-150x150.jpg 150w, https:\/\/www.rhythms-of-resistance.org\/wp-content\/uploads\/2019\/05\/xango.jpg 283w\" sizes=\"(max-width: 150px) 85vw, 150px\" \/><\/a><\/td>\n<td class=\"desc\">\n<h3 class=\"name\">Xang\u00f4<\/h3>\n<p>La pluie qui ruisselle, avec 10 doigts.<\/td>\n<\/tr>\n<\/tbody>\n<\/table>\n<p><\/p>","protected":false},"excerpt":{"rendered":"<p>Afox\u00ea Raser l&rsquo;aisselle Bhangra Cochabamba Boire dans un bol form\u00e9 par une main Crazy Monkey Funk Hedgehog Pointer les doigts sur la t\u00eate Karla Shnikov d\u00e9placer l&rsquo;index + le majeur comme les oreilles d&rsquo;un lapin et couvrir les autres doigts avec l&rsquo;autre main Nova Balan\u00e7a Poings devant la poitrine, mains et bras ouverts Ragga Samba &hellip; <a href=\"https:\/\/www.rhythms-of-resistance.org\/fr\/tunes-dances\/signs\/tune-signs\/\" class=\"more-link\">Continuer la lecture<span class=\"screen-reader-text\"> de &laquo;&nbsp;Signes des morceaux&nbsp;&raquo;<\/span><\/a><\/p>\n","protected":false},"author":1,"featured_media":0,"parent":227,"menu_order":0,"comment_status":"closed","ping_status":"closed","template":"","meta":{"footnotes":""},"class_list":["post-264","page","type-page","status-publish","hentry"],"_links":{"self":[{"href":"https:\/\/www.rhythms-of-resistance.org\/fr\/wp-json\/wp\/v2\/pages\/264"}],"collection":[{"href":"https:\/\/www.rhythms-of-resistance.org\/fr\/wp-json\/wp\/v2\/pages"}],"about":[{"href":"https:\/\/www.rhythms-of-resistance.org\/fr\/wp-json\/wp\/v2\/types\/page"}],"author":[{"embeddable":true,"href":"https:\/\/www.rhythms-of-resistance.org\/fr\/wp-json\/wp\/v2\/users\/1"}],"replies":[{"embeddable":true,"href":"https:\/\/www.rhythms-of-resistance.org\/fr\/wp-json\/wp\/v2\/comments?post=264"}],"version-history":[{"count":4,"href":"https:\/\/www.rhythms-of-resistance.org\/fr\/wp-json\/wp\/v2\/pages\/264\/revisions"}],"predecessor-version":[{"id":671,"href":"https:\/\/www.rhythms-of-resistance.org\/fr\/wp-json\/wp\/v2\/pages\/264\/revisions\/671"}],"up":[{"embeddable":true,"href":"https:\/\/www.rhythms-of-resistance.org\/fr\/wp-json\/wp\/v2\/pages\/227"}],"wp:attachment":[{"href":"https:\/\/www.rhythms-of-resistance.org\/fr\/wp-json\/wp\/v2\/media?parent=264"}],"curies":[{"name":"wp","href":"https:\/\/api.w.org\/{rel}","templated":true}]}}