{"id":279,"date":"2019-05-30T22:13:10","date_gmt":"2019-05-30T22:13:10","guid":{"rendered":"https:\/\/wp.rhythms-of-resistance.org\/?page_id=279"},"modified":"2020-05-14T20:44:48","modified_gmt":"2020-05-14T20:44:48","slug":"basic-signs","status":"publish","type":"page","link":"https:\/\/www.rhythms-of-resistance.org\/fr\/tunes-dances\/signs\/basic-signs\/","title":{"rendered":"Signes de base"},"content":{"rendered":"<p>&nbsp;<\/p>\n<table class=\"signs-container\" style=\"width: 100%;\">\n<tbody>\n<tr>\n<td class=\"picture\" style=\"width: 20.4763%;\"><a href=\"https:\/\/www.rhythms-of-resistance.org\/wp-content\/uploads\/2019\/05\/change_tune-small.jpg\"><img loading=\"lazy\" decoding=\"async\" class=\"alignnone wp-image-280 size-thumbnail\" src=\"https:\/\/www.rhythms-of-resistance.org\/wp-content\/uploads\/2019\/05\/change_tune-small-150x150.jpg\" alt=\"\" width=\"150\" height=\"150\" srcset=\"https:\/\/www.rhythms-of-resistance.org\/wp-content\/uploads\/2019\/05\/change_tune-small-150x150.jpg 150w, https:\/\/www.rhythms-of-resistance.org\/wp-content\/uploads\/2019\/05\/change_tune-small.jpg 300w\" sizes=\"(max-width: 150px) 85vw, 150px\" \/><\/a><\/td>\n<td class=\"desc\" style=\"width: 79.4047%;\">\n<h3 class=\"name\">Changer le morceau<\/h3>\n<\/td>\n<\/tr>\n<tr>\n<td class=\"picture\" style=\"width: 20.4763%;\"><a href=\"https:\/\/www.rhythms-of-resistance.org\/wp-content\/uploads\/2019\/05\/one_line.jpg\"><img loading=\"lazy\" decoding=\"async\" class=\"alignnone size-thumbnail wp-image-281\" src=\"https:\/\/www.rhythms-of-resistance.org\/wp-content\/uploads\/2019\/05\/one_line-150x150.jpg\" alt=\"\" width=\"150\" height=\"150\" srcset=\"https:\/\/www.rhythms-of-resistance.org\/wp-content\/uploads\/2019\/05\/one_line-150x150.jpg 150w, https:\/\/www.rhythms-of-resistance.org\/wp-content\/uploads\/2019\/05\/one_line.jpg 283w\" sizes=\"(max-width: 150px) 85vw, 150px\" \/><\/a><\/td>\n<td class=\"desc\" style=\"width: 79.4047%;\">\n<h3 class=\"name\">Continuer une ligne<\/h3>\n<p>D\u00e9place un index de mani\u00e8re horizontale en face de toi<br \/>\nContinue \u00e0 jouer ce que tu jouais pour 4 temps<\/td>\n<\/tr>\n<tr>\n<td class=\"picture\" style=\"width: 20.4763%;\"><a href=\"https:\/\/www.rhythms-of-resistance.org\/wp-content\/uploads\/2019\/05\/keep_on_going.jpg\"><img loading=\"lazy\" decoding=\"async\" class=\"alignnone size-thumbnail wp-image-283\" src=\"https:\/\/www.rhythms-of-resistance.org\/wp-content\/uploads\/2019\/05\/keep_on_going-150x150.jpg\" alt=\"\" width=\"150\" height=\"150\" srcset=\"https:\/\/www.rhythms-of-resistance.org\/wp-content\/uploads\/2019\/05\/keep_on_going-150x150.jpg 150w, https:\/\/www.rhythms-of-resistance.org\/wp-content\/uploads\/2019\/05\/keep_on_going.jpg 283w\" sizes=\"(max-width: 150px) 85vw, 150px\" \/><\/a><\/td>\n<td class=\"desc\" style=\"width: 79.4047%;\">\n<h3 class=\"name\">Continuer \u00e0 jouer<\/h3>\n<p>Tourne tes mains autour d&rsquo;elles-m\u00eames horizontalement<br \/>\nA montrer avec le signe de la section d&rsquo;instrument concern\u00e9<\/td>\n<\/tr>\n<tr>\n<td class=\"picture\" style=\"width: 20.4763%;\"><a href=\"https:\/\/www.rhythms-of-resistance.org\/wp-content\/uploads\/2019\/05\/two_lines.jpg\"><img loading=\"lazy\" decoding=\"async\" class=\"alignnone size-thumbnail wp-image-284\" src=\"https:\/\/www.rhythms-of-resistance.org\/wp-content\/uploads\/2019\/05\/two_lines-150x150.jpg\" alt=\"\" width=\"150\" height=\"150\" srcset=\"https:\/\/www.rhythms-of-resistance.org\/wp-content\/uploads\/2019\/05\/two_lines-150x150.jpg 150w, https:\/\/www.rhythms-of-resistance.org\/wp-content\/uploads\/2019\/05\/two_lines.jpg 283w\" sizes=\"(max-width: 150px) 85vw, 150px\" \/><\/a><\/td>\n<td class=\"desc\" style=\"width: 79.4047%;\">\n<h3 class=\"name\">Continuer deux lignes<\/h3>\n<p>D\u00e9place deux index de mani\u00e8re horizontale en face de toi<br \/>\nContinue \u00e0 jouer ce que tu jouais pour 8 temps<\/td>\n<\/tr>\n<tr>\n<td class=\"picture\" style=\"width: 20.4763%;\"><a href=\"https:\/\/www.rhythms-of-resistance.org\/wp-content\/uploads\/2019\/05\/everybody_else.jpg\"><img loading=\"lazy\" decoding=\"async\" class=\"alignnone size-thumbnail wp-image-285\" src=\"https:\/\/www.rhythms-of-resistance.org\/wp-content\/uploads\/2019\/05\/everybody_else-150x150.jpg\" alt=\"\" width=\"150\" height=\"150\" srcset=\"https:\/\/www.rhythms-of-resistance.org\/wp-content\/uploads\/2019\/05\/everybody_else-150x150.jpg 150w, https:\/\/www.rhythms-of-resistance.org\/wp-content\/uploads\/2019\/05\/everybody_else.jpg 283w\" sizes=\"(max-width: 150px) 85vw, 150px\" \/><\/a><\/td>\n<td class=\"desc\" style=\"width: 79.4047%;\">\n<h3 class=\"name\">Tout le monde<\/h3>\n<p>Tourne avec ton index au dessus de ta t\u00eate<br \/>\nApr\u00e8s avoir montr\u00e9 quelque chose \u00e0 une section, signale au reste du groupe ce qu&rsquo;iels doivent faire<\/td>\n<\/tr>\n<tr>\n<td class=\"picture\" style=\"width: 20.4763%;\"><a href=\"https:\/\/www.rhythms-of-resistance.org\/wp-content\/uploads\/2019\/05\/into_tune.jpg\"><img loading=\"lazy\" decoding=\"async\" class=\"alignnone size-thumbnail wp-image-286\" src=\"https:\/\/www.rhythms-of-resistance.org\/wp-content\/uploads\/2019\/05\/into_tune-150x150.jpg\" alt=\"\" width=\"150\" height=\"150\" srcset=\"https:\/\/www.rhythms-of-resistance.org\/wp-content\/uploads\/2019\/05\/into_tune-150x150.jpg 150w, https:\/\/www.rhythms-of-resistance.org\/wp-content\/uploads\/2019\/05\/into_tune.jpg 283w\" sizes=\"(max-width: 150px) 85vw, 150px\" \/><\/a><\/td>\n<td class=\"desc\" style=\"width: 79.4047%;\">\n<h3 class=\"name\">Entrer dans le morceau<\/h3>\n<p>Mets les deux mains \u00e0 hauteur des \u00e9paules vers le bas en un demi cercle chacune, comme des vagues, avec le dos des mains qui se touchent en bas<br \/>\nSignale \u00e0 tout le monde ou \u00e0 une section d&rsquo;instrument d&rsquo;entrer dans le morceau<\/td>\n<\/tr>\n<tr>\n<td class=\"picture\" style=\"width: 20.4763%;\"><\/td>\n<td class=\"desc\" style=\"width: 79.4047%;\">\n<h3 class=\"name\">Boucle<\/h3>\n<p>Pour r\u00e9p\u00e9ter un signe (ou une s\u00e9quence) en boucle, montre avec ta deuxi\u00e8me main le signe de \u00ab\u00a0boucle\u00a0\u00bb. Dessine avec ta deuxi\u00e8me main un demi-cercle sur le signe que tu veux r\u00e9p\u00e9ter<\/td>\n<\/tr>\n<tr>\n<td class=\"picture\" style=\"width: 20.4763%;\"><a href=\"https:\/\/www.rhythms-of-resistance.org\/wp-content\/uploads\/2019\/05\/play_it_again.jpg\"><img loading=\"lazy\" decoding=\"async\" class=\"alignnone size-thumbnail wp-image-288\" src=\"https:\/\/www.rhythms-of-resistance.org\/wp-content\/uploads\/2019\/05\/play_it_again-150x150.jpg\" alt=\"\" width=\"150\" height=\"150\" srcset=\"https:\/\/www.rhythms-of-resistance.org\/wp-content\/uploads\/2019\/05\/play_it_again-150x150.jpg 150w, https:\/\/www.rhythms-of-resistance.org\/wp-content\/uploads\/2019\/05\/play_it_again.jpg 283w\" sizes=\"(max-width: 150px) 85vw, 150px\" \/><\/a><\/td>\n<td class=\"desc\" style=\"width: 79.4047%;\">\n<h3 class=\"name\">R\u00e9p\u00e9ter<\/h3>\n<p>Touche ton front avec le plat de ta main<br \/>\nUn break a bien fonctionn\u00e9 et tu souhaites le refaire. Utilise le signe r\u00e9p\u00e9ter.<br \/>\nSi quelque chose n&rsquo;a pas fonctionn\u00e9, il vaut mieux remontrer tout, puisque quelqu&rsquo;un.e n&rsquo;a pas peut-\u00eatre compris.<\/td>\n<\/tr>\n<tr>\n<td class=\"picture\" style=\"width: 20.4763%;\"><a href=\"https:\/\/www.rhythms-of-resistance.org\/wp-content\/uploads\/2019\/05\/slow_down.jpg\"><img loading=\"lazy\" decoding=\"async\" class=\"alignnone size-thumbnail wp-image-289\" src=\"https:\/\/www.rhythms-of-resistance.org\/wp-content\/uploads\/2019\/05\/slow_down-150x150.jpg\" alt=\"\" width=\"150\" height=\"150\" srcset=\"https:\/\/www.rhythms-of-resistance.org\/wp-content\/uploads\/2019\/05\/slow_down-150x150.jpg 150w, https:\/\/www.rhythms-of-resistance.org\/wp-content\/uploads\/2019\/05\/slow_down.jpg 283w\" sizes=\"(max-width: 150px) 85vw, 150px\" \/><\/a><\/td>\n<td class=\"desc\" style=\"width: 79.4047%;\">\n<h3 class=\"name\">Ralentir<\/h3>\n<p>Sign\u00e9 en faisant tourner une montre dans le sens des aiguilles d&rsquo;une montre, tout en pointant vers le bas avec les baguettes.<\/td>\n<\/tr>\n<tr>\n<td class=\"picture\" style=\"width: 20.4763%;\"><a href=\"https:\/\/www.rhythms-of-resistance.org\/wp-content\/uploads\/2019\/05\/speed_up.jpg\"><img loading=\"lazy\" decoding=\"async\" class=\"alignnone size-thumbnail wp-image-290\" src=\"https:\/\/www.rhythms-of-resistance.org\/wp-content\/uploads\/2019\/05\/speed_up-150x150.jpg\" alt=\"\" width=\"150\" height=\"150\" srcset=\"https:\/\/www.rhythms-of-resistance.org\/wp-content\/uploads\/2019\/05\/speed_up-150x150.jpg 150w, https:\/\/www.rhythms-of-resistance.org\/wp-content\/uploads\/2019\/05\/speed_up.jpg 283w\" sizes=\"(max-width: 150px) 85vw, 150px\" \/><\/a><\/td>\n<td class=\"desc\" style=\"width: 79.4047%;\">\n<h3 class=\"name\">Acc\u00e9l\u00e9rer<\/h3>\n<p>Sign\u00e9 en faisant tourner une montre dans le sens des aiguilles d&rsquo;une montre, tout en pointant vers le haut avec les baguettes.<br \/>\nCertains breaks peuvent \u00eatre utilis\u00e9s pour acc\u00e9l\u00e9rer ou ralentir. D&rsquo;autres n\u00e9cessitent plus de pratique et un peu d&rsquo;exp\u00e9rience. L&rsquo;acc\u00e9l\u00e9ration peut \u00e9galement se faire en suivant une section d&rsquo;instruments, soit en signant \u00e0 tout le monde d&rsquo;\u00e9couter et de suivre tout en jouant, soit en arr\u00eatant tous les autres instruments puis, apr\u00e8s avoir acc\u00e9l\u00e9r\u00e9, les faire r\u00e9-entrer dans le morceau en faisant un break ou en comptant simplement. Pour acc\u00e9l\u00e9rer, c&rsquo;est plus facile de prendre la section la plus stable, mais peut-\u00eatre pas les surdos.<\/td>\n<\/tr>\n<tr>\n<td class=\"picture\" style=\"width: 20.4763%;\"><a href=\"https:\/\/www.rhythms-of-resistance.org\/wp-content\/uploads\/2019\/05\/stop.jpg\"><img loading=\"lazy\" decoding=\"async\" class=\"alignnone wp-image-291 size-thumbnail\" src=\"https:\/\/www.rhythms-of-resistance.org\/wp-content\/uploads\/2019\/05\/stop-150x150.jpg\" alt=\"\" width=\"150\" height=\"150\" srcset=\"https:\/\/www.rhythms-of-resistance.org\/wp-content\/uploads\/2019\/05\/stop-150x150.jpg 150w, https:\/\/www.rhythms-of-resistance.org\/wp-content\/uploads\/2019\/05\/stop.jpg 283w\" sizes=\"(max-width: 150px) 85vw, 150px\" \/><\/a><\/td>\n<td class=\"desc\" style=\"width: 79.4047%;\">\n<h3 class=\"name\">Stop<\/h3>\n<p>L\u00e8ve un poing (regarde la face int\u00e9rieure de ta main)<br \/>\nAu moment de l&rsquo;arr\u00eat, baissez le poing. Pour \u00ab\u00a0arr\u00eater\u00a0\u00bb le groupe, il faut compter comme pour les autres breaks. Pour un \u00ab\u00a0arr\u00eat\u00a0\u00bb imm\u00e9diat, utilise les deux poings.<\/td>\n<\/tr>\n<tr>\n<td class=\"picture\" style=\"width: 20.4763%;\"><a href=\"https:\/\/www.rhythms-of-resistance.org\/wp-content\/uploads\/2019\/05\/volume_down.jpg\"><img loading=\"lazy\" decoding=\"async\" class=\"alignnone size-thumbnail wp-image-292\" src=\"https:\/\/www.rhythms-of-resistance.org\/wp-content\/uploads\/2019\/05\/volume_down-150x150.jpg\" alt=\"\" width=\"150\" height=\"150\" srcset=\"https:\/\/www.rhythms-of-resistance.org\/wp-content\/uploads\/2019\/05\/volume_down-150x150.jpg 150w, https:\/\/www.rhythms-of-resistance.org\/wp-content\/uploads\/2019\/05\/volume_down.jpg 283w\" sizes=\"(max-width: 150px) 85vw, 150px\" \/><\/a><\/td>\n<td class=\"desc\" style=\"width: 79.4047%;\">\n<h3 class=\"name\">Diminuer le volume<\/h3>\n<p>Pour faire jouer moins fort d\u00e9place tes mains \u00e0 plat vers le bas.<br \/>\nAttention, le groupe change seulement le volume, pas la vitesse.<\/td>\n<\/tr>\n<tr>\n<td class=\"picture\" style=\"width: 20.4763%;\"><a href=\"https:\/\/www.rhythms-of-resistance.org\/wp-content\/uploads\/2019\/05\/volume_up.jpg\"><img loading=\"lazy\" decoding=\"async\" class=\"alignnone size-thumbnail wp-image-293\" src=\"https:\/\/www.rhythms-of-resistance.org\/wp-content\/uploads\/2019\/05\/volume_up-150x150.jpg\" alt=\"\" width=\"150\" height=\"150\" srcset=\"https:\/\/www.rhythms-of-resistance.org\/wp-content\/uploads\/2019\/05\/volume_up-150x150.jpg 150w, https:\/\/www.rhythms-of-resistance.org\/wp-content\/uploads\/2019\/05\/volume_up.jpg 274w\" sizes=\"(max-width: 150px) 85vw, 150px\" \/><\/a><\/td>\n<td class=\"desc\" style=\"width: 79.4047%;\">\n<h3 class=\"name\">Augmenter le volume<\/h3>\n<p>Pour faire jouer plus fort, d\u00e9place tes mains \u00e0 plat vers le haut<br \/>\nAttention, le groupe change seulement le volume, pas la vitesse<\/td>\n<\/tr>\n<\/tbody>\n<\/table>\n<p><\/p>","protected":false},"excerpt":{"rendered":"<p>&nbsp; Changer le morceau Continuer une ligne D\u00e9place un index de mani\u00e8re horizontale en face de toi Continue \u00e0 jouer ce que tu jouais pour 4 temps Continuer \u00e0 jouer Tourne tes mains autour d&rsquo;elles-m\u00eames horizontalement A montrer avec le signe de la section d&rsquo;instrument concern\u00e9 Continuer deux lignes D\u00e9place deux index de mani\u00e8re horizontale &hellip; <a href=\"https:\/\/www.rhythms-of-resistance.org\/fr\/tunes-dances\/signs\/basic-signs\/\" class=\"more-link\">Continuer la lecture<span class=\"screen-reader-text\"> de &laquo;&nbsp;Signes de base&nbsp;&raquo;<\/span><\/a><\/p>\n","protected":false},"author":1,"featured_media":0,"parent":227,"menu_order":0,"comment_status":"closed","ping_status":"closed","template":"","meta":{"footnotes":""},"class_list":["post-279","page","type-page","status-publish","hentry"],"_links":{"self":[{"href":"https:\/\/www.rhythms-of-resistance.org\/fr\/wp-json\/wp\/v2\/pages\/279"}],"collection":[{"href":"https:\/\/www.rhythms-of-resistance.org\/fr\/wp-json\/wp\/v2\/pages"}],"about":[{"href":"https:\/\/www.rhythms-of-resistance.org\/fr\/wp-json\/wp\/v2\/types\/page"}],"author":[{"embeddable":true,"href":"https:\/\/www.rhythms-of-resistance.org\/fr\/wp-json\/wp\/v2\/users\/1"}],"replies":[{"embeddable":true,"href":"https:\/\/www.rhythms-of-resistance.org\/fr\/wp-json\/wp\/v2\/comments?post=279"}],"version-history":[{"count":18,"href":"https:\/\/www.rhythms-of-resistance.org\/fr\/wp-json\/wp\/v2\/pages\/279\/revisions"}],"predecessor-version":[{"id":669,"href":"https:\/\/www.rhythms-of-resistance.org\/fr\/wp-json\/wp\/v2\/pages\/279\/revisions\/669"}],"up":[{"embeddable":true,"href":"https:\/\/www.rhythms-of-resistance.org\/fr\/wp-json\/wp\/v2\/pages\/227"}],"wp:attachment":[{"href":"https:\/\/www.rhythms-of-resistance.org\/fr\/wp-json\/wp\/v2\/media?parent=279"}],"curies":[{"name":"wp","href":"https:\/\/api.w.org\/{rel}","templated":true}]}}