{"id":28,"date":"2019-05-30T10:52:27","date_gmt":"2019-05-30T10:52:27","guid":{"rendered":"https:\/\/wp.rhythms-of-resistance.org\/?page_id=28"},"modified":"2021-09-12T23:46:27","modified_gmt":"2021-09-12T23:46:27","slug":"instruments","status":"publish","type":"page","link":"https:\/\/www.rhythms-of-resistance.org\/fr\/about-us\/instruments\/","title":{"rendered":"Instruments"},"content":{"rendered":"<p><\/p>\n<h3 class=\"spip\">Le tamborim<\/h3>\n<p><span class=\"spip_document_467 spip_documents spip_documents_left\"><img loading=\"lazy\" decoding=\"async\" class=\"size-full wp-image-120 alignleft\" src=\"https:\/\/www.rhythms-of-resistance.org\/wp-content\/uploads\/2019\/05\/200px-Tamborim.jpg\" alt=\"\" width=\"200\" height=\"150\" \/><\/span>Le tamborim est le plus petit des tambours. Ce ne sont pas les m\u00eames que les tambourins \u00e0 clochettes avec lesquels tu jouais \u00e0 l&rsquo;\u00e9cole! Dans la samba, les tamborims n&rsquo;ont pas de clochettes et sont frapp\u00e9s avec des baguettes compos\u00e9es de multiples tiges flexibles pour produire un son fort et aigu. Le tamborim est un instrument br\u00e9silien tr\u00e8s commun. Dans la samba il est utilis\u00e9 pour marquer des temps forts donc ce sont de bons instruments pour commencer \u00e0 jouer de la samba et apprendre les morceaux.<\/p>\n<h3 class=\"spip\">Agogo<\/h3>\n<p><img loading=\"lazy\" decoding=\"async\" class=\"size-full wp-image-117 alignleft\" src=\"https:\/\/www.rhythms-of-resistance.org\/wp-content\/uploads\/2019\/05\/200px_AgogoBells.jpg\" alt=\"\" width=\"200\" height=\"97\" \/>Agogo signifie &lsquo;cloche&rsquo; et est probablement le plus ancien des instruments de samba. L&rsquo;agogo, originaire d&rsquo;Afrique, a une signification rituelle dans le <em>candumble<\/em> (\u00e0 l&rsquo;origine de la plupart des rythmes de samba) et \u00e9tait interpr\u00e9t\u00e9 principalement par des personnes amen\u00e9es en Am\u00e9rique du Sud comme esclaves. L&rsquo;agogo est compos\u00e9 d&rsquo;au moins deux cloches de vache reli\u00e9es entre elles. Il est frapp\u00e9 par un baguette en bois et c&rsquo;est le seul instrument \u00ab\u00a0m\u00e9lodique\u00a0\u00bb de la samba.<\/p>\n<h3 class=\"spip\">Shaker<\/h3>\n<p><span class=\"spip_document_469 spip_documents spip_documents_left\"><img loading=\"lazy\" decoding=\"async\" class=\"size-full wp-image-118 alignleft\" src=\"https:\/\/www.rhythms-of-resistance.org\/wp-content\/uploads\/2019\/05\/200px-Chocalho2.jpg\" alt=\"\" width=\"200\" height=\"150\" \/><\/span>Avec son chuintement constant, le shaker (aussi appel\u00e9 chocalho) remplit le morceau et lui donne son atmosph\u00a7re propre. Il peut sembler facile \u00e0 jouer mais il faut une bonne technique et beaucoup d&rsquo;endurance ! Les deux types de shakers les plus courants sont le rocar et le ganza. Le rocar est compos\u00e9e d&rsquo;une multitude de petits disques m\u00e9talliques fix\u00e9s \u00e0 un b\u00e2ton. On dirait le P\u00e8re No\u00ebl en balade. Le ganza est un tube cylindrique en m\u00e9tal rempli de perles ou de boules de m\u00e9tal pour cr\u00e9er un joli chuintement. Les ganzas ont tendance \u00e0 sonner moins fort que les rocars. Dans les groupes de samba traditionnels, les chocalhos forment une sorte de couche sonore qui accompagne la samba. Apr\u00e8s les breaks, ils font souvent une petite pause, arrivant dans le morceau un peu plus tard que les autres instruments &#8211; compl\u00e9tant le morceau et apportant une sorte de moment d&rsquo; \u00ab\u00a0admiration\u00a0\u00bb. Dans les morceaux et la pratique RoR, leur r\u00f4le (de former la couche sonore, sur laquelle est bas\u00e9e la m\u00e9lodie) est \u00e9galement jou\u00e9 par les caisses claires.<\/p>\n<h3 class=\"spip\">Repinique<\/h3>\n<p><span class=\"spip_document_468 spip_documents spip_documents_left\"><img loading=\"lazy\" decoding=\"async\" class=\"size-full wp-image-119 alignleft\" src=\"https:\/\/www.rhythms-of-resistance.org\/wp-content\/uploads\/2019\/05\/200px-Repique.jpg\" alt=\"\" width=\"200\" height=\"150\" \/><\/span>Le repinique ou \u00ab\u00a0repi\u00a0\u00bb ressemble plus \u00e0 une \u00ab\u00a0vraie\u00a0\u00bb batterie et produit un son similaire au tambourin mais plus doux et plus tonal. Ce sont g\u00e9n\u00e9ralement les repi et les tambourins qui produisent la \u00ab\u00a0m\u00e9lodie\u00a0\u00bb des morceaux. Dans les morceaux RoR, il y a quatre coups diff\u00e9rents qui peuvent \u00eatre jou\u00e9s sur un repenique. Certaines breaks d&rsquo;appel-r\u00e9ponse commencent par un appel du repenique, donc assurez-vous que vous \u00eates pr\u00eat\u00b7e pour votre entr\u00e9e.<\/p>\n<h3 class=\"spip\">Caixa \/ Caisse claire<\/h3>\n<p><span class=\"spip_document_471 spip_documents spip_documents_left\"><img loading=\"lazy\" decoding=\"async\" class=\"size-full wp-image-116 alignleft\" src=\"https:\/\/www.rhythms-of-resistance.org\/wp-content\/uploads\/2019\/05\/200px_snare.jpg\" alt=\"\" width=\"200\" height=\"200\" srcset=\"https:\/\/www.rhythms-of-resistance.org\/wp-content\/uploads\/2019\/05\/200px_snare.jpg 200w, https:\/\/www.rhythms-of-resistance.org\/wp-content\/uploads\/2019\/05\/200px_snare-150x150.jpg 150w\" sizes=\"(max-width: 200px) 85vw, 200px\" \/><\/span>La caixa (k-aie-sha) ou caisse claire est un des instruments les plus difficiles \u00e0 ma\u00eetriser mais qui donne au morceau la sensation essentielle du mouvement. La vraie caixa est un peu plus petite que la caisse claire, mais plus \u00e9paisse. La caisse de la caixa &#8211; contrairement \u00e0 celle d&rsquo;une caisse claire &#8211; n&rsquo;est pas constitu\u00e9e d&rsquo;une bande de spirales m\u00e9talliques plac\u00e9es contre la peau mais de cordes (style guitare) attach\u00e9es \u00e0 la caisse. La caisse claire est plut\u00f4t comparable aux caisses claires des fanfares. De notre c\u00f4t\u00e9, nous utilisons pour caisse claire des pi\u00e8ces d\u00e9tach\u00e9es de batteries (parce que \u00e7a ne change pas grand chose \ud83d\ude09 ) Une fois que tu as tes deux baguettes qui rebondissent, alors tout roule. Si tu n&rsquo;as jamais jou\u00e9 de caisse claire avant, n&rsquo;h\u00e9site pas \u00e0 pratiquer ta motricit\u00e9 pendant un certain temps jusqu&rsquo;\u00e0 ce que tu parviennes \u00e0 jouer les notes rapides de mani\u00e8re \u00e9gale avec les deux baguettes.<\/p>\n<h3 class=\"spip\">Surdos<\/h3>\n<p><span class=\"spip_document_472 spip_documents spip_documents_left\"><img loading=\"lazy\" decoding=\"async\" class=\"size-full wp-image-115 alignleft\" src=\"https:\/\/www.rhythms-of-resistance.org\/wp-content\/uploads\/2019\/05\/200px_Surdo.jpg\" alt=\"\" width=\"200\" height=\"267\" \/><\/span>Les surdos sont les grosses caisses du groupe. Ils se d\u00e9clinent en trois tonalit\u00e9s, \u00e9galement appel\u00e9es low (1), mid (2) et high (3). Le low \u00e9tant le plus grave et le high le plus aigu. Les surdos cr\u00e9ent la base du rythme de la musique. Les surdos ont l&rsquo;air facile \u00e0 jouer mais comme ils sont importants pour donner (et garder!) le tempo, il sont plus difficiles qu&rsquo;ils n&rsquo;en n&rsquo;ont l&rsquo;air.<\/p>\n<div id=\"simple-translate\">\n<div>\n<div class=\"simple-translate-button isShow\" style=\"background-image: url('moz-extension:\/\/8d89db60-ce0b-40f0-93ce-ee443aa49ab6\/icons\/512.png'); height: 22px; width: 22px; top: 405px; left: 316px;\"><\/div>\n<div class=\"simple-translate-panel \" style=\"width: 300px; height: 200px; top: 0px; left: 0px; font-size: 13px; background-color: #ffffff;\">\n<div class=\"simple-translate-result-wrapper\" style=\"overflow: hidden;\">\n<p class=\"simple-translate-candidate\" style=\"color: #737373;\">\n<\/div>\n<\/div>\n<\/div>\n<\/div>\n<p><\/p>","protected":false},"excerpt":{"rendered":"<p>Le tamborim Le tamborim est le plus petit des tambours. Ce ne sont pas les m\u00eames que les tambourins \u00e0 clochettes avec lesquels tu jouais \u00e0 l&rsquo;\u00e9cole! Dans la samba, les tamborims n&rsquo;ont pas de clochettes et sont frapp\u00e9s avec des baguettes compos\u00e9es de multiples tiges flexibles pour produire un son fort et aigu. Le &hellip; <a href=\"https:\/\/www.rhythms-of-resistance.org\/fr\/about-us\/instruments\/\" class=\"more-link\">Continuer la lecture<span class=\"screen-reader-text\"> de &laquo;&nbsp;Instruments&nbsp;&raquo;<\/span><\/a><\/p>\n","protected":false},"author":1,"featured_media":0,"parent":18,"menu_order":0,"comment_status":"closed","ping_status":"closed","template":"","meta":{"footnotes":""},"class_list":["post-28","page","type-page","status-publish","hentry"],"_links":{"self":[{"href":"https:\/\/www.rhythms-of-resistance.org\/fr\/wp-json\/wp\/v2\/pages\/28"}],"collection":[{"href":"https:\/\/www.rhythms-of-resistance.org\/fr\/wp-json\/wp\/v2\/pages"}],"about":[{"href":"https:\/\/www.rhythms-of-resistance.org\/fr\/wp-json\/wp\/v2\/types\/page"}],"author":[{"embeddable":true,"href":"https:\/\/www.rhythms-of-resistance.org\/fr\/wp-json\/wp\/v2\/users\/1"}],"replies":[{"embeddable":true,"href":"https:\/\/www.rhythms-of-resistance.org\/fr\/wp-json\/wp\/v2\/comments?post=28"}],"version-history":[{"count":45,"href":"https:\/\/www.rhythms-of-resistance.org\/fr\/wp-json\/wp\/v2\/pages\/28\/revisions"}],"predecessor-version":[{"id":816,"href":"https:\/\/www.rhythms-of-resistance.org\/fr\/wp-json\/wp\/v2\/pages\/28\/revisions\/816"}],"up":[{"embeddable":true,"href":"https:\/\/www.rhythms-of-resistance.org\/fr\/wp-json\/wp\/v2\/pages\/18"}],"wp:attachment":[{"href":"https:\/\/www.rhythms-of-resistance.org\/fr\/wp-json\/wp\/v2\/media?parent=28"}],"curies":[{"name":"wp","href":"https:\/\/api.w.org\/{rel}","templated":true}]}}