{"id":424,"date":"2019-08-20T20:48:04","date_gmt":"2019-08-20T20:48:04","guid":{"rendered":"https:\/\/www.rhythms-of-resistance.org\/?page_id=424"},"modified":"2025-04-03T15:54:35","modified_gmt":"2025-04-03T15:54:35","slug":"translations","status":"publish","type":"page","link":"https:\/\/www.rhythms-of-resistance.org\/fr\/about-us\/translations\/","title":{"rendered":"Traductions"},"content":{"rendered":"<p>On est en train de traduire le site en fran\u00e7ais.<\/p>\n<p>Si \u00e7a t&rsquo;int\u00e9resse d&rsquo;aider \u00e0 traduire vers le fran\u00e7ais, \u00e9cris \u00e0 hopp(at)riseup.net<\/p>","protected":false},"excerpt":{"rendered":"<p>On est en train de traduire le site en fran\u00e7ais. Si \u00e7a t&rsquo;int\u00e9resse d&rsquo;aider \u00e0 traduire vers le fran\u00e7ais, \u00e9cris \u00e0 hopp(at)riseup.net<\/p>\n","protected":false},"author":2,"featured_media":0,"parent":18,"menu_order":10,"comment_status":"closed","ping_status":"closed","template":"","meta":{"footnotes":""},"class_list":["post-424","page","type-page","status-publish","hentry"],"_links":{"self":[{"href":"https:\/\/www.rhythms-of-resistance.org\/fr\/wp-json\/wp\/v2\/pages\/424"}],"collection":[{"href":"https:\/\/www.rhythms-of-resistance.org\/fr\/wp-json\/wp\/v2\/pages"}],"about":[{"href":"https:\/\/www.rhythms-of-resistance.org\/fr\/wp-json\/wp\/v2\/types\/page"}],"author":[{"embeddable":true,"href":"https:\/\/www.rhythms-of-resistance.org\/fr\/wp-json\/wp\/v2\/users\/2"}],"replies":[{"embeddable":true,"href":"https:\/\/www.rhythms-of-resistance.org\/fr\/wp-json\/wp\/v2\/comments?post=424"}],"version-history":[{"count":12,"href":"https:\/\/www.rhythms-of-resistance.org\/fr\/wp-json\/wp\/v2\/pages\/424\/revisions"}],"predecessor-version":[{"id":1025,"href":"https:\/\/www.rhythms-of-resistance.org\/fr\/wp-json\/wp\/v2\/pages\/424\/revisions\/1025"}],"up":[{"embeddable":true,"href":"https:\/\/www.rhythms-of-resistance.org\/fr\/wp-json\/wp\/v2\/pages\/18"}],"wp:attachment":[{"href":"https:\/\/www.rhythms-of-resistance.org\/fr\/wp-json\/wp\/v2\/media?parent=424"}],"curies":[{"name":"wp","href":"https:\/\/api.w.org\/{rel}","templated":true}]}}