{"id":560,"date":"2019-12-31T15:24:55","date_gmt":"2019-12-31T15:24:55","guid":{"rendered":"https:\/\/www.rhythms-of-resistance.org\/?page_id=560"},"modified":"2021-09-14T08:48:34","modified_gmt":"2021-09-14T08:48:34","slug":"principles","status":"publish","type":"page","link":"https:\/\/www.rhythms-of-resistance.org\/fr\/principles\/","title":{"rendered":"Principes"},"content":{"rendered":"<p><\/p>\n<blockquote><p>Nous sommes un r\u00e9seau transnational antihi\u00e9rarchique, anticapitaliste, antisexiste et antiraciste qui lutte pour la justice sociale et \u00e9cologique.<\/p>\n<p>Nous sommes des militants qui utilisent la frivolit\u00e9 tactique comme une forme d&rsquo;action politique pour faire face \u00e0 tout syst\u00e8me de domination.<\/p>\n<p>Nous soutenons aussi directement toute personne qui subit ou lutte contre l&rsquo;exploitation, la discrimination et l&rsquo;oppression, sans compromettre nos principes.<\/p>\n<p>Nos tactiques comprennent les percussions et la danse inspir\u00e9es de la samba et du carnaval.<\/p>\n<p>Nous rejetons toute fausse opposition entre le militantisme et les formes cr\u00e9atives de r\u00e9sistance.<\/p>\n<p>M\u00eame si nous sommes des groupes diff\u00e9rents fonctionnant de mani\u00e8re d\u00e9centralis\u00e9e, nous visons \u00e0 maximiser la participation \u00e0 notre processus collectif.<\/p>\n<p>Nous sommes un r\u00e9seau ouvert \u00e0 toute personne qui partage nos principes.<\/p>\n<p>Rejoins-nous!<\/p><\/blockquote>\n<p><\/p>","protected":false},"excerpt":{"rendered":"<p>Nous sommes un r\u00e9seau transnational antihi\u00e9rarchique, anticapitaliste, antisexiste et antiraciste qui lutte pour la justice sociale et \u00e9cologique. Nous sommes des militants qui utilisent la frivolit\u00e9 tactique comme une forme d&rsquo;action politique pour faire face \u00e0 tout syst\u00e8me de domination. Nous soutenons aussi directement toute personne qui subit ou lutte contre l&rsquo;exploitation, la discrimination et &hellip; <a href=\"https:\/\/www.rhythms-of-resistance.org\/fr\/principles\/\" class=\"more-link\">Continuer la lecture<span class=\"screen-reader-text\"> de &laquo;&nbsp;Principes&nbsp;&raquo;<\/span><\/a><\/p>\n","protected":false},"author":1,"featured_media":0,"parent":0,"menu_order":0,"comment_status":"closed","ping_status":"closed","template":"","meta":{"footnotes":""},"class_list":["post-560","page","type-page","status-publish","hentry"],"_links":{"self":[{"href":"https:\/\/www.rhythms-of-resistance.org\/fr\/wp-json\/wp\/v2\/pages\/560"}],"collection":[{"href":"https:\/\/www.rhythms-of-resistance.org\/fr\/wp-json\/wp\/v2\/pages"}],"about":[{"href":"https:\/\/www.rhythms-of-resistance.org\/fr\/wp-json\/wp\/v2\/types\/page"}],"author":[{"embeddable":true,"href":"https:\/\/www.rhythms-of-resistance.org\/fr\/wp-json\/wp\/v2\/users\/1"}],"replies":[{"embeddable":true,"href":"https:\/\/www.rhythms-of-resistance.org\/fr\/wp-json\/wp\/v2\/comments?post=560"}],"version-history":[{"count":10,"href":"https:\/\/www.rhythms-of-resistance.org\/fr\/wp-json\/wp\/v2\/pages\/560\/revisions"}],"predecessor-version":[{"id":830,"href":"https:\/\/www.rhythms-of-resistance.org\/fr\/wp-json\/wp\/v2\/pages\/560\/revisions\/830"}],"wp:attachment":[{"href":"https:\/\/www.rhythms-of-resistance.org\/fr\/wp-json\/wp\/v2\/media?parent=560"}],"curies":[{"name":"wp","href":"https:\/\/api.w.org\/{rel}","templated":true}]}}