{"id":1004,"date":"2024-09-08T20:33:32","date_gmt":"2024-09-08T20:33:32","guid":{"rendered":"https:\/\/www.rhythms-of-resistance.org\/?page_id=1004"},"modified":"2025-12-30T15:34:43","modified_gmt":"2025-12-30T15:34:43","slug":"palestine-statements","status":"publish","type":"page","link":"https:\/\/www.rhythms-of-resistance.org\/it\/palestine-statements\/","title":{"rendered":"Palestine Statements"},"content":{"rendered":"<p class=\"qtranxs-available-languages-message qtranxs-available-languages-message-it\">Ci spiace, ma questo articolo \u00e8 disponibile soltanto in <a href=\"https:\/\/www.rhythms-of-resistance.org\/en\/wp-json\/wp\/v2\/pages\/1004\" class=\"qtranxs-available-language-link qtranxs-available-language-link-en\" title=\"English\">English<\/a>.<\/p><p>The following RoR bands wish to make a public statement to express solidarity with the Palestinian people:<\/p>\n<ul>\n<li><a href=\"https:\/\/we.riseup.net\/roramsterdam\/palestine-statement-ror-amsterdam\">RoR Amsterdam<\/a><\/li>\n<li><a href=\"https:\/\/crabgrass.riseup.net\/rorsambrokato\/solidarity-with-the-palestinian-people\" target=\"_blank\" rel=\"noopener\">RoR Sambrokato Warsaw<\/a><\/li>\n<li><a href=\"https:\/\/we.riseup.net\/sambaccao\/we-stand-for-a-free-palestine\">Sambac\u00e7\u00e3o RoR Lisbon<\/a><\/li>\n<li><a href=\"https:\/\/we.riseup.net\/ror-lille\/ror-lille-statment-regarding-palestine-liberation\">RoR Lille<\/a><\/li>\n<li><a href=\"https:\/\/berlin.rhythms-of-resistance.org\/palestine-statement\/\">RoR Berlin<\/a><\/li>\n<li><a href=\"https:\/\/we.riseup.net\/ror_tallinn_band\/ror-tallinn-in-support-of-palestine\">RoR Tallinn<\/a><\/li>\n<li><a href=\"https:\/\/crabgrass.riseup.net\/ror_bp\/solidarity-with-the-palestinian-people\">RoR Budapest<\/a><\/li>\n<li><a href=\"https:\/\/we.riseup.net\/rorhelsinki\/statement-on-palestine-tnm-2024\">RoR Helsinki, Tampere (ManseRoR) and Turku<\/a><\/li>\n<li><a href=\"https:\/\/we.riseup.net\/ror_zureich\/palestine-statement-ror-zurich\">RoR Z\u00fcrich<\/a><\/li>\n<\/ul>\n<p><\/p>","protected":false},"excerpt":{"rendered":"<p>Ci spiace, ma questo articolo \u00e8 disponibile soltanto in English.The following RoR bands wish to make a public statement to express solidarity with the Palestinian people: RoR Amsterdam RoR Sambrokato Warsaw Sambac\u00e7\u00e3o RoR Lisbon RoR Lille RoR Berlin RoR Tallinn RoR Budapest RoR Helsinki, Tampere (ManseRoR) and Turku RoR Z\u00fcrich<\/p>\n","protected":false},"author":2,"featured_media":0,"parent":0,"menu_order":0,"comment_status":"closed","ping_status":"closed","template":"","meta":{"footnotes":""},"class_list":["post-1004","page","type-page","status-publish","hentry"],"_links":{"self":[{"href":"https:\/\/www.rhythms-of-resistance.org\/it\/wp-json\/wp\/v2\/pages\/1004"}],"collection":[{"href":"https:\/\/www.rhythms-of-resistance.org\/it\/wp-json\/wp\/v2\/pages"}],"about":[{"href":"https:\/\/www.rhythms-of-resistance.org\/it\/wp-json\/wp\/v2\/types\/page"}],"author":[{"embeddable":true,"href":"https:\/\/www.rhythms-of-resistance.org\/it\/wp-json\/wp\/v2\/users\/2"}],"replies":[{"embeddable":true,"href":"https:\/\/www.rhythms-of-resistance.org\/it\/wp-json\/wp\/v2\/comments?post=1004"}],"version-history":[{"count":10,"href":"https:\/\/www.rhythms-of-resistance.org\/it\/wp-json\/wp\/v2\/pages\/1004\/revisions"}],"predecessor-version":[{"id":1049,"href":"https:\/\/www.rhythms-of-resistance.org\/it\/wp-json\/wp\/v2\/pages\/1004\/revisions\/1049"}],"wp:attachment":[{"href":"https:\/\/www.rhythms-of-resistance.org\/it\/wp-json\/wp\/v2\/media?parent=1004"}],"curies":[{"name":"wp","href":"https:\/\/api.w.org\/{rel}","templated":true}]}}