{"id":12,"date":"2019-05-30T10:45:08","date_gmt":"2019-05-30T10:45:08","guid":{"rendered":"https:\/\/wp.rhythms-of-resistance.org\/?page_id=12"},"modified":"2025-02-25T15:52:44","modified_gmt":"2025-02-25T15:52:44","slug":"player","status":"publish","type":"page","link":"https:\/\/www.rhythms-of-resistance.org\/lt\/tunes-dances\/player\/","title":{"rendered":"Player"},"content":{"rendered":"<p class=\"qtranxs-available-languages-message qtranxs-available-languages-message-lt\">Atsipra\u0161ome, \u0161is puslapis galimas tik <a href=\"https:\/\/www.rhythms-of-resistance.org\/en\/wp-json\/wp\/v2\/pages\/12\" class=\"qtranxs-available-language-link qtranxs-available-language-link-en\" title=\"English\">English<\/a>, <a href=\"https:\/\/www.rhythms-of-resistance.org\/de\/wp-json\/wp\/v2\/pages\/12\" class=\"qtranxs-available-language-link qtranxs-available-language-link-de\" title=\"Deutsch\">Deutsch<\/a>, <a href=\"https:\/\/www.rhythms-of-resistance.org\/fr\/wp-json\/wp\/v2\/pages\/12\" class=\"qtranxs-available-language-link qtranxs-available-language-link-fr\" title=\"Fran\u00e7ais\">Fran\u00e7ais<\/a>, <a href=\"https:\/\/www.rhythms-of-resistance.org\/ar\/wp-json\/wp\/v2\/pages\/12\" class=\"qtranxs-available-language-link qtranxs-available-language-link-ar\" title=\"\u0627\u0644\u0639\u0631\u0628\u064a\u0629\">\u0627\u0644\u0639\u0631\u0628\u064a\u0629<\/a> ir <a href=\"https:\/\/www.rhythms-of-resistance.org\/fi\/wp-json\/wp\/v2\/pages\/12\" class=\"qtranxs-available-language-link qtranxs-available-language-link-fi\" title=\"suomi\">suomi<\/a>.<\/p><p>\n<!-- iframe plugin v.6.0 wordpress.org\/plugins\/iframe\/ -->\n<iframe loading=\"lazy\" src=\"https:\/\/player.rhythms-of-resistance.org\/\" width=\"100%\" style=\"border:1px solid #eee; height: 80vh\" height=\"500\" scrolling=\"yes\" class=\"iframe-class\" frameborder=\"0\"><\/iframe>\n<\/p>\n<hr \/>\n<p>You can look at the notes and listen to the tunes in the <a href=\"https:\/\/player.rhythms-of-resistance.org\/\">RoR Player<\/a>. Printable versions of the tune sheets can be found <a href=\"https:\/\/github.com\/rhythms-of-resistance\/sheetbook\/tree\/master\/generated\">here<\/a>.<\/p>\n<div id=\"simple-translate\">\n<div>\n<div class=\"simple-translate-button isShow\" style=\"background-image: url('moz-extension:\/\/8d89db60-ce0b-40f0-93ce-ee443aa49ab6\/icons\/512.png'); height: 22px; width: 22px; top: -9px; left: 25px;\"><\/div>\n<div class=\"simple-translate-panel \" style=\"width: 300px; height: 200px; top: 0px; left: 0px; font-size: 13px; background-color: #ffffff;\">\n<div class=\"simple-translate-result-wrapper\" style=\"overflow: hidden;\">\n<div class=\"simple-translate-move\" draggable=\"true\"><\/div>\n<div class=\"simple-translate-result-contents\">\n<p class=\"simple-translate-candidate\" style=\"color: #737373;\">\n<\/div>\n<\/div>\n<\/div>\n<\/div>\n<\/div>\n<p><\/p>","protected":false},"excerpt":{"rendered":"<p>Atsipra\u0161ome, \u0161is puslapis galimas tik English, Deutsch, Fran\u00e7ais ir suomi. You can look at the notes and listen to the tunes in the RoR Player. Printable versions of the tune sheets can be found here.<\/p>\n","protected":false},"author":1,"featured_media":0,"parent":10,"menu_order":0,"comment_status":"closed","ping_status":"closed","template":"","meta":{"footnotes":""},"class_list":["post-12","page","type-page","status-publish","hentry"],"_links":{"self":[{"href":"https:\/\/www.rhythms-of-resistance.org\/lt\/wp-json\/wp\/v2\/pages\/12"}],"collection":[{"href":"https:\/\/www.rhythms-of-resistance.org\/lt\/wp-json\/wp\/v2\/pages"}],"about":[{"href":"https:\/\/www.rhythms-of-resistance.org\/lt\/wp-json\/wp\/v2\/types\/page"}],"author":[{"embeddable":true,"href":"https:\/\/www.rhythms-of-resistance.org\/lt\/wp-json\/wp\/v2\/users\/1"}],"replies":[{"embeddable":true,"href":"https:\/\/www.rhythms-of-resistance.org\/lt\/wp-json\/wp\/v2\/comments?post=12"}],"version-history":[{"count":12,"href":"https:\/\/www.rhythms-of-resistance.org\/lt\/wp-json\/wp\/v2\/pages\/12\/revisions"}],"predecessor-version":[{"id":1020,"href":"https:\/\/www.rhythms-of-resistance.org\/lt\/wp-json\/wp\/v2\/pages\/12\/revisions\/1020"}],"up":[{"embeddable":true,"href":"https:\/\/www.rhythms-of-resistance.org\/lt\/wp-json\/wp\/v2\/pages\/10"}],"wp:attachment":[{"href":"https:\/\/www.rhythms-of-resistance.org\/lt\/wp-json\/wp\/v2\/media?parent=12"}],"curies":[{"name":"wp","href":"https:\/\/api.w.org\/{rel}","templated":true}]}}