{"id":301,"date":"2019-05-30T22:35:57","date_gmt":"2019-05-30T22:35:57","guid":{"rendered":"https:\/\/wp.rhythms-of-resistance.org\/?page_id=301"},"modified":"2020-02-13T15:16:01","modified_gmt":"2020-02-13T15:16:01","slug":"special-break-signs","status":"publish","type":"page","link":"https:\/\/www.rhythms-of-resistance.org\/lt\/tunes-dances\/signs\/special-break-signs\/","title":{"rendered":"Special Break Signs"},"content":{"rendered":"<p class=\"qtranxs-available-languages-message qtranxs-available-languages-message-lt\">Atsipra\u0161ome, \u0161is puslapis galimas tik <a href=\"https:\/\/www.rhythms-of-resistance.org\/en\/wp-json\/wp\/v2\/pages\/301\" class=\"qtranxs-available-language-link qtranxs-available-language-link-en\" title=\"English\">English<\/a> ir <a href=\"https:\/\/www.rhythms-of-resistance.org\/fr\/wp-json\/wp\/v2\/pages\/301\" class=\"qtranxs-available-language-link qtranxs-available-language-link-fr\" title=\"Fran\u00e7ais\">Fran\u00e7ais<\/a>.<\/p><p><\/p>\n<table class=\"signs-container\" style=\"width: 100%;\">\n<tbody>\n<tr>\n<td class=\"picture\" style=\"width: 21.5476%;\"><a href=\"https:\/\/www.rhythms-of-resistance.org\/wp-content\/uploads\/2019\/05\/Hip_Hop-small.jpg\"><img loading=\"lazy\" decoding=\"async\" class=\"alignnone size-thumbnail wp-image-302\" src=\"https:\/\/www.rhythms-of-resistance.org\/wp-content\/uploads\/2019\/05\/Hip_Hop-small-150x150.jpg\" alt=\"\" width=\"150\" height=\"150\" srcset=\"https:\/\/www.rhythms-of-resistance.org\/wp-content\/uploads\/2019\/05\/Hip_Hop-small-150x150.jpg 150w, https:\/\/www.rhythms-of-resistance.org\/wp-content\/uploads\/2019\/05\/Hip_Hop-small.jpg 300w\" sizes=\"(max-width: 150px) 85vw, 150px\" \/><\/a><\/td>\n<td class=\"desc\" style=\"width: 78.3333%;\">\n<h3 class=\"name\">Hip Hop Break<\/h3>\n<\/td>\n<\/tr>\n<tr>\n<td class=\"picture\" style=\"width: 21.5476%;\"><a href=\"https:\/\/www.rhythms-of-resistance.org\/wp-content\/uploads\/2019\/05\/Oi_Break-small.jpg\"><img loading=\"lazy\" decoding=\"async\" class=\"alignnone size-thumbnail wp-image-303\" src=\"https:\/\/www.rhythms-of-resistance.org\/wp-content\/uploads\/2019\/05\/Oi_Break-small-150x150.jpg\" alt=\"\" width=\"150\" height=\"150\" srcset=\"https:\/\/www.rhythms-of-resistance.org\/wp-content\/uploads\/2019\/05\/Oi_Break-small-150x150.jpg 150w, https:\/\/www.rhythms-of-resistance.org\/wp-content\/uploads\/2019\/05\/Oi_Break-small.jpg 300w\" sizes=\"(max-width: 150px) 85vw, 150px\" \/><\/a><\/td>\n<td class=\"desc\" style=\"width: 78.3333%;\">\n<h3 class=\"name\">Oi Break<\/h3>\n<\/td>\n<\/tr>\n<tr>\n<td class=\"picture\" style=\"width: 21.5476%;\"><a href=\"https:\/\/www.rhythms-of-resistance.org\/wp-content\/uploads\/2019\/05\/Ua_Break-small.jpg\"><img loading=\"lazy\" decoding=\"async\" class=\"alignnone size-thumbnail wp-image-304\" src=\"https:\/\/www.rhythms-of-resistance.org\/wp-content\/uploads\/2019\/05\/Ua_Break-small-150x150.jpg\" alt=\"\" width=\"150\" height=\"150\" srcset=\"https:\/\/www.rhythms-of-resistance.org\/wp-content\/uploads\/2019\/05\/Ua_Break-small-150x150.jpg 150w, https:\/\/www.rhythms-of-resistance.org\/wp-content\/uploads\/2019\/05\/Ua_Break-small.jpg 300w\" sizes=\"(max-width: 150px) 85vw, 150px\" \/><\/a><\/td>\n<td class=\"desc\" style=\"width: 78.3333%;\">\n<h3 class=\"name\">Ua Break<\/h3>\n<\/td>\n<\/tr>\n<\/tbody>\n<\/table>\n<p><\/p>","protected":false},"excerpt":{"rendered":"<p>Atsipra\u0161ome, \u0161is puslapis galimas tik English ir Fran\u00e7ais. Hip Hop Break Oi Break Ua Break<\/p>\n","protected":false},"author":1,"featured_media":0,"parent":227,"menu_order":0,"comment_status":"closed","ping_status":"closed","template":"","meta":{"footnotes":""},"class_list":["post-301","page","type-page","status-publish","hentry"],"_links":{"self":[{"href":"https:\/\/www.rhythms-of-resistance.org\/lt\/wp-json\/wp\/v2\/pages\/301"}],"collection":[{"href":"https:\/\/www.rhythms-of-resistance.org\/lt\/wp-json\/wp\/v2\/pages"}],"about":[{"href":"https:\/\/www.rhythms-of-resistance.org\/lt\/wp-json\/wp\/v2\/types\/page"}],"author":[{"embeddable":true,"href":"https:\/\/www.rhythms-of-resistance.org\/lt\/wp-json\/wp\/v2\/users\/1"}],"replies":[{"embeddable":true,"href":"https:\/\/www.rhythms-of-resistance.org\/lt\/wp-json\/wp\/v2\/comments?post=301"}],"version-history":[{"count":3,"href":"https:\/\/www.rhythms-of-resistance.org\/lt\/wp-json\/wp\/v2\/pages\/301\/revisions"}],"predecessor-version":[{"id":577,"href":"https:\/\/www.rhythms-of-resistance.org\/lt\/wp-json\/wp\/v2\/pages\/301\/revisions\/577"}],"up":[{"embeddable":true,"href":"https:\/\/www.rhythms-of-resistance.org\/lt\/wp-json\/wp\/v2\/pages\/227"}],"wp:attachment":[{"href":"https:\/\/www.rhythms-of-resistance.org\/lt\/wp-json\/wp\/v2\/media?parent=301"}],"curies":[{"name":"wp","href":"https:\/\/api.w.org\/{rel}","templated":true}]}}