{"id":10,"date":"2019-05-30T10:44:36","date_gmt":"2019-05-30T10:44:36","guid":{"rendered":"https:\/\/wp.rhythms-of-resistance.org\/?page_id=10"},"modified":"2020-07-27T17:28:42","modified_gmt":"2020-07-27T17:28:42","slug":"tunes-dances","status":"publish","type":"page","link":"https:\/\/www.rhythms-of-resistance.org\/pl\/tunes-dances\/","title":{"rendered":"Tunes &#038; Dances"},"content":{"rendered":"<p class=\"qtranxs-available-languages-message qtranxs-available-languages-message-pl\">Przepraszamy, ten wpis jest dost\u0119pny tylko w j\u0119zyku <a href=\"https:\/\/www.rhythms-of-resistance.org\/en\/wp-json\/wp\/v2\/pages\/10\" class=\"qtranxs-available-language-link qtranxs-available-language-link-en\" title=\"English\">English<\/a>, <a href=\"https:\/\/www.rhythms-of-resistance.org\/fr\/wp-json\/wp\/v2\/pages\/10\" class=\"qtranxs-available-language-link qtranxs-available-language-link-fr\" title=\"Fran\u00e7ais\">Fran\u00e7ais<\/a> i <a href=\"https:\/\/www.rhythms-of-resistance.org\/ar\/wp-json\/wp\/v2\/pages\/10\" class=\"qtranxs-available-language-link qtranxs-available-language-link-ar\" title=\"\u0627\u0644\u0639\u0631\u0628\u064a\u0629\">\u0627\u0644\u0639\u0631\u0628\u064a\u0629<\/a>.<\/p><p>A samba band consists of\u00a0<strong>dancers<\/strong>\u00a0and of\u00a0<strong>players<\/strong>\u00a0of the various instruments, and a\u00a0<strong>conductor<\/strong>.<\/p>\n<p>A\u00a0<strong>mestre<\/strong>\u00a0is the person who leads the groove (or the dances) using all manner of signals. When leading music, they direct its flow by stopping and starting various instruments and calling brakes. See our\u00a0<a href=\"https:\/\/www.rhythms-of-resistance.org\/tunes-dances\/signs\/\">signs section<\/a> for a comprehensive guide to the signals.<\/p>\n<p>Besides the music,\u00a0<a href=\"https:\/\/www.rhythms-of-resistance.org\/tunes-dances\/dances\/\">radical dancing<\/a>\u00a0is another tool that can be used in combination with samba.<\/p>","protected":false},"excerpt":{"rendered":"<p>Przepraszamy, ten wpis jest dost\u0119pny tylko w j\u0119zyku English, Fran\u00e7ais i \u0627\u0644\u0639\u0631\u0628\u064a\u0629.A samba band consists of\u00a0dancers\u00a0and of\u00a0players\u00a0of the various instruments, and a\u00a0conductor. A\u00a0mestre\u00a0is the person who leads the groove (or the dances) using all manner of signals. When leading music, they direct its flow by stopping and starting various instruments and calling brakes. See our\u00a0signs &hellip; <a href=\"https:\/\/www.rhythms-of-resistance.org\/pl\/tunes-dances\/\" class=\"more-link\">Czytaj dalej<span class=\"screen-reader-text\"> \u201eTunes &#038; Dances\u201d<\/span><\/a><\/p>\n","protected":false},"author":1,"featured_media":0,"parent":0,"menu_order":0,"comment_status":"closed","ping_status":"closed","template":"","meta":{"footnotes":""},"class_list":["post-10","page","type-page","status-publish","hentry"],"_links":{"self":[{"href":"https:\/\/www.rhythms-of-resistance.org\/pl\/wp-json\/wp\/v2\/pages\/10"}],"collection":[{"href":"https:\/\/www.rhythms-of-resistance.org\/pl\/wp-json\/wp\/v2\/pages"}],"about":[{"href":"https:\/\/www.rhythms-of-resistance.org\/pl\/wp-json\/wp\/v2\/types\/page"}],"author":[{"embeddable":true,"href":"https:\/\/www.rhythms-of-resistance.org\/pl\/wp-json\/wp\/v2\/users\/1"}],"replies":[{"embeddable":true,"href":"https:\/\/www.rhythms-of-resistance.org\/pl\/wp-json\/wp\/v2\/comments?post=10"}],"version-history":[{"count":14,"href":"https:\/\/www.rhythms-of-resistance.org\/pl\/wp-json\/wp\/v2\/pages\/10\/revisions"}],"predecessor-version":[{"id":708,"href":"https:\/\/www.rhythms-of-resistance.org\/pl\/wp-json\/wp\/v2\/pages\/10\/revisions\/708"}],"wp:attachment":[{"href":"https:\/\/www.rhythms-of-resistance.org\/pl\/wp-json\/wp\/v2\/media?parent=10"}],"curies":[{"name":"wp","href":"https:\/\/api.w.org\/{rel}","templated":true}]}}