{"id":20,"date":"2019-05-30T10:50:35","date_gmt":"2019-05-30T10:50:35","guid":{"rendered":"https:\/\/wp.rhythms-of-resistance.org\/?page_id=20"},"modified":"2025-04-03T16:00:48","modified_gmt":"2025-04-03T16:00:48","slug":"who-we-are-and-what-we-do","status":"publish","type":"page","link":"https:\/\/www.rhythms-of-resistance.org\/pl\/about-us\/who-we-are-and-what-we-do\/","title":{"rendered":"Kim jeste\u015bmy i co robimy"},"content":{"rendered":"<p><\/p>\n<h1>Sie\u0107<\/h1>\n<p>Rytmy Oporu (RoR) to sie\u0107 zespo\u0142\u00f3w perkusyjnych z\u0142o\u017cona obecnie z ponad sze\u015b\u0107dziesi\u0119ciu aktywistycznych grup z ca\u0142ego \u015bwiata. RoR jest spadkobierc\u0105 r\u00f3\u017cowo-srebrnego bloku opartego na \u201ctaktycznej frywolno\u015bci\u201d (znanej te\u017c jako sekcja \u201cniepowa\u017cnych akrobacji i puszystych rzeczy\u201d), bior\u0105cego udzia\u0142 w akcjach antyglobalistycznych lat 90. i w pocz\u0105tkach XXI wieku. Wykorzystywanie tej taktycznej frywolno\u015bci, karnawa\u0142u i kreatywno\u015bci, to cechy charakterystyczne zespo\u0142\u00f3w w sieci RoR (a kolor r\u00f3\u017cowy to znak rozpoznawczy dla aktywist\u00f3w RoR zar\u00f3wno w zespo\u0142ach, jak i poza nimi).<\/p>\n<p>Wszystkie grupy graj\u0105 te same rytmy oraz u\u017cywaj\u0105 tych samych znak\u00f3w i sygna\u0142\u00f3w, dzi\u0119ki czemu na wielkich wydarzeniach r\u00f3\u017cne zespo\u0142y mog\u0105 uformowa\u0107 jedn\u0105 wielk\u0105 \u017cywio\u0142ow\u0105 bateri\u0119.<\/p>\n<p>Zespo\u0142y RoR opieraj\u0105 si\u0119 na demokratycznych i zdecentralizowanych zasadach. Decyzje podejmowane s\u0105 na zasadzie konsensusu, a dyskusje trwaj\u0105 tak d\u0142ugo, a\u017c ka\u017cda osoba b\u0119dzie przekonana, \u017ce wsp\u00f3lne stanowisko jest s\u0142uszne. Nikt nie jest \u201cszefem\u201d, a osoby, kt\u00f3re dopiero do\u0142\u0105czy\u0142y maj\u0105 taki sam g\u0142os, jak wieloletni cz\u0142onkowie. Ka\u017cdy zesp\u00f3\u0142 jest niezale\u017cny, mo\u017ce wspiera\u0107 akcje i demonstracje, kt\u00f3re uzna za istotne, ale wszystkie zespo\u0142y zawsze mog\u0105 gra\u0107 wsp\u00f3lnie na du\u017cych wydarzeniach. Przy takich okazjach grup\u0119 sk\u0142adaj\u0105c\u0105 si\u0119 z wielu zespo\u0142\u00f3w prowadzi\u0107 mog\u0105 osoby maestruj\u0105ce (\u201edyryguj\u0105ce\u201d) pochodz\u0105ce z poszczeg\u00f3lnych grup wymieniaj\u0105c si\u0119 w zale\u017cno\u015bci od nastroju lub okoliczno\u015bci.<\/p>\n<p>Chocia\u017c ka\u017cdy zesp\u00f3\u0142 w sieci jest niezale\u017cny, to wszystkie sk\u0142adaj\u0105 si\u0119 z os\u00f3b maj\u0105cych wsp\u00f3lne przekonania i warto\u015bci, kt\u00f3re definiuj\u0105 sie\u0107 RoR jako ca\u0142o\u015b\u0107: <a href=\"https:\/\/www.rhythms-of-resistance.org\/pl\/principles\/\">Pryncypia<\/a><\/p>","protected":false},"excerpt":{"rendered":"<p>Sie\u0107 Rytmy Oporu (RoR) to sie\u0107 zespo\u0142\u00f3w perkusyjnych z\u0142o\u017cona obecnie z ponad sze\u015b\u0107dziesi\u0119ciu aktywistycznych grup z ca\u0142ego \u015bwiata. RoR jest spadkobierc\u0105 r\u00f3\u017cowo-srebrnego bloku opartego na \u201ctaktycznej frywolno\u015bci\u201d (znanej te\u017c jako sekcja \u201cniepowa\u017cnych akrobacji i puszystych rzeczy\u201d), bior\u0105cego udzia\u0142 w akcjach antyglobalistycznych lat 90. i w pocz\u0105tkach XXI wieku. Wykorzystywanie tej taktycznej frywolno\u015bci, karnawa\u0142u i kreatywno\u015bci, &hellip; <a href=\"https:\/\/www.rhythms-of-resistance.org\/pl\/about-us\/who-we-are-and-what-we-do\/\" class=\"more-link\">Czytaj dalej<span class=\"screen-reader-text\"> \u201eKim jeste\u015bmy i co robimy\u201d<\/span><\/a><\/p>\n","protected":false},"author":1,"featured_media":0,"parent":18,"menu_order":0,"comment_status":"closed","ping_status":"closed","template":"","meta":{"footnotes":""},"class_list":["post-20","page","type-page","status-publish","hentry"],"_links":{"self":[{"href":"https:\/\/www.rhythms-of-resistance.org\/pl\/wp-json\/wp\/v2\/pages\/20"}],"collection":[{"href":"https:\/\/www.rhythms-of-resistance.org\/pl\/wp-json\/wp\/v2\/pages"}],"about":[{"href":"https:\/\/www.rhythms-of-resistance.org\/pl\/wp-json\/wp\/v2\/types\/page"}],"author":[{"embeddable":true,"href":"https:\/\/www.rhythms-of-resistance.org\/pl\/wp-json\/wp\/v2\/users\/1"}],"replies":[{"embeddable":true,"href":"https:\/\/www.rhythms-of-resistance.org\/pl\/wp-json\/wp\/v2\/comments?post=20"}],"version-history":[{"count":18,"href":"https:\/\/www.rhythms-of-resistance.org\/pl\/wp-json\/wp\/v2\/pages\/20\/revisions"}],"predecessor-version":[{"id":1027,"href":"https:\/\/www.rhythms-of-resistance.org\/pl\/wp-json\/wp\/v2\/pages\/20\/revisions\/1027"}],"up":[{"embeddable":true,"href":"https:\/\/www.rhythms-of-resistance.org\/pl\/wp-json\/wp\/v2\/pages\/18"}],"wp:attachment":[{"href":"https:\/\/www.rhythms-of-resistance.org\/pl\/wp-json\/wp\/v2\/media?parent=20"}],"curies":[{"name":"wp","href":"https:\/\/api.w.org\/{rel}","templated":true}]}}