{"id":26,"date":"2019-05-30T10:51:46","date_gmt":"2019-05-30T10:51:46","guid":{"rendered":"https:\/\/wp.rhythms-of-resistance.org\/?page_id=26"},"modified":"2021-11-01T00:02:15","modified_gmt":"2021-11-01T00:02:15","slug":"pink-silver","status":"publish","type":"page","link":"https:\/\/www.rhythms-of-resistance.org\/pl\/about-us\/pink-silver\/","title":{"rendered":"Pink &#038; Silver"},"content":{"rendered":"<p><\/p>\n<h3 class=\"spip\">Frywolno\u015b\u0107 taktyczna<\/h3>\n<p>Frywolno\u015b\u0107 taktyczna (ang. Tactical Frivolity) to forma protestu. Czasami kojarzone z r\u00f3\u017cowymi i\/lub srebrnymi blokami na marszach o tematyce feministycznej i queerowej, bloki frywolno\u015bci taktycznej poznamy po b\u0119bnach, sambie, radykalnym cheerleadingu, wyst\u0119pach klaun\u00f3w i wr\u00f3\u017cek, a wszystko to, aby doda\u0107 protestowi humoru i karnawa\u0142owego charakteru.<\/p>\n<p>Frywolno\u015b\u0107 taktyczna wype\u0142nia luk\u0119 pomi\u0119dzy ca\u0142kowitym podporz\u0105dkowaniem, a brutaln\u0105 konfrontacj\u0105. Jej strategia zak\u0142ada odwr\u00f3cenie klasycznej taktyki konfrontacyjnej \u201eanarchi\u015bci kontra policja\u201d, poprzez zwielokrotnienie linii frontu i niezwykle ironiczne wykorzystanie kobieco\u015bci i kiczowatych reprezentacji cia\u0142a w dzia\u0142aniach bezpo\u015brednich. Muzyka i taniec sta\u0142y si\u0119 narz\u0119dziami tej bezprecedensowej redefinicji protestu ulicznego, nie tylko rozpraszaj\u0105c lub przekierowuj\u0105c przemoc policji, ale tworz\u0105c opraw\u0119 wizualn\u0105 i d\u017awi\u0119kow\u0105 dla manifestu wyzwolenia fizyczno\u015bci protestuj\u0105cych.<\/p>\n<h3 class=\"spip\">R\u00f3\u017cowe i srebrne bloki<\/h3>\n<p>W wi\u0119kszo\u015bci przypadk\u00f3w r\u00f3\u017cowe bloki s\u0105 tworzone przez aktywist\u00f3w wolno\u015bciowych, kt\u00f3rzy mieszcz\u0105 si\u0119 w spektrum dzia\u0142a\u0144 bezpo\u015brednich pomi\u0119dzy pacyfistami a czarnymi blokami.<\/p>\n<p>Pink Silver wywodzi si\u0119 natomiast z ruchu Reclaim the Streets (RTS, w t\u0142umaczeniu \u201eodzyska\u0107 ulice\u201d), kt\u00f3ry organizowa\u0142 antykapitalistyczne akcje i imprezy na ulicach min. Londynu, Tel Avivu, Sydnej, Nowego Jorku, Helsinek, sprzeciwiaj\u0105c si\u0119 kulturze samochodowej. Ich akcje opisywano jako po\u0142\u0105czenie imprezy rave, festiwalu, teatru ulicznego i demonstracji. Od 1995 roku Reclaim the Streets z powodzeniem organizuje dzia\u0142ania oporowe \u0142\u0105cz\u0105c performance poetycki ze skutecznymi strategiami politycznymi.<\/p>\n<p>Imprezy uliczne pozwalaj\u0105 odzyska\u0107 ulice z r\u0105k post\u0119puj\u0105cego kapitalizmu, konsumpcjonizmu i prywatnego transportu i wprowadzi\u0107 \u201etymczasowe strefy autonomiczne&#8221;- \u017cywe, t\u0119tni\u0105ce \u017cyciem przestrzenie, kt\u00f3re wcze\u015bniej by\u0142y zakazane dla pieszych.<\/p>\n<p>Pink Silver czerpie z etosu RTS, inscenizuj\u0105c w\u0119drowne uliczne imprezy karnawa\u0142owe z zespo\u0142ami samby zamiast system\u00f3w nag\u0142a\u015bniaj\u0105cych. Wykorzystuje zestaw kolor\u00f3w, aby odr\u00f3\u017cni\u0107 si\u0119 od innych grup, takich jak czarny blok, konfrontacyjnych, ale mniej fantazyjnych dzia\u0142a\u0144 Tute Bianche, nieanga\u017cuj\u0105cych marszy organizacji pozarz\u0105dowych, nieefektywnych strategi grup socjalistycznych i lewicowych (kt\u00f3rych transparenty i loga s\u0105 g\u0142\u00f3wnie czerwone) oraz od ciemnych militarystycznych mundur\u00f3w policji.<\/p>\n<p>Pierwszy r\u00f3\u017cowy blok uformowa\u0142 si\u0119 z szeregu Pink\/Silver podczas protestu antyglobalizacyjnego przeciw Bankowi \u015awiatowemu i Mi\u0119dzynarodowemu Funduszowi Walutowemu 26 wrze\u015bnia 2000 roku w czeskiej Pradze.<\/p>\n<p>Rytmy Oporu, sambowy zesp\u00f3\u0142 za\u0142o\u017cony w Pradze, do dzi\u015b rozwija swoje szczeg\u00f3lne po\u0142\u0105czenie muzyki i polityki.<\/p>","protected":false},"excerpt":{"rendered":"<p>Frywolno\u015b\u0107 taktyczna Frywolno\u015b\u0107 taktyczna (ang. Tactical Frivolity) to forma protestu. Czasami kojarzone z r\u00f3\u017cowymi i\/lub srebrnymi blokami na marszach o tematyce feministycznej i queerowej, bloki frywolno\u015bci taktycznej poznamy po b\u0119bnach, sambie, radykalnym cheerleadingu, wyst\u0119pach klaun\u00f3w i wr\u00f3\u017cek, a wszystko to, aby doda\u0107 protestowi humoru i karnawa\u0142owego charakteru. Frywolno\u015b\u0107 taktyczna wype\u0142nia luk\u0119 pomi\u0119dzy ca\u0142kowitym podporz\u0105dkowaniem, a &hellip; <a href=\"https:\/\/www.rhythms-of-resistance.org\/pl\/about-us\/pink-silver\/\" class=\"more-link\">Czytaj dalej<span class=\"screen-reader-text\"> \u201ePink &#038; Silver\u201d<\/span><\/a><\/p>\n","protected":false},"author":1,"featured_media":0,"parent":18,"menu_order":0,"comment_status":"closed","ping_status":"closed","template":"","meta":{"footnotes":""},"class_list":["post-26","page","type-page","status-publish","hentry"],"_links":{"self":[{"href":"https:\/\/www.rhythms-of-resistance.org\/pl\/wp-json\/wp\/v2\/pages\/26"}],"collection":[{"href":"https:\/\/www.rhythms-of-resistance.org\/pl\/wp-json\/wp\/v2\/pages"}],"about":[{"href":"https:\/\/www.rhythms-of-resistance.org\/pl\/wp-json\/wp\/v2\/types\/page"}],"author":[{"embeddable":true,"href":"https:\/\/www.rhythms-of-resistance.org\/pl\/wp-json\/wp\/v2\/users\/1"}],"replies":[{"embeddable":true,"href":"https:\/\/www.rhythms-of-resistance.org\/pl\/wp-json\/wp\/v2\/comments?post=26"}],"version-history":[{"count":10,"href":"https:\/\/www.rhythms-of-resistance.org\/pl\/wp-json\/wp\/v2\/pages\/26\/revisions"}],"predecessor-version":[{"id":866,"href":"https:\/\/www.rhythms-of-resistance.org\/pl\/wp-json\/wp\/v2\/pages\/26\/revisions\/866"}],"up":[{"embeddable":true,"href":"https:\/\/www.rhythms-of-resistance.org\/pl\/wp-json\/wp\/v2\/pages\/18"}],"wp:attachment":[{"href":"https:\/\/www.rhythms-of-resistance.org\/pl\/wp-json\/wp\/v2\/media?parent=26"}],"curies":[{"name":"wp","href":"https:\/\/api.w.org\/{rel}","templated":true}]}}