{"id":560,"date":"2019-12-31T15:24:55","date_gmt":"2019-12-31T15:24:55","guid":{"rendered":"https:\/\/www.rhythms-of-resistance.org\/?page_id=560"},"modified":"2021-09-14T08:48:34","modified_gmt":"2021-09-14T08:48:34","slug":"principles","status":"publish","type":"page","link":"https:\/\/www.rhythms-of-resistance.org\/pl\/principles\/","title":{"rendered":"Pryncypia"},"content":{"rendered":"<p><\/p>\n<blockquote><p>Jeste\u015bmy transnarodow\u0105, antyhierarchiczn\u0105, antykapitalistyczn\u0105, antyseksistowsk\u0105 i antyrasistowsk\u0105 sieci\u0105 walcz\u0105c\u0105 o sprawiedliwo\u015b\u0107 spo\u0142eczn\u0105 i ekologiczn\u0105.<\/p>\n<p>Jeste\u015bmy aktywistkami i aktywistami wykorzystuj\u0105cymi taktyczn\u0105 niepowag\u0119 jako form\u0119 dzia\u0142ania politycznego, stawiajac czo\u0142a ka\u017cdemu systemowi dominacji.<\/p>\n<p>Wspieramy bezpo\u015brednio ka\u017cd\u0105 osob\u0119, kt\u00f3ra do\u015bwiadcza lub walczy z wyzyskiem, dyskryminacj\u0105 i uciskiem, nie naruszaj\u0105c przy tym naszych zasad.<\/p>\n<p>Nasza taktyka opiera si\u0119 o b\u0119bnienie i taniec, inspirowane samb\u0105 i karnawa\u0142em.<\/p>\n<p>Odrzucamy fa\u0142szyw\u0105 opozycj\u0119 mi\u0119dzy walcz\u0105cymi i kreatywnymi formami oporu.<\/p>\n<p>Pomimo tego, \u017ce sk\u0142adamy si\u0119 r\u00f3\u017cnych grup i dzia\u0142amy w spos\u00f3b zdecentralizowany, d\u0105\u017cymy do maksymalizacji udzia\u0142u w naszym kolektywnym procesie.<\/p>\n<p>Jeste\u015bmy sieci\u0105 otwart\u0105 dla wszelkich ludzi, kt\u00f3rzy podzielaj\u0105 nasze zasady.<\/p>\n<p>Chod\u017a z nami! Mamy wszystko do wygrania!<\/p><\/blockquote>\n<p><\/p>","protected":false},"excerpt":{"rendered":"<p>Jeste\u015bmy transnarodow\u0105, antyhierarchiczn\u0105, antykapitalistyczn\u0105, antyseksistowsk\u0105 i antyrasistowsk\u0105 sieci\u0105 walcz\u0105c\u0105 o sprawiedliwo\u015b\u0107 spo\u0142eczn\u0105 i ekologiczn\u0105. Jeste\u015bmy aktywistkami i aktywistami wykorzystuj\u0105cymi taktyczn\u0105 niepowag\u0119 jako form\u0119 dzia\u0142ania politycznego, stawiajac czo\u0142a ka\u017cdemu systemowi dominacji. Wspieramy bezpo\u015brednio ka\u017cd\u0105 osob\u0119, kt\u00f3ra do\u015bwiadcza lub walczy z wyzyskiem, dyskryminacj\u0105 i uciskiem, nie naruszaj\u0105c przy tym naszych zasad. Nasza taktyka opiera si\u0119 o b\u0119bnienie &hellip; <a href=\"https:\/\/www.rhythms-of-resistance.org\/pl\/principles\/\" class=\"more-link\">Czytaj dalej<span class=\"screen-reader-text\"> \u201ePryncypia\u201d<\/span><\/a><\/p>\n","protected":false},"author":1,"featured_media":0,"parent":0,"menu_order":0,"comment_status":"closed","ping_status":"closed","template":"","meta":{"footnotes":""},"class_list":["post-560","page","type-page","status-publish","hentry"],"_links":{"self":[{"href":"https:\/\/www.rhythms-of-resistance.org\/pl\/wp-json\/wp\/v2\/pages\/560"}],"collection":[{"href":"https:\/\/www.rhythms-of-resistance.org\/pl\/wp-json\/wp\/v2\/pages"}],"about":[{"href":"https:\/\/www.rhythms-of-resistance.org\/pl\/wp-json\/wp\/v2\/types\/page"}],"author":[{"embeddable":true,"href":"https:\/\/www.rhythms-of-resistance.org\/pl\/wp-json\/wp\/v2\/users\/1"}],"replies":[{"embeddable":true,"href":"https:\/\/www.rhythms-of-resistance.org\/pl\/wp-json\/wp\/v2\/comments?post=560"}],"version-history":[{"count":10,"href":"https:\/\/www.rhythms-of-resistance.org\/pl\/wp-json\/wp\/v2\/pages\/560\/revisions"}],"predecessor-version":[{"id":830,"href":"https:\/\/www.rhythms-of-resistance.org\/pl\/wp-json\/wp\/v2\/pages\/560\/revisions\/830"}],"wp:attachment":[{"href":"https:\/\/www.rhythms-of-resistance.org\/pl\/wp-json\/wp\/v2\/media?parent=560"}],"curies":[{"name":"wp","href":"https:\/\/api.w.org\/{rel}","templated":true}]}}