{"id":853,"date":"2021-10-10T01:40:34","date_gmt":"2021-10-10T01:40:34","guid":{"rendered":"https:\/\/www.rhythms-of-resistance.org\/?page_id=853"},"modified":"2025-04-03T15:55:00","modified_gmt":"2025-04-03T15:55:00","slug":"history","status":"publish","type":"page","link":"https:\/\/www.rhythms-of-resistance.org\/pl\/about-us\/history\/","title":{"rendered":"Historia"},"content":{"rendered":"<p>Rhythms of Resistance (RoR, pol. Rytmy Oporu) s\u0105 inspirowane grupami \u201eblocos-afros\u201d(np. Olodum, Il\u00ea Aiy\u00ea), kt\u00f3re powstawa\u0142y w po\u0142owie lat 70. w brazylijskim mie\u015bcie Salvador w stanie Bahia. By\u0142y one form\u0105 ekspresji samo\u015bwiadomo\u015bci os\u00f3b czarnosk\u00f3rych i wyra\u017ca\u0142y op\u00f3r wobec wojskowej dyktatury, dla kt\u00f3rej ka\u017cda grupa \u201ckulturowa\u201d by\u0142a zagro\u017ceniem jako potencjalne \u017ar\u00f3d\u0142o my\u015bli \u201ckomunistycznej\u201d, co skutkowa\u0142o t\u0142umieniem lokalnych aktywno\u015bci i represjami. Zespo\u0142y blocos-afros, mieszaj\u0105c tradycyjne rytmy samby z sals\u0105, reggae i mereng\u0105 stworzy\u0142y styl znany dzi\u015b jako Samba Reggae. Do dzi\u015b wiele z tych zespo\u0142\u00f3w dzia\u0142a na rzecz promowania idei wolno\u015bci, zwracaj\u0105c uwag\u0119 na kwestie praw cz\u0142owieka, domagaj\u0105c si\u0119 r\u00f3wnych szans i walcz\u0105c z niesprawiedliwo\u015bci\u0105 spo\u0142eczn\u0105 oraz rasizmem.<\/p>\n<p>Pierwszy zesp\u00f3\u0142 Rhythms of Resistance powsta\u0142 w Londynie w 2000 r., w reakcji na represje policji wobec aktywist\u00f3w ruchu Reclaim The Streets (pol. Odzyskajmy Ulice). Grupa Rhythms of Resitance zosta\u0142a uformowana jako cz\u0119\u015b\u0107 brytyjskiego ruchu Earth First i bra\u0142a udzia\u0142 w akcji skierowanej przeciw szczytowi Mi\u0119dzynarodowego Funduszu Walutowego i Banku \u015awiatowego w Pradze we wrze\u015bniu 2000 r. R\u00f3\u017cowo-srebrna frakcja karnawa\u0142owa, skupiona wok\u00f3\u0142 zespo\u0142u z\u0142o\u017conego z 55 instrument\u00f3w od\u0142\u0105czy\u0142a si\u0119 od ponad sze\u015b\u0107dziesi\u0119ciotysi\u0119cznej demonstracji, dzi\u0119ki czemu przechytrzono oddzia\u0142y policji broni\u0105ce zjazd MFW i B\u015a. Razem z mi\u0119dzynarodowym \u201cczarnym blokiem\u201d i z du\u017cym wsparciem w\u0142oskiego ruchu \u201cYa Basta\u201d, uda\u0142o si\u0119 nakierowa\u0107 na wsp\u00f3lny cel trzy r\u00f3\u017cne formy akcji bezpo\u015bredniej, kt\u00f3re w ostateczno\u015bci doprowadzi\u0142y do zako\u0144czenia szczytu w Pradze. Od tego czasu grupy RoR zacz\u0119\u0142y pojawia\u0107 si\u0119 jak grzyby po deszczu i dzi\u015b jeste\u015bmy w ca\u0142ej Europie, a nawet gdzieniegdzie poza ni\u0105.<\/p>\n<p>Obecnie, <a class=\"spip_in\" href=\"https:\/\/www.rhythms-of-resistance.org\/about-us\/bands\/\">zespo\u0142y s\u0105 na ca\u0142ym \u015bwiecie<\/a><\/p>","protected":false},"excerpt":{"rendered":"<p>Rhythms of Resistance (RoR, pol. Rytmy Oporu) s\u0105 inspirowane grupami \u201eblocos-afros\u201d(np. Olodum, Il\u00ea Aiy\u00ea), kt\u00f3re powstawa\u0142y w po\u0142owie lat 70. w brazylijskim mie\u015bcie Salvador w stanie Bahia. By\u0142y one form\u0105 ekspresji samo\u015bwiadomo\u015bci os\u00f3b czarnosk\u00f3rych i wyra\u017ca\u0142y op\u00f3r wobec wojskowej dyktatury, dla kt\u00f3rej ka\u017cda grupa \u201ckulturowa\u201d by\u0142a zagro\u017ceniem jako potencjalne \u017ar\u00f3d\u0142o my\u015bli \u201ckomunistycznej\u201d, co skutkowa\u0142o t\u0142umieniem &hellip; <a href=\"https:\/\/www.rhythms-of-resistance.org\/pl\/about-us\/history\/\" class=\"more-link\">Czytaj dalej<span class=\"screen-reader-text\"> \u201eHistoria\u201d<\/span><\/a><\/p>\n","protected":false},"author":1,"featured_media":0,"parent":18,"menu_order":0,"comment_status":"closed","ping_status":"closed","template":"","meta":{"footnotes":""},"class_list":["post-853","page","type-page","status-publish","hentry"],"_links":{"self":[{"href":"https:\/\/www.rhythms-of-resistance.org\/pl\/wp-json\/wp\/v2\/pages\/853"}],"collection":[{"href":"https:\/\/www.rhythms-of-resistance.org\/pl\/wp-json\/wp\/v2\/pages"}],"about":[{"href":"https:\/\/www.rhythms-of-resistance.org\/pl\/wp-json\/wp\/v2\/types\/page"}],"author":[{"embeddable":true,"href":"https:\/\/www.rhythms-of-resistance.org\/pl\/wp-json\/wp\/v2\/users\/1"}],"replies":[{"embeddable":true,"href":"https:\/\/www.rhythms-of-resistance.org\/pl\/wp-json\/wp\/v2\/comments?post=853"}],"version-history":[{"count":2,"href":"https:\/\/www.rhythms-of-resistance.org\/pl\/wp-json\/wp\/v2\/pages\/853\/revisions"}],"predecessor-version":[{"id":1026,"href":"https:\/\/www.rhythms-of-resistance.org\/pl\/wp-json\/wp\/v2\/pages\/853\/revisions\/1026"}],"up":[{"embeddable":true,"href":"https:\/\/www.rhythms-of-resistance.org\/pl\/wp-json\/wp\/v2\/pages\/18"}],"wp:attachment":[{"href":"https:\/\/www.rhythms-of-resistance.org\/pl\/wp-json\/wp\/v2\/media?parent=853"}],"curies":[{"name":"wp","href":"https:\/\/api.w.org\/{rel}","templated":true}]}}